{"id":17450,"date":"2024-09-20T20:20:46","date_gmt":"2024-09-20T20:20:46","guid":{"rendered":"https:\/\/lawhiskeria.cr\/?post_type=product&#038;p=17450"},"modified":"2025-10-22T21:28:43","modified_gmt":"2025-10-22T21:28:43","slug":"the-glenlivet-caribbean-reserve","status":"publish","type":"product","link":"https:\/\/lawhiskeria.cr\/?product=the-glenlivet-caribbean-reserve","title":{"rendered":"The Glenlivet Caribbean Reserve"},"content":{"rendered":"<p><strong>The Glenlivet siempre ha tenido como objetivo avanzar y no quedarse estancado. Desde la fundaci\u00f3n de la destiler\u00eda en un valle muy remoto en 1824 hasta la continua fijaci\u00f3n de nuevos est\u00e1ndares. Ahora vamos m\u00e1s all\u00e1 de las escarpadas Tierras Altas de Escocia para descubrir nuevas influencias que complementen su estilo suave y afrutado.<\/strong><\/p>\n<p><strong>Para crear este whisky escoc\u00e9s de pura malta, nuestros creadores terminaron de elaborar una parte del whisky en barriles que anteriormente conten\u00edan ron caribe\u00f1o. El resultado es un whisky equilibrado y excepcionalmente suave. Perfecto para disfrutar con un refrescante c\u00f3ctel o solo, tal como a usted le gusta.<\/strong><\/p>\n<p><strong>Madurado en barrica de roble y una porci\u00f3n del whisky terminado selectivamente en barriles que anteriormente conten\u00edan Ron del Caribe.<\/strong><\/p>\n","protected":false},"excerpt":{"rendered":"<p><strong>Glenlivet Caribbean Reserve es una versi\u00f3n tropical del whisky escoc\u00e9s de pura malta. Terminado de forma selectiva en barriles que conten\u00edan ron caribe\u00f1o, se puede disfrutar solo o con un refrescante coctel.<\/strong><\/p>\n<p><strong>Color: \u00c1mbar oscuro.<\/strong><\/p>\n<p><strong>Nariz: Notas de pera y manzana roja se combinan con un fabuloso toque tropical de pl\u00e1tanos maduros en alm\u00edbar.<\/strong><\/p>\n<p><strong>Gusto: Las ricas notas de caramelo toffee son seguidas por mandarina, vainilla y mel\u00f3n dulce.<\/strong><\/p>\n<p><strong>Final: C\u00edtrico y delicado.<\/strong><\/p>\n<p><strong>ABV 40% &#8211; 750 ml.<\/strong><\/p>\n<p><iframe loading=\"lazy\" title=\"YouTube video player\" src=\"https:\/\/www.youtube.com\/embed\/E8K0Se3Dhm0?si=A0gCjUgh1BoD9SgI&amp;start=2460\" width=\"560\" height=\"315\" frameborder=\"0\" allowfullscreen=\"allowfullscreen\"><\/iframe><\/p>\n","protected":false},"featured_media":17451,"comment_status":"open","ping_status":"closed","template":"","meta":[],"product_brand":[],"product_cat":[32,72],"product_tag":[251,252,108],"class_list":{"0":"post-17450","1":"product","2":"type-product","3":"status-publish","4":"has-post-thumbnail","6":"product_cat-whisky","7":"product_cat-single-malt","8":"product_tag-barricas-de-ron","9":"product_tag-ron-caribeno","10":"product_tag-single-malt","12":"first","13":"instock","14":"shipping-taxable","15":"purchasable","16":"product-type-simple"},"_links":{"self":[{"href":"https:\/\/lawhiskeria.cr\/index.php?rest_route=\/wp\/v2\/product\/17450","targetHints":{"allow":["GET"]}}],"collection":[{"href":"https:\/\/lawhiskeria.cr\/index.php?rest_route=\/wp\/v2\/product"}],"about":[{"href":"https:\/\/lawhiskeria.cr\/index.php?rest_route=\/wp\/v2\/types\/product"}],"replies":[{"embeddable":true,"href":"https:\/\/lawhiskeria.cr\/index.php?rest_route=%2Fwp%2Fv2%2Fcomments&post=17450"}],"version-history":[{"count":3,"href":"https:\/\/lawhiskeria.cr\/index.php?rest_route=\/wp\/v2\/product\/17450\/revisions"}],"predecessor-version":[{"id":17787,"href":"https:\/\/lawhiskeria.cr\/index.php?rest_route=\/wp\/v2\/product\/17450\/revisions\/17787"}],"wp:featuredmedia":[{"embeddable":true,"href":"https:\/\/lawhiskeria.cr\/index.php?rest_route=\/wp\/v2\/media\/17451"}],"wp:attachment":[{"href":"https:\/\/lawhiskeria.cr\/index.php?rest_route=%2Fwp%2Fv2%2Fmedia&parent=17450"}],"wp:term":[{"taxonomy":"product_brand","embeddable":true,"href":"https:\/\/lawhiskeria.cr\/index.php?rest_route=%2Fwp%2Fv2%2Fproduct_brand&post=17450"},{"taxonomy":"product_cat","embeddable":true,"href":"https:\/\/lawhiskeria.cr\/index.php?rest_route=%2Fwp%2Fv2%2Fproduct_cat&post=17450"},{"taxonomy":"product_tag","embeddable":true,"href":"https:\/\/lawhiskeria.cr\/index.php?rest_route=%2Fwp%2Fv2%2Fproduct_tag&post=17450"}],"curies":[{"name":"wp","href":"https:\/\/api.w.org\/{rel}","templated":true}]}}