{"id":17447,"date":"2024-09-18T17:08:59","date_gmt":"2024-09-18T17:08:59","guid":{"rendered":"https:\/\/lawhiskeria.cr\/?post_type=product&#038;p=17447"},"modified":"2026-03-24T02:54:18","modified_gmt":"2026-03-24T02:54:18","slug":"dominio-abadesa-roble","status":"publish","type":"product","link":"https:\/\/lawhiskeria.cr\/?product=dominio-abadesa-roble","title":{"rendered":"Dominio Abadesa Roble"},"content":{"rendered":"","protected":false},"excerpt":{"rendered":"<p><strong>Dominio de la Abadesa es la nueva aventura en Ribera del Duero de Bodegas Onta\u00f1\u00f3n, una de las mayores bodegas de La Rioja con m\u00e1s de 30 a\u00f1os de experiencia. Concretamente, sus vi\u00f1edos est\u00e1n localizados en Fuentec\u00e9n, en la provincia de Burgos.<\/strong><\/p>\n<p><strong>Sus or\u00edgenes comienzan con la pasi\u00f3n de una familia por su tierra y su tradici\u00f3n viticultora. Bodegas Onta\u00f1on fundada bajo un \u00e1mbito artesano familiar, cuenta con una larga experiencia en la viticultura Riojana. Dominio de la Abadesa no es s\u00f3lo una bodega, sino toda una filosof\u00eda.<\/strong><\/p>\n<p><strong>Procedencia: Ribera del Duero, Espa\u00f1a.<\/strong><\/p>\n<p><strong>Crianza: 3 meses en barrica de roble americano.<\/strong><\/p>\n<p><strong>Variedad(es): 100% Tinta del Pa\u00eds (Tempranillo).<\/strong><\/p>\n<p><strong>Nariz: Presenta intensos aromas a frutos rojos con notas especiadas y tostados de la madera.<\/strong><\/p>\n<p><strong>Boca: Es amplio, de cuerpo medio, buen equilibrio de fruta y madera con buena amplitud y permanencia.<\/strong><\/p>\n<p><strong>Maridaje: Especialmente recomendado para maridar con quesos curados, platos de cuchara, carnes, caza y embutidos.<\/strong><\/p>\n<p><iframe loading=\"lazy\" title=\"YouTube video player\" src=\"https:\/\/www.youtube.com\/embed\/1hAPTh4636c?si=ON2Z44JeaZVZ1OU8&amp;start=2278\" width=\"560\" height=\"315\" frameborder=\"0\" allowfullscreen=\"allowfullscreen\"><\/iframe><\/p>\n","protected":false},"featured_media":17443,"comment_status":"open","ping_status":"closed","template":"","meta":[],"product_brand":[],"product_cat":[420,29],"product_tag":[249,162,149],"class_list":{"0":"post-17447","1":"product","2":"type-product","3":"status-publish","4":"has-post-thumbnail","6":"product_cat-tinto","7":"product_cat-vinos","8":"product_tag-ribera-del-duero","9":"product_tag-tempranillo","10":"product_tag-vino-espanol","12":"first","13":"instock","14":"shipping-taxable","15":"purchasable","16":"product-type-simple"},"_links":{"self":[{"href":"https:\/\/lawhiskeria.cr\/index.php?rest_route=\/wp\/v2\/product\/17447","targetHints":{"allow":["GET"]}}],"collection":[{"href":"https:\/\/lawhiskeria.cr\/index.php?rest_route=\/wp\/v2\/product"}],"about":[{"href":"https:\/\/lawhiskeria.cr\/index.php?rest_route=\/wp\/v2\/types\/product"}],"replies":[{"embeddable":true,"href":"https:\/\/lawhiskeria.cr\/index.php?rest_route=%2Fwp%2Fv2%2Fcomments&post=17447"}],"version-history":[{"count":3,"href":"https:\/\/lawhiskeria.cr\/index.php?rest_route=\/wp\/v2\/product\/17447\/revisions"}],"predecessor-version":[{"id":17673,"href":"https:\/\/lawhiskeria.cr\/index.php?rest_route=\/wp\/v2\/product\/17447\/revisions\/17673"}],"wp:featuredmedia":[{"embeddable":true,"href":"https:\/\/lawhiskeria.cr\/index.php?rest_route=\/wp\/v2\/media\/17443"}],"wp:attachment":[{"href":"https:\/\/lawhiskeria.cr\/index.php?rest_route=%2Fwp%2Fv2%2Fmedia&parent=17447"}],"wp:term":[{"taxonomy":"product_brand","embeddable":true,"href":"https:\/\/lawhiskeria.cr\/index.php?rest_route=%2Fwp%2Fv2%2Fproduct_brand&post=17447"},{"taxonomy":"product_cat","embeddable":true,"href":"https:\/\/lawhiskeria.cr\/index.php?rest_route=%2Fwp%2Fv2%2Fproduct_cat&post=17447"},{"taxonomy":"product_tag","embeddable":true,"href":"https:\/\/lawhiskeria.cr\/index.php?rest_route=%2Fwp%2Fv2%2Fproduct_tag&post=17447"}],"curies":[{"name":"wp","href":"https:\/\/api.w.org\/{rel}","templated":true}]}}