{"id":17445,"date":"2024-09-18T17:05:03","date_gmt":"2024-09-18T17:05:03","guid":{"rendered":"https:\/\/lawhiskeria.cr\/?post_type=product&#038;p=17445"},"modified":"2026-03-24T02:49:35","modified_gmt":"2026-03-24T02:49:35","slug":"dominio-abadesa-crianza","status":"publish","type":"product","link":"https:\/\/lawhiskeria.cr\/?product=dominio-abadesa-crianza","title":{"rendered":"Dominio Abadesa Crianza"},"content":{"rendered":"","protected":false},"excerpt":{"rendered":"<p><strong>Es una muestra clara del respeto al equilibrio fruta-madera que caracteriza a la Bodega.<\/strong><\/p>\n<p><strong>Elaborado con nuestras mejores uvas, seleccionadas de los mejores pagos ubicados por encima de los 800 metros de altitud y asentados en suelos poco f\u00e9rtiles y minerales; en los que las diferencias t\u00e9rmicas entre el d\u00eda y la noche en per\u00edodo estival hacen que se lleve a cabo una lenta maduraci\u00f3n de la uva, aportando una alta concentraci\u00f3n de color y tanino.<\/strong><\/p>\n<p><strong>Procedencia: Ribera del Duero, Espa\u00f1a.<\/strong><\/p>\n<p><strong>Crianza de 12 meses en barricas de roble americano y franc\u00e9s y otros 10 meses en botella.<\/strong><\/p>\n<p><strong>Variedad(es): 100% Tempranillo.<\/strong><\/p>\n<p><strong>Nariz: Intenso y de gran complejidad, en el que conviven aromas de frutas negras muy maduras en armon\u00eda con aromas torrefactos, notas de cacaos, bals\u00e1micos y minerales aportados por su crianza en barricas.<\/strong><\/p>\n<p><strong>Boca: Es un vino redondo en boca, con paso generoso y final potente y largo.<\/strong><\/p>\n<p><strong>Maridaje: Perfecto para consumir con carnes.<\/strong><\/p>\n<p><iframe loading=\"lazy\" title=\"YouTube video player\" src=\"https:\/\/www.youtube.com\/embed\/1hAPTh4636c?si=pgLCbdUNEqN4yLxF&amp;start=3158\" width=\"560\" height=\"315\" frameborder=\"0\" allowfullscreen=\"allowfullscreen\"><\/iframe><\/p>\n","protected":false},"featured_media":17441,"comment_status":"open","ping_status":"closed","template":"","meta":[],"product_brand":[],"product_cat":[420,29],"product_tag":[220,249,162,149],"class_list":{"0":"post-17445","1":"product","2":"type-product","3":"status-publish","4":"has-post-thumbnail","6":"product_cat-tinto","7":"product_cat-vinos","8":"product_tag-crianza","9":"product_tag-ribera-del-duero","10":"product_tag-tempranillo","11":"product_tag-vino-espanol","13":"first","14":"instock","15":"shipping-taxable","16":"purchasable","17":"product-type-simple"},"_links":{"self":[{"href":"https:\/\/lawhiskeria.cr\/index.php?rest_route=\/wp\/v2\/product\/17445","targetHints":{"allow":["GET"]}}],"collection":[{"href":"https:\/\/lawhiskeria.cr\/index.php?rest_route=\/wp\/v2\/product"}],"about":[{"href":"https:\/\/lawhiskeria.cr\/index.php?rest_route=\/wp\/v2\/types\/product"}],"replies":[{"embeddable":true,"href":"https:\/\/lawhiskeria.cr\/index.php?rest_route=%2Fwp%2Fv2%2Fcomments&post=17445"}],"version-history":[{"count":4,"href":"https:\/\/lawhiskeria.cr\/index.php?rest_route=\/wp\/v2\/product\/17445\/revisions"}],"predecessor-version":[{"id":17674,"href":"https:\/\/lawhiskeria.cr\/index.php?rest_route=\/wp\/v2\/product\/17445\/revisions\/17674"}],"wp:featuredmedia":[{"embeddable":true,"href":"https:\/\/lawhiskeria.cr\/index.php?rest_route=\/wp\/v2\/media\/17441"}],"wp:attachment":[{"href":"https:\/\/lawhiskeria.cr\/index.php?rest_route=%2Fwp%2Fv2%2Fmedia&parent=17445"}],"wp:term":[{"taxonomy":"product_brand","embeddable":true,"href":"https:\/\/lawhiskeria.cr\/index.php?rest_route=%2Fwp%2Fv2%2Fproduct_brand&post=17445"},{"taxonomy":"product_cat","embeddable":true,"href":"https:\/\/lawhiskeria.cr\/index.php?rest_route=%2Fwp%2Fv2%2Fproduct_cat&post=17445"},{"taxonomy":"product_tag","embeddable":true,"href":"https:\/\/lawhiskeria.cr\/index.php?rest_route=%2Fwp%2Fv2%2Fproduct_tag&post=17445"}],"curies":[{"name":"wp","href":"https:\/\/api.w.org\/{rel}","templated":true}]}}