{"id":17421,"date":"2024-09-10T22:45:25","date_gmt":"2024-09-10T22:45:25","guid":{"rendered":"https:\/\/lawhiskeria.cr\/?post_type=product&#038;p=17421"},"modified":"2025-10-28T02:43:28","modified_gmt":"2025-10-28T02:43:28","slug":"que-guapo-pinot-grigio-vina-las-perdices","status":"publish","type":"product","link":"https:\/\/lawhiskeria.cr\/?product=que-guapo-pinot-grigio-vina-las-perdices","title":{"rendered":"Qu\u00e9 Guapo Pinot Grigio &#8211; Vi\u00f1a Las Perdices"},"content":{"rendered":"","protected":false},"excerpt":{"rendered":"<p><strong>Qu\u00e9 Guapo Pinot Grigio, Vi\u00f1a las Perdices<\/strong><\/p>\n<p><strong>COMPOSICI\u00d3N VARIETAL: 100% Pinot Grigio de Agrelo, Luj\u00e1n de Cuyo.<\/strong><\/p>\n<p><strong>Pa\u00eds: Argentina.<\/strong><\/p>\n<p><strong>Regi\u00f3n: Agrelo Luj\u00e1n de Cuyo, Mendoza.<\/strong><\/p>\n<p><strong>NOTAS DE CATA<\/strong><\/p>\n<p><strong>Color amarillo verdoso, sutiles aromas c\u00edtricos con matices florales. En boca buen ataque, acidez balanceada y final prolongado.<\/strong><\/p>\n<p><strong>Optimo como aperitivo, ideal para acompa\u00f1ar frutos de mar y primeros platos a base de pescados.<\/strong><\/p>\n<p><strong>Temperatura de consumo: 10-12\u00b0 C<\/strong><\/p>\n<p><strong>Temperatura de servicio: 6 grados.<\/strong><\/p>\n<p><strong>Sugerencia de acompa\u00f1amiento: ceviche de mariscos, ceviche de vegetales y frutas.<\/strong><\/p>\n<p><strong>Capacidad de Guarda: 2 a\u00f1os.<\/strong><\/p>\n","protected":false},"featured_media":17422,"comment_status":"open","ping_status":"closed","template":"","meta":[],"product_brand":[],"product_cat":[421,29],"product_tag":[246,151,159],"class_list":{"0":"post-17421","1":"product","2":"type-product","3":"status-publish","4":"has-post-thumbnail","6":"product_cat-blanco-y-rosado","7":"product_cat-vinos","8":"product_tag-pinot-grigio","9":"product_tag-vino-argentino","10":"product_tag-vino-blanco","12":"first","13":"instock","14":"shipping-taxable","15":"purchasable","16":"product-type-simple"},"_links":{"self":[{"href":"https:\/\/lawhiskeria.cr\/index.php?rest_route=\/wp\/v2\/product\/17421","targetHints":{"allow":["GET"]}}],"collection":[{"href":"https:\/\/lawhiskeria.cr\/index.php?rest_route=\/wp\/v2\/product"}],"about":[{"href":"https:\/\/lawhiskeria.cr\/index.php?rest_route=\/wp\/v2\/types\/product"}],"replies":[{"embeddable":true,"href":"https:\/\/lawhiskeria.cr\/index.php?rest_route=%2Fwp%2Fv2%2Fcomments&post=17421"}],"version-history":[{"count":1,"href":"https:\/\/lawhiskeria.cr\/index.php?rest_route=\/wp\/v2\/product\/17421\/revisions"}],"predecessor-version":[{"id":17423,"href":"https:\/\/lawhiskeria.cr\/index.php?rest_route=\/wp\/v2\/product\/17421\/revisions\/17423"}],"wp:featuredmedia":[{"embeddable":true,"href":"https:\/\/lawhiskeria.cr\/index.php?rest_route=\/wp\/v2\/media\/17422"}],"wp:attachment":[{"href":"https:\/\/lawhiskeria.cr\/index.php?rest_route=%2Fwp%2Fv2%2Fmedia&parent=17421"}],"wp:term":[{"taxonomy":"product_brand","embeddable":true,"href":"https:\/\/lawhiskeria.cr\/index.php?rest_route=%2Fwp%2Fv2%2Fproduct_brand&post=17421"},{"taxonomy":"product_cat","embeddable":true,"href":"https:\/\/lawhiskeria.cr\/index.php?rest_route=%2Fwp%2Fv2%2Fproduct_cat&post=17421"},{"taxonomy":"product_tag","embeddable":true,"href":"https:\/\/lawhiskeria.cr\/index.php?rest_route=%2Fwp%2Fv2%2Fproduct_tag&post=17421"}],"curies":[{"name":"wp","href":"https:\/\/api.w.org\/{rel}","templated":true}]}}