{"id":17418,"date":"2024-09-10T22:42:49","date_gmt":"2024-09-10T22:42:49","guid":{"rendered":"https:\/\/lawhiskeria.cr\/?post_type=product&#038;p=17418"},"modified":"2025-10-28T02:23:15","modified_gmt":"2025-10-28T02:23:15","slug":"partridge-red-blend-vina-las-perdices","status":"publish","type":"product","link":"https:\/\/lawhiskeria.cr\/?product=partridge-red-blend-vina-las-perdices","title":{"rendered":"Partridge Red Blend &#8211; Vi\u00f1a Las Perdices"},"content":{"rendered":"","protected":false},"excerpt":{"rendered":"<p><strong>Partridge Red Blend, Vi\u00f1a Las Perdices <\/strong><\/p>\n<p><strong>Composici\u00f3n Varietal: 50% Malbec \/ 25% Cabernet Sauvignon \/ 25% Merlot<\/strong><\/p>\n<p><strong>Origen: Agrelo, Luj\u00e1n De Cuyo. 1030 MSNM.<\/strong><\/p>\n<p><strong>Crianza: 8 mesees en roble franc\u00e9s<\/strong><\/p>\n<p><strong>Nota de Cata:<\/strong><\/p>\n<p><strong>Color rojo carm\u00edn profundo. Notas a frutas rojas con predominio de ciruelas y moras. Tambi\u00e9n tabaco y caf\u00e9 provenientes de la madera. Complejo, elegante, y muy intenso<\/strong><\/p>\n<p><strong>Capacidad de guarda: 2 a 3 a\u00f1os<\/strong><\/p>\n<p><iframe loading=\"lazy\" title=\"YouTube video player\" src=\"https:\/\/www.youtube.com\/embed\/a9MztG97fBg?si=J45Jw0i2GQqJMsSr&amp;start=3901\" width=\"560\" height=\"315\" frameborder=\"0\" allowfullscreen=\"allowfullscreen\"><\/iframe><\/p>\n","protected":false},"featured_media":17419,"comment_status":"open","ping_status":"closed","template":"","meta":[],"product_brand":[],"product_cat":[420,29],"product_tag":[158,152,168,151,247],"class_list":{"0":"post-17418","1":"product","2":"type-product","3":"status-publish","4":"has-post-thumbnail","6":"product_cat-tinto","7":"product_cat-vinos","8":"product_tag-cabernet-sauvignon","9":"product_tag-malbec","10":"product_tag-merlot","11":"product_tag-vino-argentino","12":"product_tag-vino-tinto","14":"first","15":"instock","16":"shipping-taxable","17":"purchasable","18":"product-type-simple"},"_links":{"self":[{"href":"https:\/\/lawhiskeria.cr\/index.php?rest_route=\/wp\/v2\/product\/17418","targetHints":{"allow":["GET"]}}],"collection":[{"href":"https:\/\/lawhiskeria.cr\/index.php?rest_route=\/wp\/v2\/product"}],"about":[{"href":"https:\/\/lawhiskeria.cr\/index.php?rest_route=\/wp\/v2\/types\/product"}],"replies":[{"embeddable":true,"href":"https:\/\/lawhiskeria.cr\/index.php?rest_route=%2Fwp%2Fv2%2Fcomments&post=17418"}],"version-history":[{"count":4,"href":"https:\/\/lawhiskeria.cr\/index.php?rest_route=\/wp\/v2\/product\/17418\/revisions"}],"predecessor-version":[{"id":19359,"href":"https:\/\/lawhiskeria.cr\/index.php?rest_route=\/wp\/v2\/product\/17418\/revisions\/19359"}],"wp:featuredmedia":[{"embeddable":true,"href":"https:\/\/lawhiskeria.cr\/index.php?rest_route=\/wp\/v2\/media\/17419"}],"wp:attachment":[{"href":"https:\/\/lawhiskeria.cr\/index.php?rest_route=%2Fwp%2Fv2%2Fmedia&parent=17418"}],"wp:term":[{"taxonomy":"product_brand","embeddable":true,"href":"https:\/\/lawhiskeria.cr\/index.php?rest_route=%2Fwp%2Fv2%2Fproduct_brand&post=17418"},{"taxonomy":"product_cat","embeddable":true,"href":"https:\/\/lawhiskeria.cr\/index.php?rest_route=%2Fwp%2Fv2%2Fproduct_cat&post=17418"},{"taxonomy":"product_tag","embeddable":true,"href":"https:\/\/lawhiskeria.cr\/index.php?rest_route=%2Fwp%2Fv2%2Fproduct_tag&post=17418"}],"curies":[{"name":"wp","href":"https:\/\/api.w.org\/{rel}","templated":true}]}}