{"id":17415,"date":"2024-09-10T22:42:01","date_gmt":"2024-09-10T22:42:01","guid":{"rendered":"https:\/\/lawhiskeria.cr\/?post_type=product&#038;p=17415"},"modified":"2025-10-28T02:23:49","modified_gmt":"2025-10-28T02:23:49","slug":"partridge-malbec-vina-las-perdices","status":"publish","type":"product","link":"https:\/\/lawhiskeria.cr\/?product=partridge-malbec-vina-las-perdices","title":{"rendered":"Partridge Malbec &#8211; Vi\u00f1a Las Perdices"},"content":{"rendered":"","protected":false},"excerpt":{"rendered":"<p><strong>Partridge Malbec, Vi\u00f1a Las Perdices <\/strong><\/p>\n<p><strong>Cepas: 100% Malbec<\/strong><\/p>\n<p><strong>Pa\u00eds: Argentina<\/strong><\/p>\n<p><strong>Regi\u00f3n: de Agrelo, Lujan de Cuyo, Mendoza. 1.030 m.s.n.m.<\/strong><\/p>\n<p><strong>Crianza: 8 meses en roble. Roble franc\u00e9s y americano.<\/strong><\/p>\n<p><strong>NOTAS DE CATA<\/strong><\/p>\n<p><strong>Color rojo carm\u00edn profundo. Notas a frutas rojas con predominio de ciruelas y moras. Tambi\u00e9n tabaco y caf\u00e9 provenientes de la madera. Complejo, elegante, y muy intenso.<\/strong><\/p>\n<p><strong>Temperatura de Consumo: 16-18 \u00b0C<\/strong><\/p>\n<p><strong>Capacidad de guarda: 2 a 4 a\u00f1os.<\/strong><\/p>\n<p><iframe loading=\"lazy\" title=\"YouTube video player\" src=\"https:\/\/www.youtube.com\/embed\/a9MztG97fBg?si=_IGU5Acum2CyUhar&amp;start=2831\" width=\"560\" height=\"315\" frameborder=\"0\" allowfullscreen=\"allowfullscreen\"><\/iframe><\/p>\n","protected":false},"featured_media":17416,"comment_status":"open","ping_status":"closed","template":"","meta":[],"product_brand":[],"product_cat":[420,29],"product_tag":[152,151,247],"class_list":{"0":"post-17415","1":"product","2":"type-product","3":"status-publish","4":"has-post-thumbnail","6":"product_cat-tinto","7":"product_cat-vinos","8":"product_tag-malbec","9":"product_tag-vino-argentino","10":"product_tag-vino-tinto","12":"first","13":"instock","14":"shipping-taxable","15":"purchasable","16":"product-type-simple"},"_links":{"self":[{"href":"https:\/\/lawhiskeria.cr\/index.php?rest_route=\/wp\/v2\/product\/17415","targetHints":{"allow":["GET"]}}],"collection":[{"href":"https:\/\/lawhiskeria.cr\/index.php?rest_route=\/wp\/v2\/product"}],"about":[{"href":"https:\/\/lawhiskeria.cr\/index.php?rest_route=\/wp\/v2\/types\/product"}],"replies":[{"embeddable":true,"href":"https:\/\/lawhiskeria.cr\/index.php?rest_route=%2Fwp%2Fv2%2Fcomments&post=17415"}],"version-history":[{"count":3,"href":"https:\/\/lawhiskeria.cr\/index.php?rest_route=\/wp\/v2\/product\/17415\/revisions"}],"predecessor-version":[{"id":19360,"href":"https:\/\/lawhiskeria.cr\/index.php?rest_route=\/wp\/v2\/product\/17415\/revisions\/19360"}],"wp:featuredmedia":[{"embeddable":true,"href":"https:\/\/lawhiskeria.cr\/index.php?rest_route=\/wp\/v2\/media\/17416"}],"wp:attachment":[{"href":"https:\/\/lawhiskeria.cr\/index.php?rest_route=%2Fwp%2Fv2%2Fmedia&parent=17415"}],"wp:term":[{"taxonomy":"product_brand","embeddable":true,"href":"https:\/\/lawhiskeria.cr\/index.php?rest_route=%2Fwp%2Fv2%2Fproduct_brand&post=17415"},{"taxonomy":"product_cat","embeddable":true,"href":"https:\/\/lawhiskeria.cr\/index.php?rest_route=%2Fwp%2Fv2%2Fproduct_cat&post=17415"},{"taxonomy":"product_tag","embeddable":true,"href":"https:\/\/lawhiskeria.cr\/index.php?rest_route=%2Fwp%2Fv2%2Fproduct_tag&post=17415"}],"curies":[{"name":"wp","href":"https:\/\/api.w.org\/{rel}","templated":true}]}}