{"id":17409,"date":"2024-09-10T22:31:11","date_gmt":"2024-09-10T22:31:11","guid":{"rendered":"https:\/\/lawhiskeria.cr\/?post_type=product&#038;p=17409"},"modified":"2025-10-28T02:26:15","modified_gmt":"2025-10-28T02:26:15","slug":"perdices-pinot-grigio","status":"publish","type":"product","link":"https:\/\/lawhiskeria.cr\/?product=perdices-pinot-grigio","title":{"rendered":"Las Perdices Pinot Grigio"},"content":{"rendered":"","protected":false},"excerpt":{"rendered":"<p><strong>Perdices Pinot Grigio &#8211; Vi\u00f1a las Perdices<\/strong><\/p>\n<p><strong>Cepa: 100% Pinot Grigio.<\/strong><\/p>\n<p><strong>Pa\u00eds: Argentina.<\/strong><\/p>\n<p><strong>Regi\u00f3n: Vi\u00f1edo: Agrelo, Luj\u00e1n de Cuyo.<\/strong><\/p>\n<p><strong>Nota de Cata: Color amarillo verdoso, sutiles aromas c\u00edtricos con matices florales. En boca buen ataque, acidez balanceada y final prolongado.<\/strong><\/p>\n<p><strong>Temperatura de consumo: 6 a 8 grados.<\/strong><\/p>\n<p><strong>Sugerencia de acompa\u00f1amiento: \u00d3ptimo como aperitivo, ideal para acompa\u00f1ar frutos de mar y primeros platos a base de pescado.<\/strong><\/p>\n<p><strong>Capacidad de guarda: 2 a 3 a\u00f1os.<\/strong><\/p>\n","protected":false},"featured_media":17410,"comment_status":"open","ping_status":"closed","template":"","meta":[],"product_brand":[],"product_cat":[421,29],"product_tag":[246,151,159],"class_list":{"0":"post-17409","1":"product","2":"type-product","3":"status-publish","4":"has-post-thumbnail","6":"product_cat-blanco-y-rosado","7":"product_cat-vinos","8":"product_tag-pinot-grigio","9":"product_tag-vino-argentino","10":"product_tag-vino-blanco","12":"first","13":"instock","14":"shipping-taxable","15":"purchasable","16":"product-type-simple"},"_links":{"self":[{"href":"https:\/\/lawhiskeria.cr\/index.php?rest_route=\/wp\/v2\/product\/17409","targetHints":{"allow":["GET"]}}],"collection":[{"href":"https:\/\/lawhiskeria.cr\/index.php?rest_route=\/wp\/v2\/product"}],"about":[{"href":"https:\/\/lawhiskeria.cr\/index.php?rest_route=\/wp\/v2\/types\/product"}],"replies":[{"embeddable":true,"href":"https:\/\/lawhiskeria.cr\/index.php?rest_route=%2Fwp%2Fv2%2Fcomments&post=17409"}],"version-history":[{"count":2,"href":"https:\/\/lawhiskeria.cr\/index.php?rest_route=\/wp\/v2\/product\/17409\/revisions"}],"predecessor-version":[{"id":19362,"href":"https:\/\/lawhiskeria.cr\/index.php?rest_route=\/wp\/v2\/product\/17409\/revisions\/19362"}],"wp:featuredmedia":[{"embeddable":true,"href":"https:\/\/lawhiskeria.cr\/index.php?rest_route=\/wp\/v2\/media\/17410"}],"wp:attachment":[{"href":"https:\/\/lawhiskeria.cr\/index.php?rest_route=%2Fwp%2Fv2%2Fmedia&parent=17409"}],"wp:term":[{"taxonomy":"product_brand","embeddable":true,"href":"https:\/\/lawhiskeria.cr\/index.php?rest_route=%2Fwp%2Fv2%2Fproduct_brand&post=17409"},{"taxonomy":"product_cat","embeddable":true,"href":"https:\/\/lawhiskeria.cr\/index.php?rest_route=%2Fwp%2Fv2%2Fproduct_cat&post=17409"},{"taxonomy":"product_tag","embeddable":true,"href":"https:\/\/lawhiskeria.cr\/index.php?rest_route=%2Fwp%2Fv2%2Fproduct_tag&post=17409"}],"curies":[{"name":"wp","href":"https:\/\/api.w.org\/{rel}","templated":true}]}}