{"id":17290,"date":"2024-08-10T18:32:12","date_gmt":"2024-08-10T18:32:12","guid":{"rendered":"https:\/\/lawhiskeria.cr\/?post_type=product&#038;p=17290"},"modified":"2025-11-09T23:19:12","modified_gmt":"2025-11-09T23:19:12","slug":"ron-appleton-estate-12-anos-rare-casks","status":"publish","type":"product","link":"https:\/\/lawhiskeria.cr\/?product=ron-appleton-estate-12-anos-rare-casks","title":{"rendered":"Ron Appleton Estate 12 a\u00f1os Rare Casks"},"content":{"rendered":"","protected":false},"excerpt":{"rendered":"<p><strong>Queda demostrado que la artesan\u00eda y el talento necesitan otro ingrediente m\u00e1s para lograr la excelencia: Joy. <\/strong><\/p>\n<p><strong>Esta presentaci\u00f3n es una verdadera manifestaci\u00f3n de la pasi\u00f3n de nuestra M\u00e1ster Blender Joy Spence. Es una mezcla de rones \u00fanicos, seleccionados a mano, destilados en alambiques y columnas con agua filtrada naturalmente en piedra caliza, todos a\u00f1ejados durante un m\u00ednimo de 12 a\u00f1os en el clima tropical de Jamaica.<\/strong><\/p>\n<p><strong>Color bronce intenso con un halo miel dorado por el a\u00f1ejamiento y reflejos de caoba. \u201cTiene los reflejos del Sol de Jamaica sobre el Valle de Nassau\u201d.<\/strong><\/p>\n<p><strong>Notas de roble tostado, frutos secos, avellana, cacao oscuro, melaza, cascara de naranja, vainilla y toques de caf\u00e9.<\/strong><\/p>\n<p><strong>ABV 43% &#8211; 75 ml.<\/strong><\/p>\n<p><strong>Es perfecto para degustarlo puro o en cocteles.<\/strong><\/p>\n<p><strong>Doble Medalla de Oro 2020 &#8211; NY International Spirits Competition.<\/strong><\/p>\n<p><strong>94 pts. Excelencia y alta recomendaci\u00f3n 2019 \u2013 Ultimate Spirits Challenge.<\/strong><\/p>\n","protected":false},"featured_media":17291,"comment_status":"open","ping_status":"closed","template":"","meta":[],"product_brand":[],"product_cat":[427,20],"product_tag":[238,145,239],"class_list":{"0":"post-17290","1":"product","2":"type-product","3":"status-publish","4":"has-post-thumbnail","6":"product_cat-ron","7":"product_cat-lpremium","8":"product_tag-jamaica-rum","9":"product_tag-ron","10":"product_tag-ron-12-anos","12":"first","13":"instock","14":"shipping-taxable","15":"purchasable","16":"product-type-simple"},"_links":{"self":[{"href":"https:\/\/lawhiskeria.cr\/index.php?rest_route=\/wp\/v2\/product\/17290","targetHints":{"allow":["GET"]}}],"collection":[{"href":"https:\/\/lawhiskeria.cr\/index.php?rest_route=\/wp\/v2\/product"}],"about":[{"href":"https:\/\/lawhiskeria.cr\/index.php?rest_route=\/wp\/v2\/types\/product"}],"replies":[{"embeddable":true,"href":"https:\/\/lawhiskeria.cr\/index.php?rest_route=%2Fwp%2Fv2%2Fcomments&post=17290"}],"version-history":[{"count":1,"href":"https:\/\/lawhiskeria.cr\/index.php?rest_route=\/wp\/v2\/product\/17290\/revisions"}],"predecessor-version":[{"id":17292,"href":"https:\/\/lawhiskeria.cr\/index.php?rest_route=\/wp\/v2\/product\/17290\/revisions\/17292"}],"wp:featuredmedia":[{"embeddable":true,"href":"https:\/\/lawhiskeria.cr\/index.php?rest_route=\/wp\/v2\/media\/17291"}],"wp:attachment":[{"href":"https:\/\/lawhiskeria.cr\/index.php?rest_route=%2Fwp%2Fv2%2Fmedia&parent=17290"}],"wp:term":[{"taxonomy":"product_brand","embeddable":true,"href":"https:\/\/lawhiskeria.cr\/index.php?rest_route=%2Fwp%2Fv2%2Fproduct_brand&post=17290"},{"taxonomy":"product_cat","embeddable":true,"href":"https:\/\/lawhiskeria.cr\/index.php?rest_route=%2Fwp%2Fv2%2Fproduct_cat&post=17290"},{"taxonomy":"product_tag","embeddable":true,"href":"https:\/\/lawhiskeria.cr\/index.php?rest_route=%2Fwp%2Fv2%2Fproduct_tag&post=17290"}],"curies":[{"name":"wp","href":"https:\/\/api.w.org\/{rel}","templated":true}]}}