{"id":17269,"date":"2024-08-07T23:17:56","date_gmt":"2024-08-07T23:17:56","guid":{"rendered":"https:\/\/lawhiskeria.cr\/?post_type=product&#038;p=17269"},"modified":"2025-10-28T03:03:06","modified_gmt":"2025-10-28T03:03:06","slug":"veramonte-red-blend","status":"publish","type":"product","link":"https:\/\/lawhiskeria.cr\/?product=veramonte-red-blend","title":{"rendered":"Veramonte Reserva Red Blend"},"content":{"rendered":"","protected":false},"excerpt":{"rendered":"<p><strong>S U AV E. D E L I C I O S O. A T E R C I O P E LA D O.<\/strong><\/p>\n<p><strong>DENOMINACION DE ORIGEN: VALLE CENTRAL<\/strong><\/p>\n<p><strong>Veramonte Red Blend proviene de nuestras 3 propiedades en Chile; el clima frio y la cercan\u00eda al mar de nuestro vi\u00f1edo en Casablanca, entrega frescor y brillante acidez, mientras que nuestros campos en Apalta y Marchig\u00fce en el valle de Colchagua proporcionan textura y volumen.<\/strong><\/p>\n<p><strong>COSECHA:<\/strong><\/p>\n<p><strong>La vendimia entreg\u00f3 gran calidad de fruta debido a las condiciones propicias del clima mediterr\u00e1neo y la amplitud t\u00e9rmica diaria. Una lenta maduraci\u00f3n permiti\u00f3 mantener el frescor, sabor, aromas y elegante acidez de las uvas.<\/strong><\/p>\n<p><strong>EL VINO:<\/strong><\/p>\n<p><strong>Atractivos aromas a higos, ciruelas y moras se mezclan con notas a nuez moscada, vainilla y pimienta. Este delicioso ensamblaje es denso y aterciopelado, con sabores a cereza madura, ar\u00e1ndanos y un elegante toque a especias.<\/strong><\/p>\n<p><strong>NOTAS DEL ENOLOGO:<\/strong><\/p>\n<p><strong>Para esta mezcla combinamos distintas unas de nuestros vi\u00f1edos. El Cabernet Sauvignon y Syrah de Apalta, aportan estructura y notas a higo, mora y grosella negra, mientras que el Merlot de Casablanca, entrega brillantes notas a cereza y frambuesa. El Carmenere y Cabernet Franc de Marchig\u00fce completan esta mezcla aportando redondez y especias. Para crear una perfecta combinaci\u00f3n, las diversas variedades se co-fermentan con levaduras nativas, entregando singularidad y m\u00faltiples capas de aromas y sabores.<\/strong><\/p>\n<p><strong>ABV 13.5%<\/strong><\/p>\n<p><strong>Guarda: 8 meses en barricas de roble franc\u00e9s, 3O% nuevas.<\/strong><\/p>\n","protected":false},"featured_media":17258,"comment_status":"open","ping_status":"closed","template":"","meta":[],"product_brand":[],"product_cat":[420,29],"product_tag":[153,160,158,157,169],"class_list":{"0":"post-17269","1":"product","2":"type-product","3":"status-publish","4":"has-post-thumbnail","6":"product_cat-tinto","7":"product_cat-vinos","8":"product_tag-blend","9":"product_tag-cabernet-franc","10":"product_tag-cabernet-sauvignon","11":"product_tag-carmenere","12":"product_tag-syrah","14":"first","15":"instock","16":"shipping-taxable","17":"purchasable","18":"product-type-simple"},"_links":{"self":[{"href":"https:\/\/lawhiskeria.cr\/index.php?rest_route=\/wp\/v2\/product\/17269","targetHints":{"allow":["GET"]}}],"collection":[{"href":"https:\/\/lawhiskeria.cr\/index.php?rest_route=\/wp\/v2\/product"}],"about":[{"href":"https:\/\/lawhiskeria.cr\/index.php?rest_route=\/wp\/v2\/types\/product"}],"replies":[{"embeddable":true,"href":"https:\/\/lawhiskeria.cr\/index.php?rest_route=%2Fwp%2Fv2%2Fcomments&post=17269"}],"version-history":[{"count":3,"href":"https:\/\/lawhiskeria.cr\/index.php?rest_route=\/wp\/v2\/product\/17269\/revisions"}],"predecessor-version":[{"id":17730,"href":"https:\/\/lawhiskeria.cr\/index.php?rest_route=\/wp\/v2\/product\/17269\/revisions\/17730"}],"wp:featuredmedia":[{"embeddable":true,"href":"https:\/\/lawhiskeria.cr\/index.php?rest_route=\/wp\/v2\/media\/17258"}],"wp:attachment":[{"href":"https:\/\/lawhiskeria.cr\/index.php?rest_route=%2Fwp%2Fv2%2Fmedia&parent=17269"}],"wp:term":[{"taxonomy":"product_brand","embeddable":true,"href":"https:\/\/lawhiskeria.cr\/index.php?rest_route=%2Fwp%2Fv2%2Fproduct_brand&post=17269"},{"taxonomy":"product_cat","embeddable":true,"href":"https:\/\/lawhiskeria.cr\/index.php?rest_route=%2Fwp%2Fv2%2Fproduct_cat&post=17269"},{"taxonomy":"product_tag","embeddable":true,"href":"https:\/\/lawhiskeria.cr\/index.php?rest_route=%2Fwp%2Fv2%2Fproduct_tag&post=17269"}],"curies":[{"name":"wp","href":"https:\/\/api.w.org\/{rel}","templated":true}]}}