{"id":17267,"date":"2024-08-07T22:51:41","date_gmt":"2024-08-07T22:51:41","guid":{"rendered":"https:\/\/lawhiskeria.cr\/?post_type=product&#038;p=17267"},"modified":"2025-10-28T03:04:10","modified_gmt":"2025-10-28T03:04:10","slug":"veramonte-sauvignon-blanc","status":"publish","type":"product","link":"https:\/\/lawhiskeria.cr\/?product=veramonte-sauvignon-blanc","title":{"rendered":"Veramonte Reserva Sauvignon Blanc"},"content":{"rendered":"","protected":false},"excerpt":{"rendered":"<p><strong>VINO ORG\u00c1NICO<\/strong><\/p>\n<p><strong>VALLE DE CASABLANCA<\/strong><\/p>\n<p><strong>VIBRANTE \u2022 FRESCO \u2022 AROM\u00c1TICO<\/strong><\/p>\n<p><strong>Vibrante y arom\u00e1tico, con aromas c\u00edtricos de lima y mandarina, que se mezclan con sutiles notas perfumadas y florales. Suave y fresco, este Sauvignon Blanc presenta un buen volumen en boca y largo final.<\/strong><\/p>\n<p><strong>COMPOSICI\u00d3N 100% Sauvignon Blanc<\/strong><\/p>\n<p><strong>NOTAS DEL EN\u00d3LOGO<\/strong><\/p>\n<p><strong>Las uvas se cosechan durante la noche para mantener su frescor y acidez. Se prensan inmediatamente y se deja decantar el jugo por 24 horas. Se trasiega y separa de las borras, tras lo cual se fermenta a baja temperatura en estanques de acero inoxidable, preservando sus aromas y frescor en boca.<\/strong><\/p>\n<p><strong>COSECHA 2020<\/strong><\/p>\n<p><strong>Un a\u00f1o que, sin duda, present\u00f3 desaf\u00edos principalmente por las altas temperaturas del verano y las bajas precipitaciones durante el invierno. Lo anterior, fue la principal raz\u00f3n para que la vendimia comenzara varias semanas antes de lo habitual. Como siempre la primera variedad en cosecharse fue el Sauvignon Blanc, que gracias a la anticipaci\u00f3n se pudo preservar su acidez natural. Una vendimia de menores rendimientos, con uvas muy arom\u00e1ticas, expresivas y frescas, las que sin duda imprimieron su car\u00e1cter en un vino fresco, de buen volumen, balanceado y con largo final.<\/strong><\/p>\n<p><strong>Temperatura de servicio: 10\u00baC &#8211; 50\u00baF<\/strong><\/p>\n<p><strong>Maridaje: Sashimi de salm\u00f3n.<\/strong><\/p>\n<p><strong>PH 3,13<\/strong><\/p>\n<p><strong>ALCOHOL 13.5%<\/strong><\/p>\n<p><strong>ACIDEZ 6,45 G\/L<\/strong><\/p>\n<p><strong>AZ\u00daCAR RESIDUAL 1,44 G\/L<\/strong><\/p>\n","protected":false},"featured_media":17259,"comment_status":"open","ping_status":"closed","template":"","meta":[],"product_brand":[],"product_cat":[421,29],"product_tag":[170,159,156],"class_list":{"0":"post-17267","1":"product","2":"type-product","3":"status-publish","4":"has-post-thumbnail","6":"product_cat-blanco-y-rosado","7":"product_cat-vinos","8":"product_tag-sauvignon-blanc","9":"product_tag-vino-blanco","10":"product_tag-vino-chileno","12":"first","13":"instock","14":"shipping-taxable","15":"purchasable","16":"product-type-simple"},"_links":{"self":[{"href":"https:\/\/lawhiskeria.cr\/index.php?rest_route=\/wp\/v2\/product\/17267","targetHints":{"allow":["GET"]}}],"collection":[{"href":"https:\/\/lawhiskeria.cr\/index.php?rest_route=\/wp\/v2\/product"}],"about":[{"href":"https:\/\/lawhiskeria.cr\/index.php?rest_route=\/wp\/v2\/types\/product"}],"replies":[{"embeddable":true,"href":"https:\/\/lawhiskeria.cr\/index.php?rest_route=%2Fwp%2Fv2%2Fcomments&post=17267"}],"version-history":[{"count":2,"href":"https:\/\/lawhiskeria.cr\/index.php?rest_route=\/wp\/v2\/product\/17267\/revisions"}],"predecessor-version":[{"id":17274,"href":"https:\/\/lawhiskeria.cr\/index.php?rest_route=\/wp\/v2\/product\/17267\/revisions\/17274"}],"wp:featuredmedia":[{"embeddable":true,"href":"https:\/\/lawhiskeria.cr\/index.php?rest_route=\/wp\/v2\/media\/17259"}],"wp:attachment":[{"href":"https:\/\/lawhiskeria.cr\/index.php?rest_route=%2Fwp%2Fv2%2Fmedia&parent=17267"}],"wp:term":[{"taxonomy":"product_brand","embeddable":true,"href":"https:\/\/lawhiskeria.cr\/index.php?rest_route=%2Fwp%2Fv2%2Fproduct_brand&post=17267"},{"taxonomy":"product_cat","embeddable":true,"href":"https:\/\/lawhiskeria.cr\/index.php?rest_route=%2Fwp%2Fv2%2Fproduct_cat&post=17267"},{"taxonomy":"product_tag","embeddable":true,"href":"https:\/\/lawhiskeria.cr\/index.php?rest_route=%2Fwp%2Fv2%2Fproduct_tag&post=17267"}],"curies":[{"name":"wp","href":"https:\/\/api.w.org\/{rel}","templated":true}]}}