{"id":17265,"date":"2024-08-07T22:44:13","date_gmt":"2024-08-07T22:44:13","guid":{"rendered":"https:\/\/lawhiskeria.cr\/?post_type=product&#038;p=17265"},"modified":"2025-10-28T03:04:48","modified_gmt":"2025-10-28T03:04:48","slug":"veramonte-pinot-noir","status":"publish","type":"product","link":"https:\/\/lawhiskeria.cr\/?product=veramonte-pinot-noir","title":{"rendered":"Veramonte Reserva Pinot Noir"},"content":{"rendered":"","protected":false},"excerpt":{"rendered":"<p><strong>VINO ORG\u00c1NICO<\/strong><\/p>\n<p><strong>VALLE DE CASABLANCA<\/strong><\/p>\n<p><strong>FRESCO \u2022 DELICADO \u2022 SEDOSO<\/strong><\/p>\n<p><strong>Expresivos aromas a frambuesa, cereza y frutilla. Un vino delicado y fresco, con taninos equilibrados y un paladar sedoso.<\/strong><\/p>\n<p><strong>COMPOSICI\u00d3N: 100% Pinot Noir<\/strong><\/p>\n<p><strong>NOTAS DEL EN\u00d3LOGO<\/strong><\/p>\n<p><strong>Las uvas son cosechadas durante la noche. Un 15% se macera y fermenta en racimo completo, para darle mayor estructura al vino. Las uvas son fermentadas en estanques abiertos con levaduras nativas, preservando los aromas y sabores naturales de los vi\u00f1edos.<\/strong><\/p>\n<p><strong>COSECHA 2019<\/strong><\/p>\n<p><strong>Una excelente cosecha para el valle de Casablanca. Las temperaturas moderadas durante la primavera y sin lluvias relevantes favoreci\u00f3 a la brotaci\u00f3n y floraci\u00f3n. Durante el verano existieron oscilaciones t\u00e9rmicas amplias lo que benefici\u00f3 la curva de madurez manteniendo la frescura de la fruta de esta zona. La cosecha de adelant\u00f3 10 d\u00edas respecto del a\u00f1o anterior y con rendimientos menores, los que finalmente dieron paso a una intensidad arom\u00e1tica y de sabores, entregando vinos de frescos, intensos, de acidez balanceada y largo final.<\/strong><\/p>\n<p><strong>Temperatura de servicio: 14\u00baC &#8211; 57\u00baF<\/strong><\/p>\n<p><strong>Maridaje: Risotto, Pastas, Palta Reina.<\/strong><\/p>\n<p><strong>Crianza: 8 meses en barricas neutras<\/strong><\/p>\n<p><strong>PH 3,62<\/strong><\/p>\n<p><strong>ALCOHOL 14%<\/strong><\/p>\n<p><strong>ACIDEZ 5,15 G\/L<\/strong><\/p>\n<p><strong>AZ\u00daCAR RESIDUAL 2,03 G\/L<\/strong><\/p>\n","protected":false},"featured_media":17257,"comment_status":"open","ping_status":"closed","template":"","meta":[],"product_brand":[],"product_cat":[420,29],"product_tag":[177,156],"class_list":{"0":"post-17265","1":"product","2":"type-product","3":"status-publish","4":"has-post-thumbnail","6":"product_cat-tinto","7":"product_cat-vinos","8":"product_tag-pinot-noir","9":"product_tag-vino-chileno","11":"first","12":"instock","13":"shipping-taxable","14":"purchasable","15":"product-type-simple"},"_links":{"self":[{"href":"https:\/\/lawhiskeria.cr\/index.php?rest_route=\/wp\/v2\/product\/17265","targetHints":{"allow":["GET"]}}],"collection":[{"href":"https:\/\/lawhiskeria.cr\/index.php?rest_route=\/wp\/v2\/product"}],"about":[{"href":"https:\/\/lawhiskeria.cr\/index.php?rest_route=\/wp\/v2\/types\/product"}],"replies":[{"embeddable":true,"href":"https:\/\/lawhiskeria.cr\/index.php?rest_route=%2Fwp%2Fv2%2Fcomments&post=17265"}],"version-history":[{"count":2,"href":"https:\/\/lawhiskeria.cr\/index.php?rest_route=\/wp\/v2\/product\/17265\/revisions"}],"predecessor-version":[{"id":17279,"href":"https:\/\/lawhiskeria.cr\/index.php?rest_route=\/wp\/v2\/product\/17265\/revisions\/17279"}],"wp:featuredmedia":[{"embeddable":true,"href":"https:\/\/lawhiskeria.cr\/index.php?rest_route=\/wp\/v2\/media\/17257"}],"wp:attachment":[{"href":"https:\/\/lawhiskeria.cr\/index.php?rest_route=%2Fwp%2Fv2%2Fmedia&parent=17265"}],"wp:term":[{"taxonomy":"product_brand","embeddable":true,"href":"https:\/\/lawhiskeria.cr\/index.php?rest_route=%2Fwp%2Fv2%2Fproduct_brand&post=17265"},{"taxonomy":"product_cat","embeddable":true,"href":"https:\/\/lawhiskeria.cr\/index.php?rest_route=%2Fwp%2Fv2%2Fproduct_cat&post=17265"},{"taxonomy":"product_tag","embeddable":true,"href":"https:\/\/lawhiskeria.cr\/index.php?rest_route=%2Fwp%2Fv2%2Fproduct_tag&post=17265"}],"curies":[{"name":"wp","href":"https:\/\/api.w.org\/{rel}","templated":true}]}}