{"id":17263,"date":"2024-08-07T22:43:54","date_gmt":"2024-08-07T22:43:54","guid":{"rendered":"https:\/\/lawhiskeria.cr\/?post_type=product&#038;p=17263"},"modified":"2025-10-28T03:05:38","modified_gmt":"2025-10-28T03:05:38","slug":"veramonte-carmenere","status":"publish","type":"product","link":"https:\/\/lawhiskeria.cr\/?product=veramonte-carmenere","title":{"rendered":"Veramonte Reserva Carm\u00e9n\u00e8re"},"content":{"rendered":"","protected":false},"excerpt":{"rendered":"<p><strong>VINO ORG\u00c1NICO<\/strong><\/p>\n<p><strong>VALLE COLCHAGUA <\/strong><\/p>\n<p><strong>COMPOSICI\u00d3N: 100% Carm\u00e9n\u00e8re<\/strong><\/p>\n<p><strong>NOTAS DEL EN\u00d3LOGO<\/strong><\/p>\n<p><strong>Posterior al despalillado, las uvas son maceradas durante cinco d\u00edas en estanques de acero inoxidable y fermentadas con levaduras nativas.<\/strong><\/p>\n<p><strong>Despu\u00e9s de la fermentaci\u00f3n alcoh\u00f3lica, el vino macera con sus pieles durante otros diez d\u00edas para lograr una mayor suavidad e intensidad de los sabores. Finalmente, el vino se trasiega a barricas de roble neutro para envejecer durante ocho meses.<\/strong><\/p>\n<p><strong>COSECHA 2019<\/strong><\/p>\n<p><strong>Una buena cosecha para el valle de Colchagua, con condiciones clim\u00e1ticas favorable, que pese a la escasez de precipitaciones, hizo posible una buena curva de maduraci\u00f3n. La vendimia se inici\u00f3 dentro de los tiempos proyectados y entreg\u00f3 una fruta intensa y con gran balance entre acidez y taninos. Se nos presenta un carm\u00e9n\u00e8re fresco, con estructura y suave final.<\/strong><\/p>\n<p><strong>Temperatura de servicio: 16\u00baC &#8211; 60\u00baF<\/strong><\/p>\n<p><strong>Maridaje: Plateada, pastel de choclo,comidas especiadas.<\/strong><\/p>\n<p><strong>8 meses en barrica neutra.<\/strong><\/p>\n<p><strong>ALCOHOL 14%<\/strong><\/p>\n<p><strong>PH 3,82<\/strong><\/p>\n<p><strong>ACIDEZ 3,07 G\/L<\/strong><\/p>\n<p><strong>AZ\u00daCAR RESIDUAL 3,77 G\/L<\/strong><\/p>\n","protected":false},"featured_media":17255,"comment_status":"open","ping_status":"closed","template":"","meta":[],"product_brand":[],"product_cat":[420,29],"product_tag":[157,156],"class_list":{"0":"post-17263","1":"product","2":"type-product","3":"status-publish","4":"has-post-thumbnail","6":"product_cat-tinto","7":"product_cat-vinos","8":"product_tag-carmenere","9":"product_tag-vino-chileno","11":"first","12":"instock","13":"shipping-taxable","14":"purchasable","15":"product-type-simple"},"_links":{"self":[{"href":"https:\/\/lawhiskeria.cr\/index.php?rest_route=\/wp\/v2\/product\/17263","targetHints":{"allow":["GET"]}}],"collection":[{"href":"https:\/\/lawhiskeria.cr\/index.php?rest_route=\/wp\/v2\/product"}],"about":[{"href":"https:\/\/lawhiskeria.cr\/index.php?rest_route=\/wp\/v2\/types\/product"}],"replies":[{"embeddable":true,"href":"https:\/\/lawhiskeria.cr\/index.php?rest_route=%2Fwp%2Fv2%2Fcomments&post=17263"}],"version-history":[{"count":3,"href":"https:\/\/lawhiskeria.cr\/index.php?rest_route=\/wp\/v2\/product\/17263\/revisions"}],"predecessor-version":[{"id":17278,"href":"https:\/\/lawhiskeria.cr\/index.php?rest_route=\/wp\/v2\/product\/17263\/revisions\/17278"}],"wp:featuredmedia":[{"embeddable":true,"href":"https:\/\/lawhiskeria.cr\/index.php?rest_route=\/wp\/v2\/media\/17255"}],"wp:attachment":[{"href":"https:\/\/lawhiskeria.cr\/index.php?rest_route=%2Fwp%2Fv2%2Fmedia&parent=17263"}],"wp:term":[{"taxonomy":"product_brand","embeddable":true,"href":"https:\/\/lawhiskeria.cr\/index.php?rest_route=%2Fwp%2Fv2%2Fproduct_brand&post=17263"},{"taxonomy":"product_cat","embeddable":true,"href":"https:\/\/lawhiskeria.cr\/index.php?rest_route=%2Fwp%2Fv2%2Fproduct_cat&post=17263"},{"taxonomy":"product_tag","embeddable":true,"href":"https:\/\/lawhiskeria.cr\/index.php?rest_route=%2Fwp%2Fv2%2Fproduct_tag&post=17263"}],"curies":[{"name":"wp","href":"https:\/\/api.w.org\/{rel}","templated":true}]}}