{"id":17253,"date":"2024-08-07T22:36:32","date_gmt":"2024-08-07T22:36:32","guid":{"rendered":"https:\/\/lawhiskeria.cr\/?post_type=product&#038;p=17253"},"modified":"2025-10-28T03:06:45","modified_gmt":"2025-10-28T03:06:45","slug":"veramonte-cabernet-sauvignon","status":"publish","type":"product","link":"https:\/\/lawhiskeria.cr\/?product=veramonte-cabernet-sauvignon","title":{"rendered":"Veramonte Reserva Cabernet Sauvignon"},"content":{"rendered":"","protected":false},"excerpt":{"rendered":"<p><strong>VINO ORGANICO<\/strong><\/p>\n<p><strong>VALLE COLCHAGUA<\/strong><\/p>\n<p><strong>COMPOSICI\u00d3N: 100% Cabernet Sauvignon<\/strong><\/p>\n<p><strong>NOTAS DEL EN\u00d3LOGO<\/strong><\/p>\n<p><strong>Posterior al despalillado, las uvas son maceradas en fr\u00edo durante cinco d\u00edas en estanques de acero inoxidable y fermentadas con levaduras nativas. <\/strong><\/p>\n<p><strong>Despu\u00e9s de la fermentaci\u00f3n alcoh\u00f3lica, el vino macera con sus pieles durante otros diez d\u00edas para lograr una mayor suavidad e intensidad de los sabores. <\/strong><\/p>\n<p><strong>Finalmente, el vino se trasiega a barricas de roble neutro para envejecer durante ocho meses.<\/strong><\/p>\n<p><strong>COSECHA 2018<\/strong><\/p>\n<p><strong>Una buena cosecha para el valle de Colchagua, con condiciones clim\u00e1ticas favorable, que pese a la escasez de precipitaciones, hizo posible una buena \u00a0curva de maduraci\u00f3n. La vendimia se inici\u00f3 dentro de los tiempos proyectados y entreg\u00f3 una fruta intensa y con gran balance entre acidez y taninos. Nos entrega un cabernet sauvignon estructura, elegante y de suave final.<\/strong><\/p>\n<p><strong>Temperatura de servicio: 16\u00baC &#8211; 60\u00baF <\/strong><\/p>\n<p><strong>Maridaje: Carnes de vacuno y cordero, empanada de pino.<\/strong><\/p>\n<p><strong>Crianza: 8 meses en barrica neutra.<\/strong><\/p>\n<p><strong>PH 3,85<\/strong><\/p>\n<p><strong>ALCOHOL 14%<\/strong><\/p>\n<p><strong>ACIDEZ 3,02 G\/L<\/strong><\/p>\n<p><strong>AZ\u00daCAR RESIDUAL 3,72 G\/L<\/strong><\/p>\n","protected":false},"featured_media":17254,"comment_status":"open","ping_status":"closed","template":"","meta":[],"product_brand":[],"product_cat":[420,29],"product_tag":[158,156],"class_list":{"0":"post-17253","1":"product","2":"type-product","3":"status-publish","4":"has-post-thumbnail","6":"product_cat-tinto","7":"product_cat-vinos","8":"product_tag-cabernet-sauvignon","9":"product_tag-vino-chileno","11":"first","12":"instock","13":"shipping-taxable","14":"purchasable","15":"product-type-simple"},"_links":{"self":[{"href":"https:\/\/lawhiskeria.cr\/index.php?rest_route=\/wp\/v2\/product\/17253","targetHints":{"allow":["GET"]}}],"collection":[{"href":"https:\/\/lawhiskeria.cr\/index.php?rest_route=\/wp\/v2\/product"}],"about":[{"href":"https:\/\/lawhiskeria.cr\/index.php?rest_route=\/wp\/v2\/types\/product"}],"replies":[{"embeddable":true,"href":"https:\/\/lawhiskeria.cr\/index.php?rest_route=%2Fwp%2Fv2%2Fcomments&post=17253"}],"version-history":[{"count":2,"href":"https:\/\/lawhiskeria.cr\/index.php?rest_route=\/wp\/v2\/product\/17253\/revisions"}],"predecessor-version":[{"id":17276,"href":"https:\/\/lawhiskeria.cr\/index.php?rest_route=\/wp\/v2\/product\/17253\/revisions\/17276"}],"wp:featuredmedia":[{"embeddable":true,"href":"https:\/\/lawhiskeria.cr\/index.php?rest_route=\/wp\/v2\/media\/17254"}],"wp:attachment":[{"href":"https:\/\/lawhiskeria.cr\/index.php?rest_route=%2Fwp%2Fv2%2Fmedia&parent=17253"}],"wp:term":[{"taxonomy":"product_brand","embeddable":true,"href":"https:\/\/lawhiskeria.cr\/index.php?rest_route=%2Fwp%2Fv2%2Fproduct_brand&post=17253"},{"taxonomy":"product_cat","embeddable":true,"href":"https:\/\/lawhiskeria.cr\/index.php?rest_route=%2Fwp%2Fv2%2Fproduct_cat&post=17253"},{"taxonomy":"product_tag","embeddable":true,"href":"https:\/\/lawhiskeria.cr\/index.php?rest_route=%2Fwp%2Fv2%2Fproduct_tag&post=17253"}],"curies":[{"name":"wp","href":"https:\/\/api.w.org\/{rel}","templated":true}]}}