{"id":17247,"date":"2024-08-06T16:42:17","date_gmt":"2024-08-06T16:42:17","guid":{"rendered":"https:\/\/lawhiskeria.cr\/?post_type=product&#038;p=17247"},"modified":"2025-12-05T04:59:21","modified_gmt":"2025-12-05T04:59:21","slug":"the-whistler-irish-honey","status":"publish","type":"product","link":"https:\/\/lawhiskeria.cr\/?product=the-whistler-irish-honey","title":{"rendered":"The Whistler Irish Honey"},"content":{"rendered":"<p><strong>Es una colaboraci\u00f3n natural entre nuestros apicultores y el amor por el whisky irland\u00e9s. Se utilizan algunos de los mejores whiskies irlandeses, madurados en ex-bourbon y terminados en jerez, luego los infundimos con miel, cosechada de los huertos de la familia Cooney.<\/strong><\/p>\n<p><strong>La familia Cooney es el segundo mayor productor de sidra de manzana de Irlanda, lo que requiere que sus huertos sean polinizados por millones de abejas de los Cooney. Marie, la madre de la familia, es la apicultora principal y ha aumentado r\u00e1pidamente la poblaci\u00f3n de abejas gracias al \u00e9xito del Whistler Honey Whiskey.<\/strong><\/p>\n<p><strong>Se abre con una saludable influencia de whisky, seguida inmediatamente por vainilla y caramelo incre\u00edblemente cremosos, con miel y almendras confitadas al final.<\/strong><\/p>\n","protected":false},"excerpt":{"rendered":"<p><strong>Notas de Cata<\/strong><\/p>\n<p><strong>Vista: Muy brillante y de color naranja.<\/strong><\/p>\n<p><strong>Nariz: Aromas c\u00edtricos con notas especiadas, suave aroma de caramelo y vainilla adem\u00e1s de la miel. <\/strong><\/p>\n<p><strong>Boca: Equilibrada y arom\u00e1tica. Con notas golosas y un elegante final algo dulce como la miel natural. <\/strong><\/p>\n<p><strong>Final: Largo, suave y decadente con m\u00e1s que un toque de miel que perdura.<\/strong><\/p>\n<p><strong>ABV 33% &#8211; 700 ml.<\/strong><\/p>\n<p><strong>Medalla de Oro 2021 &#8211; Maestros del whisky irland\u00e9s en el negocio de las bebidas espirituosas.<\/strong><\/p>\n<p><strong>Best Irish Honey 2020 &#8211; World Liqueur Awards.<\/strong><\/p>\n<p><strong>World Best Honey 2020 &#8211; World Liqueur Awards.<\/strong><\/p>\n<p><strong>En aperitivo o digestivo, sirva solo a 16\u00b0C o en las rocas. Disfr\u00fatelo tambi\u00e9n en cocteles.<\/strong><\/p>\n<p><strong>Maride con pescados y mariscos: pescado o camarones en salsa de frutas o salsa agridulce. Con aves con salsas de frutas o con sabores dulces. Con comida caribe\u00f1a o comida especiada. Con postres con frutas (banano, pi\u00f1a, coco, naranja\u2026), chocolate, o crema.<\/strong><\/p>\n","protected":false},"featured_media":17249,"comment_status":"open","ping_status":"closed","template":"","meta":[],"product_brand":[],"product_cat":[32,71,20],"product_tag":[100,236,143],"class_list":{"0":"post-17247","1":"product","2":"type-product","3":"status-publish","4":"has-post-thumbnail","6":"product_cat-whisky","7":"product_cat-blends","8":"product_cat-lpremium","9":"product_tag-honey","10":"product_tag-licor-de-whiskey","11":"product_tag-licor-irlandes","13":"first","14":"instock","15":"shipping-taxable","16":"purchasable","17":"product-type-simple"},"_links":{"self":[{"href":"https:\/\/lawhiskeria.cr\/index.php?rest_route=\/wp\/v2\/product\/17247","targetHints":{"allow":["GET"]}}],"collection":[{"href":"https:\/\/lawhiskeria.cr\/index.php?rest_route=\/wp\/v2\/product"}],"about":[{"href":"https:\/\/lawhiskeria.cr\/index.php?rest_route=\/wp\/v2\/types\/product"}],"replies":[{"embeddable":true,"href":"https:\/\/lawhiskeria.cr\/index.php?rest_route=%2Fwp%2Fv2%2Fcomments&post=17247"}],"version-history":[{"count":4,"href":"https:\/\/lawhiskeria.cr\/index.php?rest_route=\/wp\/v2\/product\/17247\/revisions"}],"predecessor-version":[{"id":19041,"href":"https:\/\/lawhiskeria.cr\/index.php?rest_route=\/wp\/v2\/product\/17247\/revisions\/19041"}],"wp:featuredmedia":[{"embeddable":true,"href":"https:\/\/lawhiskeria.cr\/index.php?rest_route=\/wp\/v2\/media\/17249"}],"wp:attachment":[{"href":"https:\/\/lawhiskeria.cr\/index.php?rest_route=%2Fwp%2Fv2%2Fmedia&parent=17247"}],"wp:term":[{"taxonomy":"product_brand","embeddable":true,"href":"https:\/\/lawhiskeria.cr\/index.php?rest_route=%2Fwp%2Fv2%2Fproduct_brand&post=17247"},{"taxonomy":"product_cat","embeddable":true,"href":"https:\/\/lawhiskeria.cr\/index.php?rest_route=%2Fwp%2Fv2%2Fproduct_cat&post=17247"},{"taxonomy":"product_tag","embeddable":true,"href":"https:\/\/lawhiskeria.cr\/index.php?rest_route=%2Fwp%2Fv2%2Fproduct_tag&post=17247"}],"curies":[{"name":"wp","href":"https:\/\/api.w.org\/{rel}","templated":true}]}}