{"id":17237,"date":"2024-08-05T23:36:29","date_gmt":"2024-08-05T23:36:29","guid":{"rendered":"https:\/\/lawhiskeria.cr\/?post_type=product&#038;p=17237"},"modified":"2026-03-24T03:28:07","modified_gmt":"2026-03-24T03:28:07","slug":"la-vieille-ferme-rouge","status":"publish","type":"product","link":"https:\/\/lawhiskeria.cr\/?product=la-vieille-ferme-rouge","title":{"rendered":"La Vieille Ferme Rouge"},"content":{"rendered":"","protected":false},"excerpt":{"rendered":"<p><strong>La Vieille Ferme ha sido popular entre los amantes del vino durante m\u00e1s de 40 a\u00f1os. Producido en una regi\u00f3n pac\u00edfica y soleada del sur del R\u00f3dano, cada color es una expresi\u00f3n de su terru\u00f1o: el Ventoux aporta elegancia y estructura a los vinos tintos; la altitud del Luberon aporta frescura y finura a los blancos y rosados. La Vieille Ferme est\u00e1 hecha con gran cuidado e integridad por Famille Perrin, propietarios del Chateau de Beaucastel. Los principales cr\u00edticos de vino de todo el mundo han elogiado a los productores de este vino por su calidad irreprochable, que ha alcanzado el reconocimiento internacional.<\/strong><\/p>\n<p><strong>Marca: Famille Perrin.<\/strong><\/p>\n<p><strong>Regi\u00f3n: Valle de Rodano, Francia.<\/strong><\/p>\n<p><strong>Variedad: Blend.<\/strong><\/p>\n<p><strong>Procedencia: R\u00f3dano Sur AOC Cote du Ventoux.<\/strong><\/p>\n<p><strong>Variedad(es): Cari\u00f1ena, Cinsault, Garnacha, Syrah<\/strong><\/p>\n<p><strong>Crianza: Cada variedad de uva se vendimia y vinifica por separado para respetar la madurez de cada varietal. La extracci\u00f3n se realiza durante la fermentaci\u00f3n en dep\u00f3sitos de cemento.<\/strong><\/p>\n<p><strong>Color: Bonito color p\u00farpura con reflejos brillantes.<\/strong><\/p>\n<p><strong>Nariz: En nariz revela un seductor bouquet de frutos rojos y especias. Lleno de delicadeza.<\/strong><\/p>\n<p><strong>Boca: Lleno de frescura y bien equilibrado, con aromas a cerezas y taninos muy suaves, que le dan a este vino una gran bebibilidad.<\/strong><\/p>\n<p><strong>Maridaje: Salmon o at\u00fan (a la parrilla), guiso de buey al borgo\u00f1\u00f3n, platos con setas, pollo, pavo y carnes rojas como el lomito.<\/strong><\/p>\n<p><iframe loading=\"lazy\" title=\"YouTube video player\" src=\"https:\/\/www.youtube.com\/embed\/MUvRVK7Z7WA?si=Ewn0oK8Hyepu1P8a&amp;start=2390\" width=\"560\" height=\"315\" frameborder=\"0\" allowfullscreen=\"allowfullscreen\"><\/iframe><\/p>\n","protected":false},"featured_media":17238,"comment_status":"open","ping_status":"closed","template":"","meta":[],"product_brand":[],"product_cat":[420,29],"product_tag":[473,230,231,232,169,472,155],"class_list":{"0":"post-17237","1":"product","2":"type-product","3":"status-publish","4":"has-post-thumbnail","6":"product_cat-tinto","7":"product_cat-vinos","8":"product_tag-aoc-cote-du-ventoux","9":"product_tag-carinena","10":"product_tag-cinsault","11":"product_tag-garnacha","12":"product_tag-syrah","13":"product_tag-valle-de-rodano","14":"product_tag-vino-frances","16":"first","17":"instock","18":"shipping-taxable","19":"purchasable","20":"product-type-simple"},"_links":{"self":[{"href":"https:\/\/lawhiskeria.cr\/index.php?rest_route=\/wp\/v2\/product\/17237","targetHints":{"allow":["GET"]}}],"collection":[{"href":"https:\/\/lawhiskeria.cr\/index.php?rest_route=\/wp\/v2\/product"}],"about":[{"href":"https:\/\/lawhiskeria.cr\/index.php?rest_route=\/wp\/v2\/types\/product"}],"replies":[{"embeddable":true,"href":"https:\/\/lawhiskeria.cr\/index.php?rest_route=%2Fwp%2Fv2%2Fcomments&post=17237"}],"version-history":[{"count":3,"href":"https:\/\/lawhiskeria.cr\/index.php?rest_route=\/wp\/v2\/product\/17237\/revisions"}],"predecessor-version":[{"id":17692,"href":"https:\/\/lawhiskeria.cr\/index.php?rest_route=\/wp\/v2\/product\/17237\/revisions\/17692"}],"wp:featuredmedia":[{"embeddable":true,"href":"https:\/\/lawhiskeria.cr\/index.php?rest_route=\/wp\/v2\/media\/17238"}],"wp:attachment":[{"href":"https:\/\/lawhiskeria.cr\/index.php?rest_route=%2Fwp%2Fv2%2Fmedia&parent=17237"}],"wp:term":[{"taxonomy":"product_brand","embeddable":true,"href":"https:\/\/lawhiskeria.cr\/index.php?rest_route=%2Fwp%2Fv2%2Fproduct_brand&post=17237"},{"taxonomy":"product_cat","embeddable":true,"href":"https:\/\/lawhiskeria.cr\/index.php?rest_route=%2Fwp%2Fv2%2Fproduct_cat&post=17237"},{"taxonomy":"product_tag","embeddable":true,"href":"https:\/\/lawhiskeria.cr\/index.php?rest_route=%2Fwp%2Fv2%2Fproduct_tag&post=17237"}],"curies":[{"name":"wp","href":"https:\/\/api.w.org\/{rel}","templated":true}]}}