{"id":17208,"date":"2024-07-23T01:46:05","date_gmt":"2024-07-23T01:46:05","guid":{"rendered":"https:\/\/lawhiskeria.cr\/?post_type=product&#038;p=17208"},"modified":"2026-02-10T19:44:03","modified_gmt":"2026-02-10T19:44:03","slug":"michters-kentucky-straight-bourbon-10-anos","status":"publish","type":"product","link":"https:\/\/lawhiskeria.cr\/?product=michters-kentucky-straight-bourbon-10-anos","title":{"rendered":"Michter\u2019s Kentucky Straight Bourbon 10 A\u00f1os"},"content":{"rendered":"","protected":false},"excerpt":{"rendered":"<p>De maduraci\u00f3n y calidad verdaderamente excepcional, <strong>el Kentucky Straight Bourbon de 10 a\u00f1os de Michter&#8217;s Single Barrel<\/strong> se ha ganado su lugar como un favorito duradero de los conocedores de whisky m\u00e1s exigentes. El <strong>&#8220;Mejor whisky americano&#8221;<\/strong> seg\u00fan la revista <strong>Food &amp; Wine<\/strong>, nuestro Bourbon Single Barrel de 10 a\u00f1os representa la culminaci\u00f3n de m\u00e1s de una d\u00e9cada de a\u00f1ejamiento paciente en barricas nuevas de roble blanco americano carbonizadas especialmente elegidas.<\/p>\n<p>Cuando una botella privada de selecci\u00f3n de barriles de este whisky se vendi\u00f3 por <strong>\u00a3166.000 ($209.462 d\u00f3lares estadounidenses) <\/strong>en una subasta en Londres el 12 de julio de 2020, rompi\u00f3 el r\u00e9cord anterior de $78.000 para un barril de bourbon que se hab\u00eda establecido en una subasta de Christie&#8217;s.<\/p>\n<p><strong>Producci\u00f3n: <\/strong>Single barrel. Cantidades limitadas.<\/p>\n<p><strong>Fuerza de Embotellado: <\/strong>94,4 grados (47,2% ABV)<\/p>\n<p><strong>Toneler\u00eda: <\/strong>Barricas nuevas de roble blanco americano carbonizadas al fuego.<\/p>\n<p><strong>Notas de Sabor: <\/strong>Toffee y caramelo oscuro grande y atrevido, roble carbonizado, jarabe de arce y vainilla.<\/p>\n<p><strong>El Whisky M\u00e1s Admirado Del Mundo 2023 \u2013 Drinks International.<\/strong><\/p>\n<p><strong>96 pts. The Tasting Panel.<\/strong><\/p>\n","protected":false},"featured_media":17209,"comment_status":"open","ping_status":"closed","template":"","meta":[],"product_brand":[],"product_cat":[32,70],"product_tag":[78,96,95],"class_list":{"0":"post-17208","1":"product","2":"type-product","3":"status-publish","4":"has-post-thumbnail","6":"product_cat-whisky","7":"product_cat-bourbon-american-whiskey","8":"product_tag-bourbon","9":"product_tag-single-barrel","10":"product_tag-straight-bourbon","12":"first","13":"instock","14":"shipping-taxable","15":"purchasable","16":"product-type-simple"},"_links":{"self":[{"href":"https:\/\/lawhiskeria.cr\/index.php?rest_route=\/wp\/v2\/product\/17208","targetHints":{"allow":["GET"]}}],"collection":[{"href":"https:\/\/lawhiskeria.cr\/index.php?rest_route=\/wp\/v2\/product"}],"about":[{"href":"https:\/\/lawhiskeria.cr\/index.php?rest_route=\/wp\/v2\/types\/product"}],"replies":[{"embeddable":true,"href":"https:\/\/lawhiskeria.cr\/index.php?rest_route=%2Fwp%2Fv2%2Fcomments&post=17208"}],"version-history":[{"count":1,"href":"https:\/\/lawhiskeria.cr\/index.php?rest_route=\/wp\/v2\/product\/17208\/revisions"}],"predecessor-version":[{"id":17210,"href":"https:\/\/lawhiskeria.cr\/index.php?rest_route=\/wp\/v2\/product\/17208\/revisions\/17210"}],"wp:featuredmedia":[{"embeddable":true,"href":"https:\/\/lawhiskeria.cr\/index.php?rest_route=\/wp\/v2\/media\/17209"}],"wp:attachment":[{"href":"https:\/\/lawhiskeria.cr\/index.php?rest_route=%2Fwp%2Fv2%2Fmedia&parent=17208"}],"wp:term":[{"taxonomy":"product_brand","embeddable":true,"href":"https:\/\/lawhiskeria.cr\/index.php?rest_route=%2Fwp%2Fv2%2Fproduct_brand&post=17208"},{"taxonomy":"product_cat","embeddable":true,"href":"https:\/\/lawhiskeria.cr\/index.php?rest_route=%2Fwp%2Fv2%2Fproduct_cat&post=17208"},{"taxonomy":"product_tag","embeddable":true,"href":"https:\/\/lawhiskeria.cr\/index.php?rest_route=%2Fwp%2Fv2%2Fproduct_tag&post=17208"}],"curies":[{"name":"wp","href":"https:\/\/api.w.org\/{rel}","templated":true}]}}