{"id":17202,"date":"2024-07-23T01:36:25","date_gmt":"2024-07-23T01:36:25","guid":{"rendered":"https:\/\/lawhiskeria.cr\/?post_type=product&#038;p=17202"},"modified":"2025-02-24T23:10:34","modified_gmt":"2025-02-24T23:10:34","slug":"michters-us1-barrel-strength-rye","status":"publish","type":"product","link":"https:\/\/lawhiskeria.cr\/?product=michters-us1-barrel-strength-rye","title":{"rendered":"Michter&#8217;s US*1 Barrel Strength Rye"},"content":{"rendered":"","protected":false},"excerpt":{"rendered":"<p>Desde la d\u00e9cada de 1990, el equipo de Michter\u2019s ha realizado un trabajo pionero para restablecer la categor\u00eda de whisky americano de centeno de alta calidad. El lanzamiento inaugural en mayo de 2015 del centeno <strong>US*1 Barrel Strength de Michter\u2019s,<\/strong> marc\u00f3 otro hito en esa b\u00fasqueda. Nos complace presentarles el lanzamiento de 2024, el primero desde 2022.<\/p>\n<p>Para la maduraci\u00f3n, el destilado de centeno se introduce en el barril a 103 grados, en lugar de un grado mas alto, que es el est\u00e1ndar de la industria. Esto le cuesta a Michter\u2019s m\u00e1s dinero en t\u00e9rminos de barriles y almacenamiento, pero creemos que produce un whiskey m\u00e1s rico, m\u00e1s suave y con m\u00e1s cuerpo despu\u00e9s de una maduraci\u00f3n adecuada. La mayor\u00eda de los barriles var\u00edan entre 107 y 112 grados de alcohol.<\/p>\n<p>Saborearlo es una experiencia \u00fanica para los que disfrutan del whisky de centeno.<\/p>\n<p><strong>Producci\u00f3n: <\/strong>Single Barrel. Cantidades limitadas.<\/p>\n<p><strong>Fuerza de Barril: <\/strong>103 Prueba (ABV 51.5)<\/p>\n<p><strong>Fuerza de Embotellado: <\/strong>Como producto de una sola barrica, cada barrica se embotella con su nivel de alcohol particular en el momento del embotellado. La concentraci\u00f3n del embotellado de este lanzamiento de 2024 oscil\u00f3 entre 108,2 grados (54,1% ABV) y 113,6 grados (56,8% ABV).<\/p>\n<p><strong>Toneler\u00eda: <\/strong>Barricas nuevas de roble blanco americano tostadas y carbonizadas al fuego.<\/p>\n<p><strong>Notas de Sabor: <\/strong>Caramelo y canela con un toque de cerezas en nariz; Vainilla y caramelo c\u00e1lidos, ricos y tostados al principio con una especia seca de roble al final.<\/p>\n<p><strong>El Whisky 2023 M\u00e1s Admirado Del Mundo \u2013 Drinks International.<\/strong><\/p>\n<p><strong>99 pts. The Tasting Panel.<\/strong><\/p>\n","protected":false},"featured_media":17203,"comment_status":"open","ping_status":"closed","template":"","meta":[],"product_brand":[],"product_cat":[70],"product_tag":[98,211,229],"class_list":{"0":"post-17202","1":"product","2":"type-product","3":"status-publish","4":"has-post-thumbnail","6":"product_cat-bourbon-american-whiskey","7":"product_tag-rye","8":"product_tag-rye-whiskey","9":"product_tag-strength","11":"first","12":"instock","13":"shipping-taxable","14":"purchasable","15":"product-type-simple"},"_links":{"self":[{"href":"https:\/\/lawhiskeria.cr\/index.php?rest_route=\/wp\/v2\/product\/17202","targetHints":{"allow":["GET"]}}],"collection":[{"href":"https:\/\/lawhiskeria.cr\/index.php?rest_route=\/wp\/v2\/product"}],"about":[{"href":"https:\/\/lawhiskeria.cr\/index.php?rest_route=\/wp\/v2\/types\/product"}],"replies":[{"embeddable":true,"href":"https:\/\/lawhiskeria.cr\/index.php?rest_route=%2Fwp%2Fv2%2Fcomments&post=17202"}],"version-history":[{"count":1,"href":"https:\/\/lawhiskeria.cr\/index.php?rest_route=\/wp\/v2\/product\/17202\/revisions"}],"predecessor-version":[{"id":17204,"href":"https:\/\/lawhiskeria.cr\/index.php?rest_route=\/wp\/v2\/product\/17202\/revisions\/17204"}],"wp:featuredmedia":[{"embeddable":true,"href":"https:\/\/lawhiskeria.cr\/index.php?rest_route=\/wp\/v2\/media\/17203"}],"wp:attachment":[{"href":"https:\/\/lawhiskeria.cr\/index.php?rest_route=%2Fwp%2Fv2%2Fmedia&parent=17202"}],"wp:term":[{"taxonomy":"product_brand","embeddable":true,"href":"https:\/\/lawhiskeria.cr\/index.php?rest_route=%2Fwp%2Fv2%2Fproduct_brand&post=17202"},{"taxonomy":"product_cat","embeddable":true,"href":"https:\/\/lawhiskeria.cr\/index.php?rest_route=%2Fwp%2Fv2%2Fproduct_cat&post=17202"},{"taxonomy":"product_tag","embeddable":true,"href":"https:\/\/lawhiskeria.cr\/index.php?rest_route=%2Fwp%2Fv2%2Fproduct_tag&post=17202"}],"curies":[{"name":"wp","href":"https:\/\/api.w.org\/{rel}","templated":true}]}}