{"id":17190,"date":"2024-07-23T01:15:16","date_gmt":"2024-07-23T01:15:16","guid":{"rendered":"https:\/\/lawhiskeria.cr\/?post_type=product&#038;p=17190"},"modified":"2025-12-16T05:53:31","modified_gmt":"2025-12-16T05:53:31","slug":"michters-us1-sour-mash","status":"publish","type":"product","link":"https:\/\/lawhiskeria.cr\/?product=michters-us1-sour-mash","title":{"rendered":"Michter\u2019s US1 Sour Mash."},"content":{"rendered":"","protected":false},"excerpt":{"rendered":"<p>Durante las d\u00e9cadas de 1970 y 1980, este whiskey fue el producto m\u00e1s popular de la destiler\u00eda. Si bien el apodo \u201cSour Mach\u201d se origin\u00f3 a partir del proceso de producci\u00f3n del whiskey del mismo nombre, en el cual se utiliza un pur\u00e9 previamente fermentado como iniciador para el nuevo pur\u00e9 que se fermentar\u00e1, de manera similar a la elaboraci\u00f3n del pan de masa madre, <strong>Michter\u2019s Original Sour Mach<\/strong> se gan\u00f3 la distinci\u00f3n por su sabor \u00fanico. Con su selecci\u00f3n \u00fanica de granos, no se puede categorizar como un RYE o un Bourbon. Despu\u00e9s de desaparecer en 1989, <strong>Michter\u2019s Original Sour Mach Whiskey<\/strong> hizo un regreso triunfal en el 2012 con su introducci\u00f3n en la l\u00ednea <strong>US 1<\/strong>. Manteni\u00e9ndose fiel al perfil y al paladar de su predecesor, <strong>Michter\u2019s Original Sour Mach<\/strong> se ha convertido r\u00e1pidamente en el favorito de los entusiastas del whiskey.<\/p>\n<p><strong>Producci\u00f3n:<\/strong> Peque\u00f1os lotes. Cantidades limitadas.<\/p>\n<p><strong>Estado de Destilaci\u00f3n:<\/strong> Kentucky<\/p>\n<p><strong>Fuerza de Embotellado:<\/strong> 86 grados (43% ABV) 750 ml.<\/p>\n<p><strong>Toneler\u00eda:<\/strong> Barricas nuevas de roble blanco americano carbonizadas al fuego.<\/p>\n<p><strong>Notas de Sabor:<\/strong> C\u00e1lidas notas de az\u00facar quemado tostado con especias, frutas dulces y ahumadas, cerezas confitadas y vainilla melosa, notablemente elegantes.<\/p>\n<p>Empieza como un bourbon y termina como un centeno.<\/p>\n<p><strong>El Whisky 2023 M\u00e1s Admirado Del Mundo \u2013 Drinks International.<\/strong><\/p>\n<p><strong>&#8220;Whisky del a\u00f1o&#8221; en 2019 por The Whisky Exchange.<\/strong><\/p>\n<p><iframe loading=\"lazy\" title=\"YouTube video player\" src=\"https:\/\/www.youtube.com\/embed\/OpWCkAECshk?si=2JPqvDleQmonaDU8&amp;start=2835\" width=\"560\" height=\"315\" frameborder=\"0\" allowfullscreen=\"allowfullscreen\"><\/iframe><\/p>\n","protected":false},"featured_media":17191,"comment_status":"open","ping_status":"closed","template":"","meta":[],"product_brand":[],"product_cat":[32,70],"product_tag":[79],"class_list":{"0":"post-17190","1":"product","2":"type-product","3":"status-publish","4":"has-post-thumbnail","6":"product_cat-whisky","7":"product_cat-bourbon-american-whiskey","8":"product_tag-american-whiskey","10":"first","11":"instock","12":"shipping-taxable","13":"purchasable","14":"product-type-simple"},"_links":{"self":[{"href":"https:\/\/lawhiskeria.cr\/index.php?rest_route=\/wp\/v2\/product\/17190","targetHints":{"allow":["GET"]}}],"collection":[{"href":"https:\/\/lawhiskeria.cr\/index.php?rest_route=\/wp\/v2\/product"}],"about":[{"href":"https:\/\/lawhiskeria.cr\/index.php?rest_route=\/wp\/v2\/types\/product"}],"replies":[{"embeddable":true,"href":"https:\/\/lawhiskeria.cr\/index.php?rest_route=%2Fwp%2Fv2%2Fcomments&post=17190"}],"version-history":[{"count":5,"href":"https:\/\/lawhiskeria.cr\/index.php?rest_route=\/wp\/v2\/product\/17190\/revisions"}],"predecessor-version":[{"id":19583,"href":"https:\/\/lawhiskeria.cr\/index.php?rest_route=\/wp\/v2\/product\/17190\/revisions\/19583"}],"wp:featuredmedia":[{"embeddable":true,"href":"https:\/\/lawhiskeria.cr\/index.php?rest_route=\/wp\/v2\/media\/17191"}],"wp:attachment":[{"href":"https:\/\/lawhiskeria.cr\/index.php?rest_route=%2Fwp%2Fv2%2Fmedia&parent=17190"}],"wp:term":[{"taxonomy":"product_brand","embeddable":true,"href":"https:\/\/lawhiskeria.cr\/index.php?rest_route=%2Fwp%2Fv2%2Fproduct_brand&post=17190"},{"taxonomy":"product_cat","embeddable":true,"href":"https:\/\/lawhiskeria.cr\/index.php?rest_route=%2Fwp%2Fv2%2Fproduct_cat&post=17190"},{"taxonomy":"product_tag","embeddable":true,"href":"https:\/\/lawhiskeria.cr\/index.php?rest_route=%2Fwp%2Fv2%2Fproduct_tag&post=17190"}],"curies":[{"name":"wp","href":"https:\/\/api.w.org\/{rel}","templated":true}]}}