{"id":17170,"date":"2024-07-18T20:09:38","date_gmt":"2024-07-18T20:09:38","guid":{"rendered":"https:\/\/lawhiskeria.cr\/?post_type=product&#038;p=17170"},"modified":"2024-10-29T03:29:08","modified_gmt":"2024-10-29T03:29:08","slug":"evan-williams-black-2","status":"publish","type":"product","link":"https:\/\/lawhiskeria.cr\/?product=evan-williams-black-2","title":{"rendered":"Evan Williams Black"},"content":{"rendered":"","protected":false},"excerpt":{"rendered":"<p>Evan Williams es un Borb\u00f3n suave y f\u00e1cil de beber con una historia que se remonta a 1783 cuando inaugur\u00f3 su primera destiler\u00eda, la primera destiler\u00eda comercial de Kentucky, a las orillas del r\u00edo Ohio.<\/p>\n<p>Mucho a\u00f1os y barriles despu\u00e9s, contin\u00faan produciendo Bourbon con los mismos m\u00e9todos que hicieron famoso a Evan Williams hace tantos a\u00f1os.<\/p>\n<p>Nota de cata: Muestra un color \u00e1mbar medio, su aroma es de vainilla profunda con menta, mientras que al probarlo nos regala notas de roble, az\u00facar moreno y caramelo para dar un final en boca medio a largo.<\/p>\n<p>ABV 43% &#8211; 1000 ml.<\/p>\n","protected":false},"featured_media":15765,"comment_status":"open","ping_status":"closed","template":"","meta":[],"product_brand":[],"product_cat":[70],"product_tag":[79,78],"class_list":{"0":"post-17170","1":"product","2":"type-product","3":"status-publish","4":"has-post-thumbnail","6":"product_cat-bourbon-american-whiskey","7":"product_tag-american-whiskey","8":"product_tag-bourbon","10":"first","11":"instock","12":"shipping-taxable","13":"purchasable","14":"product-type-simple"},"_links":{"self":[{"href":"https:\/\/lawhiskeria.cr\/index.php?rest_route=\/wp\/v2\/product\/17170","targetHints":{"allow":["GET"]}}],"collection":[{"href":"https:\/\/lawhiskeria.cr\/index.php?rest_route=\/wp\/v2\/product"}],"about":[{"href":"https:\/\/lawhiskeria.cr\/index.php?rest_route=\/wp\/v2\/types\/product"}],"replies":[{"embeddable":true,"href":"https:\/\/lawhiskeria.cr\/index.php?rest_route=%2Fwp%2Fv2%2Fcomments&post=17170"}],"version-history":[{"count":1,"href":"https:\/\/lawhiskeria.cr\/index.php?rest_route=\/wp\/v2\/product\/17170\/revisions"}],"predecessor-version":[{"id":17171,"href":"https:\/\/lawhiskeria.cr\/index.php?rest_route=\/wp\/v2\/product\/17170\/revisions\/17171"}],"wp:featuredmedia":[{"embeddable":true,"href":"https:\/\/lawhiskeria.cr\/index.php?rest_route=\/wp\/v2\/media\/15765"}],"wp:attachment":[{"href":"https:\/\/lawhiskeria.cr\/index.php?rest_route=%2Fwp%2Fv2%2Fmedia&parent=17170"}],"wp:term":[{"taxonomy":"product_brand","embeddable":true,"href":"https:\/\/lawhiskeria.cr\/index.php?rest_route=%2Fwp%2Fv2%2Fproduct_brand&post=17170"},{"taxonomy":"product_cat","embeddable":true,"href":"https:\/\/lawhiskeria.cr\/index.php?rest_route=%2Fwp%2Fv2%2Fproduct_cat&post=17170"},{"taxonomy":"product_tag","embeddable":true,"href":"https:\/\/lawhiskeria.cr\/index.php?rest_route=%2Fwp%2Fv2%2Fproduct_tag&post=17170"}],"curies":[{"name":"wp","href":"https:\/\/api.w.org\/{rel}","templated":true}]}}