{"id":17146,"date":"2024-07-15T14:13:52","date_gmt":"2024-07-15T14:13:52","guid":{"rendered":"https:\/\/lawhiskeria.cr\/?post_type=product&#038;p=17146"},"modified":"2026-04-30T23:56:17","modified_gmt":"2026-04-30T23:56:17","slug":"benromach-10-anos","status":"publish","type":"product","link":"https:\/\/lawhiskeria.cr\/?product=benromach-10-anos","title":{"rendered":"Benromach 10 a\u00f1os"},"content":{"rendered":"","protected":false},"excerpt":{"rendered":"<p>Exquisito Whisky multipremiado, elaborado y embotellado a mano, madurado en las mejores barricas de roble, y exclusivamente en barricas de primer llenado.<\/p>\n<p>El envejecimiento del whisky de malta Benromach 10 a\u00f1os, en una primera fase, tiene lugar en el 80% de barriles ex-Bourbon y el 20% de barriles ex-Jerez, y por \u00faltimo, la combinaci\u00f3n madura por un a\u00f1o m\u00e1s en barriles de Jerez Oloroso de primer llenado.<\/p>\n<p>Nos entrega un single malt cremoso con delicadas frutas silvestres, un toque de humo y unas ricas y duraderas notas a jerez. Presenta notas dulces especiadas y c\u00edtricas.<\/p>\n<p><strong>Color:<\/strong> \u00c1mbar dorado.<\/p>\n<p><strong>Aroma:<\/strong> Manzana verde dulce y peras, que complementan una miel cremosa. Suave Vainilla que se desarrolla junto a un gentil ahumado.<\/p>\n<p><strong>Gusto:<\/strong> Suaves sabor a cebada malteado, frutos asados y secos combinados con toffee y un toque de baya negra.<\/p>\n<p><strong>Final:<\/strong> Final con mucho cuerpo, con cebada malteado y turba ligera.<\/p>\n<p><strong>ABV 43% &#8211; 750 ml.<\/strong><\/p>\n<p>2022: Concurso Internacional de Vinos y Licores (Oro).<\/p>\n<p>2021: Concurso Internacional de Vinos y Licores (Plata).<\/p>\n<p>2021: Maestros del whisky escoc\u00e9s (oro).<\/p>\n<p>2021: Desaf\u00edo Internacional de Bebidas Espirituosas (Oro).<\/p>\n<p>2021: Competencia Mundial de Bebidas Espirituosas de San Francisco (Doble Oro).<\/p>\n<p>2021: Premios World Whiskies (plata).<\/p>\n<p>2020: Selecci\u00f3n de licores de Concours Mondial (plata).<\/p>\n<p>2020: Los Maestros del Whisky Escoc\u00e9s (Oro).<\/p>\n<p>2020: Desaf\u00edo Internacional de Bebidas Espirituosas (Oro).<\/p>\n<p>2020: Premio de oro del concurso mundial de bebidas espirituosas de San Francisco.<\/p>\n<p>2019: Premios del Festival de Whisky Spirit of Speyside (Ganador).<\/p>\n<p>2018: Concurso Internacional de Bebidas Espirituosas de Los \u00c1ngeles (Oro).<\/p>\n<p>2018: Revista Whisky \u2013 Premios World Whiskies (Oro)<\/p>\n","protected":false},"featured_media":17147,"comment_status":"open","ping_status":"closed","template":"","meta":[],"product_brand":[],"product_cat":[32,72],"product_tag":[201,114,108,110],"class_list":{"0":"post-17146","1":"product","2":"type-product","3":"status-publish","4":"has-post-thumbnail","6":"product_cat-whisky","7":"product_cat-single-malt","8":"product_tag-barrica-jerez-oloroso","9":"product_tag-jerez","10":"product_tag-single-malt","11":"product_tag-whisky-escoces","13":"first","14":"instock","15":"shipping-taxable","16":"purchasable","17":"product-type-simple"},"_links":{"self":[{"href":"https:\/\/lawhiskeria.cr\/index.php?rest_route=\/wp\/v2\/product\/17146","targetHints":{"allow":["GET"]}}],"collection":[{"href":"https:\/\/lawhiskeria.cr\/index.php?rest_route=\/wp\/v2\/product"}],"about":[{"href":"https:\/\/lawhiskeria.cr\/index.php?rest_route=\/wp\/v2\/types\/product"}],"replies":[{"embeddable":true,"href":"https:\/\/lawhiskeria.cr\/index.php?rest_route=%2Fwp%2Fv2%2Fcomments&post=17146"}],"version-history":[{"count":1,"href":"https:\/\/lawhiskeria.cr\/index.php?rest_route=\/wp\/v2\/product\/17146\/revisions"}],"predecessor-version":[{"id":17148,"href":"https:\/\/lawhiskeria.cr\/index.php?rest_route=\/wp\/v2\/product\/17146\/revisions\/17148"}],"wp:featuredmedia":[{"embeddable":true,"href":"https:\/\/lawhiskeria.cr\/index.php?rest_route=\/wp\/v2\/media\/17147"}],"wp:attachment":[{"href":"https:\/\/lawhiskeria.cr\/index.php?rest_route=%2Fwp%2Fv2%2Fmedia&parent=17146"}],"wp:term":[{"taxonomy":"product_brand","embeddable":true,"href":"https:\/\/lawhiskeria.cr\/index.php?rest_route=%2Fwp%2Fv2%2Fproduct_brand&post=17146"},{"taxonomy":"product_cat","embeddable":true,"href":"https:\/\/lawhiskeria.cr\/index.php?rest_route=%2Fwp%2Fv2%2Fproduct_cat&post=17146"},{"taxonomy":"product_tag","embeddable":true,"href":"https:\/\/lawhiskeria.cr\/index.php?rest_route=%2Fwp%2Fv2%2Fproduct_tag&post=17146"}],"curies":[{"name":"wp","href":"https:\/\/api.w.org\/{rel}","templated":true}]}}