{"id":17112,"date":"2024-07-03T17:59:25","date_gmt":"2024-07-03T17:59:25","guid":{"rendered":"https:\/\/lawhiskeria.cr\/?post_type=product&#038;p=17112"},"modified":"2026-03-24T03:57:55","modified_gmt":"2026-03-24T03:57:55","slug":"orot-crianza","status":"publish","type":"product","link":"https:\/\/lawhiskeria.cr\/?product=orot-crianza","title":{"rendered":"Orot Crianza"},"content":{"rendered":"<p><strong>La Denominaci\u00f3n de Origen Toro<\/strong> se encuentra ubicada en Castilla y Le\u00f3n, al sudeste de la provincia de Zamora, con una superficie de vi\u00f1edo de 5.500 hect\u00e1reas. La zona se caracteriza por poseer un clima continental y extremado, con influencias atl\u00e1nticas, de car\u00e1cter \u00e1rido. Los fr\u00edos inviernos y el gran n\u00famero de horas de sol son condiciones excelentes para el buen desarrollo de la uva.\u00a0 El origen de Orot se remonta a 1980, si bien fue en 1997, vislumbrando el desarrollo y posibilidades de la D.O. Toro, cuando se decidi\u00f3 construir una Bodega de elaboraci\u00f3n propia en la localidad de Toro, centro neur\u00e1lgico de la Denominaci\u00f3n. Orot cuenta con 20 hect\u00e1reas de vi\u00f1edo propio de la variedad Tinta de Toro, con una antig\u00fcedad de m\u00e1s de 15 a\u00f1os.<\/p>\n","protected":false},"excerpt":{"rendered":"<p><strong>Procedencia:<\/strong> D.O Toro, Espa\u00f1a.<\/p>\n<p><strong>Variedad:<\/strong> 100% Toro.<\/p>\n<p><strong>Crianza:<\/strong> 12 Meses de Barrica Americana y francesa m\u00e1s 12 meses en estiba.<\/p>\n<p><strong>Color:<\/strong> Color rojo granate con tonalidades cereza. Capa media-alta.<\/p>\n<p><strong>Nariz:<\/strong> Arom\u00e1ticamente complejo, con fruta negra y regaliz bien ensamblados con los tostados, bals\u00e1micos y especiados de la madera.<\/p>\n<p><strong>Boca:<\/strong> Estructurado, redondo y equilibrado. Con un tanino suave y un Postgusto largo y agradable.<\/p>\n<p><strong>Recomendaciones de Consumo: <\/strong>Temperatura de servicio: 16-18\u00baC<\/p>\n<p><strong>Maridaje:<\/strong> Pescados azules, carnes de buey a la parrilla, lechazo, caza, guisos y estofados.<\/p>\n<p><strong>Medalla de Plata Mundus Vini 2019.<\/strong><\/p>\n<p><iframe loading=\"lazy\" title=\"YouTube video player\" src=\"https:\/\/www.youtube.com\/embed\/-KQgr1CFNuA?si=91-Njf8pTsIzC7Bg&amp;start=3649\" width=\"560\" height=\"315\" frameborder=\"0\" allowfullscreen=\"allowfullscreen\"><\/iframe><\/p>\n","protected":false},"featured_media":17113,"comment_status":"open","ping_status":"closed","template":"","meta":[],"product_brand":[],"product_cat":[420,29],"product_tag":[220,476,219,149],"class_list":{"0":"post-17112","1":"product","2":"type-product","3":"status-publish","4":"has-post-thumbnail","6":"product_cat-tinto","7":"product_cat-vinos","8":"product_tag-crianza","9":"product_tag-d-o-toro","10":"product_tag-toro","11":"product_tag-vino-espanol","13":"first","14":"instock","15":"shipping-taxable","16":"purchasable","17":"product-type-simple"},"_links":{"self":[{"href":"https:\/\/lawhiskeria.cr\/index.php?rest_route=\/wp\/v2\/product\/17112","targetHints":{"allow":["GET"]}}],"collection":[{"href":"https:\/\/lawhiskeria.cr\/index.php?rest_route=\/wp\/v2\/product"}],"about":[{"href":"https:\/\/lawhiskeria.cr\/index.php?rest_route=\/wp\/v2\/types\/product"}],"replies":[{"embeddable":true,"href":"https:\/\/lawhiskeria.cr\/index.php?rest_route=%2Fwp%2Fv2%2Fcomments&post=17112"}],"version-history":[{"count":4,"href":"https:\/\/lawhiskeria.cr\/index.php?rest_route=\/wp\/v2\/product\/17112\/revisions"}],"predecessor-version":[{"id":17701,"href":"https:\/\/lawhiskeria.cr\/index.php?rest_route=\/wp\/v2\/product\/17112\/revisions\/17701"}],"wp:featuredmedia":[{"embeddable":true,"href":"https:\/\/lawhiskeria.cr\/index.php?rest_route=\/wp\/v2\/media\/17113"}],"wp:attachment":[{"href":"https:\/\/lawhiskeria.cr\/index.php?rest_route=%2Fwp%2Fv2%2Fmedia&parent=17112"}],"wp:term":[{"taxonomy":"product_brand","embeddable":true,"href":"https:\/\/lawhiskeria.cr\/index.php?rest_route=%2Fwp%2Fv2%2Fproduct_brand&post=17112"},{"taxonomy":"product_cat","embeddable":true,"href":"https:\/\/lawhiskeria.cr\/index.php?rest_route=%2Fwp%2Fv2%2Fproduct_cat&post=17112"},{"taxonomy":"product_tag","embeddable":true,"href":"https:\/\/lawhiskeria.cr\/index.php?rest_route=%2Fwp%2Fv2%2Fproduct_tag&post=17112"}],"curies":[{"name":"wp","href":"https:\/\/api.w.org\/{rel}","templated":true}]}}