{"id":17077,"date":"2024-06-27T22:07:01","date_gmt":"2024-06-27T22:07:01","guid":{"rendered":"https:\/\/lawhiskeria.cr\/?post_type=product&#038;p=17077"},"modified":"2024-10-29T21:18:22","modified_gmt":"2024-10-29T21:18:22","slug":"william-peel-scotch-whisky-200-ml","status":"publish","type":"product","link":"https:\/\/lawhiskeria.cr\/?product=william-peel-scotch-whisky-200-ml","title":{"rendered":"William Peel Scotch Whisky 200 ml."},"content":{"rendered":"","protected":false},"excerpt":{"rendered":"<p><strong>\u00a1WILLIAM PEEL tiene que ver con el car\u00e1cter!<\/strong><\/p>\n<p>Es el encuentro entre whiskies de malta y de grano envejecidos en barricas de roble cuidadosamente seleccionadas y mezcladas con experiencia precisa lo que le da su car\u00e1cter \u00fanico: redondo y perfectamente equilibrado con generosas notas de malta y frutas. Nuestra gama de formatos hace que haya un whisky WILLIAM PEEL para cada ocasi\u00f3n.<\/p>\n<p>William Peel se compone de<strong> 18 maltas Highland y Speyside<\/strong> junto con <strong>whisky de grano Lowland.<\/strong><\/p>\n<p><strong>Color:<\/strong> \u00c1mbar<\/p>\n<p>Notas de galleta con ligeros toques amaderados<\/p>\n<p>Descubres su car\u00e1cter redondo con generosas notas de malta y frutas.<\/p>\n<p><strong>ABV 40% &#8211; 200 ml.<\/strong><\/p>\n<p><strong>Este whisky ha sido premiado en varios concursos de renombre a nivel mundial y es el m\u00e1s vendido en Francia, manteni\u00e9ndose entre los 10 whiskies m\u00e1s vendidos en el mundo.<\/strong><\/p>\n<p><iframe loading=\"lazy\" title=\"YouTube video player\" src=\"https:\/\/www.youtube.com\/embed\/M7zyqPIFS6w?si=fkIxAe1S5QRaB4Px&amp;start=3415\" width=\"560\" height=\"315\" frameborder=\"0\" allowfullscreen=\"allowfullscreen\"><\/iframe><\/p>\n","protected":false},"featured_media":17078,"comment_status":"open","ping_status":"closed","template":"","meta":[],"product_brand":[],"product_cat":[71],"product_tag":[153,110],"class_list":{"0":"post-17077","1":"product","2":"type-product","3":"status-publish","4":"has-post-thumbnail","6":"product_cat-blends","7":"product_tag-blend","8":"product_tag-whisky-escoces","10":"first","11":"instock","12":"shipping-taxable","13":"purchasable","14":"product-type-simple"},"_links":{"self":[{"href":"https:\/\/lawhiskeria.cr\/index.php?rest_route=\/wp\/v2\/product\/17077","targetHints":{"allow":["GET"]}}],"collection":[{"href":"https:\/\/lawhiskeria.cr\/index.php?rest_route=\/wp\/v2\/product"}],"about":[{"href":"https:\/\/lawhiskeria.cr\/index.php?rest_route=\/wp\/v2\/types\/product"}],"replies":[{"embeddable":true,"href":"https:\/\/lawhiskeria.cr\/index.php?rest_route=%2Fwp%2Fv2%2Fcomments&post=17077"}],"version-history":[{"count":4,"href":"https:\/\/lawhiskeria.cr\/index.php?rest_route=\/wp\/v2\/product\/17077\/revisions"}],"predecessor-version":[{"id":17758,"href":"https:\/\/lawhiskeria.cr\/index.php?rest_route=\/wp\/v2\/product\/17077\/revisions\/17758"}],"wp:featuredmedia":[{"embeddable":true,"href":"https:\/\/lawhiskeria.cr\/index.php?rest_route=\/wp\/v2\/media\/17078"}],"wp:attachment":[{"href":"https:\/\/lawhiskeria.cr\/index.php?rest_route=%2Fwp%2Fv2%2Fmedia&parent=17077"}],"wp:term":[{"taxonomy":"product_brand","embeddable":true,"href":"https:\/\/lawhiskeria.cr\/index.php?rest_route=%2Fwp%2Fv2%2Fproduct_brand&post=17077"},{"taxonomy":"product_cat","embeddable":true,"href":"https:\/\/lawhiskeria.cr\/index.php?rest_route=%2Fwp%2Fv2%2Fproduct_cat&post=17077"},{"taxonomy":"product_tag","embeddable":true,"href":"https:\/\/lawhiskeria.cr\/index.php?rest_route=%2Fwp%2Fv2%2Fproduct_tag&post=17077"}],"curies":[{"name":"wp","href":"https:\/\/api.w.org\/{rel}","templated":true}]}}