{"id":17054,"date":"2024-06-23T00:36:21","date_gmt":"2024-06-23T00:36:21","guid":{"rendered":"https:\/\/lawhiskeria.cr\/?post_type=product&#038;p=17054"},"modified":"2025-11-04T21:17:14","modified_gmt":"2025-11-04T21:17:14","slug":"blind-seal-swedish-straight-rye-whiskey","status":"publish","type":"product","link":"https:\/\/lawhiskeria.cr\/?product=blind-seal-swedish-straight-rye-whiskey","title":{"rendered":"Blind Seal Swedish Straight Rye Whiskey"},"content":{"rendered":"","protected":false},"excerpt":{"rendered":"<p>El whiskey de centeno sueco <strong>Blind Seal<\/strong> emula un whiskey de centeno americano cl\u00e1sico. Fue macerado, destilado y madurado durante un m\u00ednimo de tres a\u00f1os en barricas nuevas de roble americano, lo que dio como resultado un car\u00e1cter generosamente complejo con notas de caramelo, pimienta negra, mentol y un final largo y especiado.<\/p>\n<p><strong>Nariz:<\/strong> Herb\u00e1ceo con intensas notas de frutas tropicales, procedentes del pl\u00e1tano, la pi\u00f1a y la naranja. Elementos de vainilla procedentes de la barrica.<\/p>\n<p><strong>Sabor:<\/strong> Sabor generoso y complejo con claras notas de caramelo y vainilla.<\/p>\n<p><strong>Final:<\/strong> Seco, picante y especiado.<\/p>\n<p>Presentado en un frasco que recuerda al estilo de botella durante la prohibici\u00f3n americana<\/p>\n<p><strong>500 ml. ABV46%.<\/strong><\/p>\n<p><b>Maridaje: <\/b>Pie de manzana, Pretzels y crackers, queso Brie, carnes grasas y sabores ahumados.<\/p>\n<p><strong>\u00daltimos premios: <\/strong><\/p>\n<p>Medalla de Oro 2024 &#8211; World Whisky Masters.<\/p>\n<p>Medalla de Plata 2024 RYE 12 years &amp; Under &#8211; World Whiskies Awards.<\/p>\n<p>Medalla de Bronce 2024 IWSC (International World Spirit Competition).<\/p>\n<p>Medalla de Plata 2023 World Whiskies Awards.<\/p>\n<p><iframe loading=\"lazy\" title=\"YouTube video player\" src=\"https:\/\/www.youtube.com\/embed\/A6yCr20TzBs?si=NhcT4wVAG6LwHc3S&amp;start=3050\" width=\"560\" height=\"315\" frameborder=\"0\" allowfullscreen=\"allowfullscreen\"><\/iframe><\/p>\n","protected":false},"featured_media":17055,"comment_status":"open","ping_status":"closed","template":"","meta":[],"product_brand":[],"product_cat":[32,70],"product_tag":[98,211,208],"class_list":{"0":"post-17054","1":"product","2":"type-product","3":"status-publish","4":"has-post-thumbnail","6":"product_cat-whisky","7":"product_cat-bourbon-american-whiskey","8":"product_tag-rye","9":"product_tag-rye-whiskey","10":"product_tag-whisky-sueco","12":"first","13":"outofstock","14":"shipping-taxable","15":"purchasable","16":"product-type-simple"},"_links":{"self":[{"href":"https:\/\/lawhiskeria.cr\/index.php?rest_route=\/wp\/v2\/product\/17054","targetHints":{"allow":["GET"]}}],"collection":[{"href":"https:\/\/lawhiskeria.cr\/index.php?rest_route=\/wp\/v2\/product"}],"about":[{"href":"https:\/\/lawhiskeria.cr\/index.php?rest_route=\/wp\/v2\/types\/product"}],"replies":[{"embeddable":true,"href":"https:\/\/lawhiskeria.cr\/index.php?rest_route=%2Fwp%2Fv2%2Fcomments&post=17054"}],"version-history":[{"count":7,"href":"https:\/\/lawhiskeria.cr\/index.php?rest_route=\/wp\/v2\/product\/17054\/revisions"}],"predecessor-version":[{"id":17785,"href":"https:\/\/lawhiskeria.cr\/index.php?rest_route=\/wp\/v2\/product\/17054\/revisions\/17785"}],"wp:featuredmedia":[{"embeddable":true,"href":"https:\/\/lawhiskeria.cr\/index.php?rest_route=\/wp\/v2\/media\/17055"}],"wp:attachment":[{"href":"https:\/\/lawhiskeria.cr\/index.php?rest_route=%2Fwp%2Fv2%2Fmedia&parent=17054"}],"wp:term":[{"taxonomy":"product_brand","embeddable":true,"href":"https:\/\/lawhiskeria.cr\/index.php?rest_route=%2Fwp%2Fv2%2Fproduct_brand&post=17054"},{"taxonomy":"product_cat","embeddable":true,"href":"https:\/\/lawhiskeria.cr\/index.php?rest_route=%2Fwp%2Fv2%2Fproduct_cat&post=17054"},{"taxonomy":"product_tag","embeddable":true,"href":"https:\/\/lawhiskeria.cr\/index.php?rest_route=%2Fwp%2Fv2%2Fproduct_tag&post=17054"}],"curies":[{"name":"wp","href":"https:\/\/api.w.org\/{rel}","templated":true}]}}