{"id":17050,"date":"2024-06-22T23:02:07","date_gmt":"2024-06-22T23:02:07","guid":{"rendered":"https:\/\/lawhiskeria.cr\/?post_type=product&#038;p=17050"},"modified":"2025-11-01T19:49:54","modified_gmt":"2025-11-01T19:49:54","slug":"agitator-kastanj-single-malt-swedish-whisky","status":"publish","type":"product","link":"https:\/\/lawhiskeria.cr\/?product=agitator-kastanj-single-malt-swedish-whisky","title":{"rendered":"Agitator Argument: Kastanj Single Malt"},"content":{"rendered":"","protected":false},"excerpt":{"rendered":"<p><strong>\u00bfY SI REPENSARAS EL WHISKY?<\/strong><\/p>\n<p>\u00bfQu\u00e9 pasar\u00eda si, en lugar de mirar hacia atr\u00e1s, volvi\u00e9ramos la mirada hacia el futuro? Estamos convencidos de que a\u00fan no se ha creado el mejor whisky. Pero estamos trabajando en eso. Entramos en el siglo XXI. Desarrollamos, mejoramos y experimentamos en nuestra constante b\u00fasqueda de nuevas obras maestras del gusto. Esperamos que se una a nosotros mientras luchamos por una forma diferente de hacer whisky.<\/p>\n<p><strong>ARGUMENTO: KASTANJ<\/strong><\/p>\n<p><strong>NARIZ Y PALADAR:<\/strong> En nariz aparecen notas de frutos secos, con vetas de pasas dulces y frutos rojos. La crianza en barricas de casta\u00f1as aporta las mismas notas en boca que en nariz. Pero a estas se suman ligeras notas de miel y vainilla, esta \u00faltima emana de la maduraci\u00f3n inicial en barricas de bourbon. El sabor persiste suavemente por un tiempo, con un final algo seco debido a los taninos de la madera. Flotando en el fondo, un ligero humo a\u00f1ade complejidad a este whisky.<\/p>\n<p><strong>MADURACI\u00d3N:<\/strong> Este producto ha reposado en barricas de bourbon, seguido de un acabado en barricas de <strong>casta\u00f1o.<\/strong><\/p>\n<p><strong>DISFRUTELO CON:<\/strong> Sabrosos quesos y chocolates.<\/p>\n<p><strong>46% ABV \u2013 700 ml.<\/strong><\/p>\n<p><strong>92 pts. 2022 IWSC.<\/strong><\/p>\n<p><iframe loading=\"lazy\" title=\"YouTube video player\" src=\"https:\/\/www.youtube.com\/embed\/Z0C2Js35lls?si=-Syf2xbDbiSgtIWu&amp;start=3779\" width=\"560\" height=\"315\" frameborder=\"0\" allowfullscreen=\"allowfullscreen\"><\/iframe><\/p>\n","protected":false},"featured_media":17052,"comment_status":"open","ping_status":"closed","template":"","meta":[],"product_brand":[],"product_cat":[32,72],"product_tag":[210,208],"class_list":{"0":"post-17050","1":"product","2":"type-product","3":"status-publish","4":"has-post-thumbnail","6":"product_cat-whisky","7":"product_cat-single-malt","8":"product_tag-single-malt-sueco","9":"product_tag-whisky-sueco","11":"first","12":"instock","13":"shipping-taxable","14":"purchasable","15":"product-type-simple"},"_links":{"self":[{"href":"https:\/\/lawhiskeria.cr\/index.php?rest_route=\/wp\/v2\/product\/17050","targetHints":{"allow":["GET"]}}],"collection":[{"href":"https:\/\/lawhiskeria.cr\/index.php?rest_route=\/wp\/v2\/product"}],"about":[{"href":"https:\/\/lawhiskeria.cr\/index.php?rest_route=\/wp\/v2\/types\/product"}],"replies":[{"embeddable":true,"href":"https:\/\/lawhiskeria.cr\/index.php?rest_route=%2Fwp%2Fv2%2Fcomments&post=17050"}],"version-history":[{"count":6,"href":"https:\/\/lawhiskeria.cr\/index.php?rest_route=\/wp\/v2\/product\/17050\/revisions"}],"predecessor-version":[{"id":17782,"href":"https:\/\/lawhiskeria.cr\/index.php?rest_route=\/wp\/v2\/product\/17050\/revisions\/17782"}],"wp:featuredmedia":[{"embeddable":true,"href":"https:\/\/lawhiskeria.cr\/index.php?rest_route=\/wp\/v2\/media\/17052"}],"wp:attachment":[{"href":"https:\/\/lawhiskeria.cr\/index.php?rest_route=%2Fwp%2Fv2%2Fmedia&parent=17050"}],"wp:term":[{"taxonomy":"product_brand","embeddable":true,"href":"https:\/\/lawhiskeria.cr\/index.php?rest_route=%2Fwp%2Fv2%2Fproduct_brand&post=17050"},{"taxonomy":"product_cat","embeddable":true,"href":"https:\/\/lawhiskeria.cr\/index.php?rest_route=%2Fwp%2Fv2%2Fproduct_cat&post=17050"},{"taxonomy":"product_tag","embeddable":true,"href":"https:\/\/lawhiskeria.cr\/index.php?rest_route=%2Fwp%2Fv2%2Fproduct_tag&post=17050"}],"curies":[{"name":"wp","href":"https:\/\/api.w.org\/{rel}","templated":true}]}}