{"id":17047,"date":"2024-06-22T22:34:21","date_gmt":"2024-06-22T22:34:21","guid":{"rendered":"https:\/\/lawhiskeria.cr\/?post_type=product&#038;p=17047"},"modified":"2024-12-02T03:32:51","modified_gmt":"2024-12-02T03:32:51","slug":"agitator-rok-single-malt-swedish-whisky","status":"publish","type":"product","link":"https:\/\/lawhiskeria.cr\/?product=agitator-rok-single-malt-swedish-whisky","title":{"rendered":"Agitator R\u00d6K Single Malt Swedish Whisky"},"content":{"rendered":"<p><strong>\u00bfY SI REPENSARAS EL WHISKY?<\/strong><\/p>\n<p>\u00bfQu\u00e9 pasar\u00eda si, en lugar de mirar hacia atr\u00e1s, volvi\u00e9ramos la mirada hacia el futuro? Estamos convencidos de que a\u00fan no se ha creado el mejor whisky. Pero estamos trabajando en eso. Entramos en el siglo XXI. Desarrollamos, mejoramos y experimentamos en nuestra constante b\u00fasqueda de nuevas obras maestras del gusto. Esperamos que se una a nosotros mientras luchamos por una forma diferente de hacer whisky.<\/p>\n","protected":false},"excerpt":{"rendered":"<p><strong>WHISKY DE PURA MALTA R\u00d6K<\/strong><\/p>\n<p><strong>Un whisky de pura malta suave y ahumado, a\u00f1ejado y madurado en barricas de casta\u00f1o y ex-Islay.<\/strong><\/p>\n<p><strong>NOTAS DE CATA<\/strong><\/p>\n<p><strong>NARIZ: Hay notas de turba favorecedoras, acompa\u00f1adas de paja ligera y hierbas, y madera equilibrada.<\/strong><\/p>\n<p><strong>GUSTO: Hay un cierto toque a turba que persiste sin llegar a ser abrumador. Las hierbas de la nariz reaparecen en el paladar, junto con notas distintivas de albaricoques secos (Orejonas).<\/strong><\/p>\n<p><strong>En el final, hay una cierta salinidad, sin duda porque maduramos en barricas que anteriormente conten\u00edan whisky de Islay (Laphroaig).<\/strong><\/p>\n<p><strong>43% ABV \u2013 700 ml.<\/strong><\/p>\n<p><strong>92 pts. IWSC 2022.<\/strong><\/p>\n<p><strong>Disfr\u00fatalo con: Quesos fuertes y sabrosos, como el queso azul; el chocolate negro, las ostras o el pescado ahumado, como el salm\u00f3n. Carnes grasas a la parrilla en general, chorizo y morcilla.<\/strong><\/p>\n<p><strong>Agitador de Penicilina: 60 ml. Agitator R\u00f6k,\u00a0<\/strong><strong>22,5 ml <\/strong><strong>de sirope de miel y jengibre,\u00a0<\/strong><strong>22,5 ml de zumo de lim\u00f3n, <\/strong><strong>3 gotas de salmuera o soluci\u00f3n salina. <\/strong><strong>Adorne con una rodaja de lim\u00f3n y una rodaja de jengibre.<\/strong><\/p>\n<p><iframe loading=\"lazy\" title=\"YouTube video player\" src=\"https:\/\/www.youtube.com\/embed\/Wi6yovAC-V8?si=GPUBfzQMQ0yQvZLo&amp;start=3022\" width=\"560\" height=\"315\" frameborder=\"0\" allowfullscreen=\"allowfullscreen\"><\/iframe><\/p>\n","protected":false},"featured_media":17048,"comment_status":"open","ping_status":"closed","template":"","meta":[],"product_brand":[],"product_cat":[72],"product_tag":[210,208],"class_list":{"0":"post-17047","1":"product","2":"type-product","3":"status-publish","4":"has-post-thumbnail","6":"product_cat-single-malt","7":"product_tag-single-malt-sueco","8":"product_tag-whisky-sueco","10":"first","11":"instock","12":"shipping-taxable","13":"purchasable","14":"product-type-simple"},"_links":{"self":[{"href":"https:\/\/lawhiskeria.cr\/index.php?rest_route=\/wp\/v2\/product\/17047","targetHints":{"allow":["GET"]}}],"collection":[{"href":"https:\/\/lawhiskeria.cr\/index.php?rest_route=\/wp\/v2\/product"}],"about":[{"href":"https:\/\/lawhiskeria.cr\/index.php?rest_route=\/wp\/v2\/types\/product"}],"replies":[{"embeddable":true,"href":"https:\/\/lawhiskeria.cr\/index.php?rest_route=%2Fwp%2Fv2%2Fcomments&post=17047"}],"version-history":[{"count":6,"href":"https:\/\/lawhiskeria.cr\/index.php?rest_route=\/wp\/v2\/product\/17047\/revisions"}],"predecessor-version":[{"id":17978,"href":"https:\/\/lawhiskeria.cr\/index.php?rest_route=\/wp\/v2\/product\/17047\/revisions\/17978"}],"wp:featuredmedia":[{"embeddable":true,"href":"https:\/\/lawhiskeria.cr\/index.php?rest_route=\/wp\/v2\/media\/17048"}],"wp:attachment":[{"href":"https:\/\/lawhiskeria.cr\/index.php?rest_route=%2Fwp%2Fv2%2Fmedia&parent=17047"}],"wp:term":[{"taxonomy":"product_brand","embeddable":true,"href":"https:\/\/lawhiskeria.cr\/index.php?rest_route=%2Fwp%2Fv2%2Fproduct_brand&post=17047"},{"taxonomy":"product_cat","embeddable":true,"href":"https:\/\/lawhiskeria.cr\/index.php?rest_route=%2Fwp%2Fv2%2Fproduct_cat&post=17047"},{"taxonomy":"product_tag","embeddable":true,"href":"https:\/\/lawhiskeria.cr\/index.php?rest_route=%2Fwp%2Fv2%2Fproduct_tag&post=17047"}],"curies":[{"name":"wp","href":"https:\/\/api.w.org\/{rel}","templated":true}]}}