{"id":16965,"date":"2024-05-17T17:36:41","date_gmt":"2024-05-17T17:36:41","guid":{"rendered":"https:\/\/lawhiskeria.cr\/?post_type=product&#038;p=16965"},"modified":"2024-10-29T05:45:29","modified_gmt":"2024-10-29T05:45:29","slug":"jack-daniels-tennessee-honey-1l","status":"publish","type":"product","link":"https:\/\/lawhiskeria.cr\/?product=jack-daniels-tennessee-honey-1l","title":{"rendered":"Jack Daniel&#8217;s Tennessee Honey 1L"},"content":{"rendered":"","protected":false},"excerpt":{"rendered":"<p style=\"font-weight: 400;\">UN POCO DE MIEL, MUCHO JACK.<\/p>\n<p style=\"font-weight: 400;\">Una mezcla de Jack Daniel&#8217;s Tennessee Whiskey y un licor de miel \u00fanico de nuestra propia elaboraci\u00f3n, para un sabor \u00fanico e inconfundible de Jack. Con toques de miel y un final que es naturalmente suave, Tennessee Honey de Jack Daniel&#8217;s ofrece una muestra de lo inesperado.<\/p>\n<p style=\"font-weight: 400;\">HECHO CON MIEL DE VERDAD<\/p>\n<p style=\"font-weight: 400;\">MEZCLADO CON ANTIGUO NO. 7<\/p>\n<p style=\"font-weight: 400;\">SABOR NATURALMENTE DULCE Y SUAVE<\/p>\n<p style=\"font-weight: 400;\">ABV 35% \u2013 1000 ml.<\/p>\n","protected":false},"featured_media":15793,"comment_status":"open","ping_status":"closed","template":"","meta":[],"product_brand":[],"product_cat":[70,20],"product_tag":[79,100,77,101],"class_list":{"0":"post-16965","1":"product","2":"type-product","3":"status-publish","4":"has-post-thumbnail","6":"product_cat-bourbon-american-whiskey","7":"product_cat-lpremium","8":"product_tag-american-whiskey","9":"product_tag-honey","10":"product_tag-licor-de-miel","11":"product_tag-tennesse-whiskey","13":"first","14":"instock","15":"shipping-taxable","16":"purchasable","17":"product-type-simple"},"_links":{"self":[{"href":"https:\/\/lawhiskeria.cr\/index.php?rest_route=\/wp\/v2\/product\/16965","targetHints":{"allow":["GET"]}}],"collection":[{"href":"https:\/\/lawhiskeria.cr\/index.php?rest_route=\/wp\/v2\/product"}],"about":[{"href":"https:\/\/lawhiskeria.cr\/index.php?rest_route=\/wp\/v2\/types\/product"}],"replies":[{"embeddable":true,"href":"https:\/\/lawhiskeria.cr\/index.php?rest_route=%2Fwp%2Fv2%2Fcomments&post=16965"}],"version-history":[{"count":1,"href":"https:\/\/lawhiskeria.cr\/index.php?rest_route=\/wp\/v2\/product\/16965\/revisions"}],"predecessor-version":[{"id":16966,"href":"https:\/\/lawhiskeria.cr\/index.php?rest_route=\/wp\/v2\/product\/16965\/revisions\/16966"}],"wp:featuredmedia":[{"embeddable":true,"href":"https:\/\/lawhiskeria.cr\/index.php?rest_route=\/wp\/v2\/media\/15793"}],"wp:attachment":[{"href":"https:\/\/lawhiskeria.cr\/index.php?rest_route=%2Fwp%2Fv2%2Fmedia&parent=16965"}],"wp:term":[{"taxonomy":"product_brand","embeddable":true,"href":"https:\/\/lawhiskeria.cr\/index.php?rest_route=%2Fwp%2Fv2%2Fproduct_brand&post=16965"},{"taxonomy":"product_cat","embeddable":true,"href":"https:\/\/lawhiskeria.cr\/index.php?rest_route=%2Fwp%2Fv2%2Fproduct_cat&post=16965"},{"taxonomy":"product_tag","embeddable":true,"href":"https:\/\/lawhiskeria.cr\/index.php?rest_route=%2Fwp%2Fv2%2Fproduct_tag&post=16965"}],"curies":[{"name":"wp","href":"https:\/\/api.w.org\/{rel}","templated":true}]}}