{"id":16909,"date":"2024-05-02T20:12:06","date_gmt":"2024-05-02T20:12:06","guid":{"rendered":"https:\/\/lawhiskeria.cr\/?post_type=product&#038;p=16909"},"modified":"2026-03-24T04:18:37","modified_gmt":"2026-03-24T04:18:37","slug":"vino-valtravieso-crianza","status":"publish","type":"product","link":"https:\/\/lawhiskeria.cr\/?product=vino-valtravieso-crianza","title":{"rendered":"Valtravieso Crianza"},"content":{"rendered":"","protected":false},"excerpt":{"rendered":"<p>El reflejo de una bodega que elabora vinos de altura a m\u00e1s de 915 m. Un crianza serio, con cuerpo y car\u00e1cter mineral, con una sensaci\u00f3n en boca fresca, tensa y un final largo sobre tanino arom\u00e1tico.<\/p>\n<p><strong>Procedencia:<\/strong> Espa\u00f1a, Ribera del Duero.<\/p>\n<p><strong>A\u00f1ada<\/strong>: 2019. Se caracteriza por un invierno muy seco con temperaturas muy bajas, sin nevadas, y una brotaci\u00f3n tard\u00eda con bayas peque\u00f1as y muy concentradas, algo que ha marcado mucho el estilo de la a\u00f1ada.<\/p>\n<p><strong>Variedad(es):<\/strong> Tinto Fino (93%), Cabernet Sauvignon (4%) y Merlot (3%).<\/p>\n<p><strong>Crianza:<\/strong> Al menos 12 meses en barrica de roble franc\u00e9s 90% y americano 10% pasando luego a afinarse en botella,<br \/>\nen total 2 a\u00f1os. El 95% de las barricas utilizadas tienen una capacidad de 225 litros, y el 5% restante de 300 litros.<\/p>\n<p><strong>Notas de cata:<\/strong><br \/>\n<strong>Vista:<\/strong> Color rojo picota de capa media-alta.<br \/>\n<strong>Nariz:<\/strong> Aromas frutales de grosella y fresa en compota con notas especiadas y torrefactos.<br \/>\n<strong>Boca:<\/strong> Amable con taninos finos y bien integrados, volumen preciso y un paso en boca fresco gracias a su viva acidez.<\/p>\n<p><strong>Maridaje: <\/strong>Perfecto para acompa\u00f1ar carnes a la brasa, quesos curados y guisos con carne roja. As\u00ed como pescados al horno y platos de pasta.<\/p>\n<p><strong>Premios y reconocimientos:<\/strong><br \/>\n<strong>A\u00f1ada 2019:<\/strong> Tim Atkin 92 puntos.<br \/>\n<strong>A\u00f1ada 2018:<\/strong> Gu\u00eda Pe\u00f1in 91 puntos | James Suckling 91 puntos | Robert Parker 90 puntos.<\/p>\n<p><strong>ABV 15% &#8211; 750 ml.<\/strong><\/p>\n<p><iframe loading=\"lazy\" title=\"YouTube video player\" src=\"https:\/\/www.youtube.com\/embed\/7lCWgfU7M_8?si=WxbaRytKqIBACQzK&amp;start=3823\" width=\"560\" height=\"315\" frameborder=\"0\" allowfullscreen=\"allowfullscreen\"><\/iframe><\/p>\n","protected":false},"featured_media":16910,"comment_status":"open","ping_status":"closed","template":"","meta":[],"product_brand":[],"product_cat":[420,29],"product_tag":[158,161,149],"class_list":{"0":"post-16909","1":"product","2":"type-product","3":"status-publish","4":"has-post-thumbnail","6":"product_cat-tinto","7":"product_cat-vinos","8":"product_tag-cabernet-sauvignon","9":"product_tag-tinto-fino","10":"product_tag-vino-espanol","12":"first","13":"instock","14":"shipping-taxable","15":"purchasable","16":"product-type-simple"},"_links":{"self":[{"href":"https:\/\/lawhiskeria.cr\/index.php?rest_route=\/wp\/v2\/product\/16909","targetHints":{"allow":["GET"]}}],"collection":[{"href":"https:\/\/lawhiskeria.cr\/index.php?rest_route=\/wp\/v2\/product"}],"about":[{"href":"https:\/\/lawhiskeria.cr\/index.php?rest_route=\/wp\/v2\/types\/product"}],"replies":[{"embeddable":true,"href":"https:\/\/lawhiskeria.cr\/index.php?rest_route=%2Fwp%2Fv2%2Fcomments&post=16909"}],"version-history":[{"count":5,"href":"https:\/\/lawhiskeria.cr\/index.php?rest_route=\/wp\/v2\/product\/16909\/revisions"}],"predecessor-version":[{"id":17709,"href":"https:\/\/lawhiskeria.cr\/index.php?rest_route=\/wp\/v2\/product\/16909\/revisions\/17709"}],"wp:featuredmedia":[{"embeddable":true,"href":"https:\/\/lawhiskeria.cr\/index.php?rest_route=\/wp\/v2\/media\/16910"}],"wp:attachment":[{"href":"https:\/\/lawhiskeria.cr\/index.php?rest_route=%2Fwp%2Fv2%2Fmedia&parent=16909"}],"wp:term":[{"taxonomy":"product_brand","embeddable":true,"href":"https:\/\/lawhiskeria.cr\/index.php?rest_route=%2Fwp%2Fv2%2Fproduct_brand&post=16909"},{"taxonomy":"product_cat","embeddable":true,"href":"https:\/\/lawhiskeria.cr\/index.php?rest_route=%2Fwp%2Fv2%2Fproduct_cat&post=16909"},{"taxonomy":"product_tag","embeddable":true,"href":"https:\/\/lawhiskeria.cr\/index.php?rest_route=%2Fwp%2Fv2%2Fproduct_tag&post=16909"}],"curies":[{"name":"wp","href":"https:\/\/api.w.org\/{rel}","templated":true}]}}