{"id":16563,"date":"2024-04-05T19:16:00","date_gmt":"2024-04-05T19:16:00","guid":{"rendered":"https:\/\/stag.lawhiskeria.cr\/?post_type=product&#038;p=16563"},"modified":"2026-03-10T17:34:52","modified_gmt":"2026-03-10T17:34:52","slug":"akashi-red-japanese-blended","status":"publish","type":"product","link":"https:\/\/lawhiskeria.cr\/?product=akashi-red-japanese-blended","title":{"rendered":"Akashi Red Japanese Blended"},"content":{"rendered":"<p style=\"font-weight: 400;\">Creada en 2007 por Mikio Hiraishi, la marca Akashi se presenta en numerosos embotellados, como single casks, single malts o blends, cuya calidad es ahora ampliamente reconocida y apreciada en todo el mundo.<\/p>\n<p style=\"font-weight: 400;\">Situada cerca del mar interior de Seto, en la prefectura de Hyogo, donde el clima tiene grandes diferencias de temperatura entre verano e invierno, la\u00a0<b><strong>destiler\u00eda de Eigashima<\/strong><\/b>, antiguamente llamada White Oak, fue construida en 1984 por Mikio Hiraishi.<\/p>\n<p style=\"font-weight: 400;\">Los whiskies Akashi han conservado su autenticidad y reflejan perfectamente el esp\u00edritu artesanal y pionero de la destiler\u00eda de Eigashima al proponer una amplia gama de whiskies de los cuales los single malts son el buque insignia.<\/p>\n","protected":false},"excerpt":{"rendered":"<p style=\"font-weight: 400;\">El Whisky Akashi red Blended es una mezcla t\u00edpica japonesa. 30% de cebada malteada y 70% de grano se utilizan para este whisky. La maduraci\u00f3n dura por lo menos cinco a\u00f1os; tres a\u00f1os barricas ex[1]bourbon y se termina en barriles de roble japon\u00e9s que contuvieron Shochu (El sh\u014dch\u016b es una bebida alcoh\u00f3lica de Jap\u00f3n, com\u00fanmente destilada de cebada, boniato o arroz).<\/p>\n<p style=\"font-weight: 400;\"><b><strong>Notas de Cata:<\/strong><\/b><\/p>\n<p style=\"font-weight: 400;\"><b><strong>Vista:<\/strong><\/b>\u00a0Ma\u00edz amarillo, dorado.<\/p>\n<p style=\"font-weight: 400;\"><b><strong>Nariz:<\/strong><\/b>\u00a0Cebada y ma\u00edz acompa\u00f1ado de un sutil dulzor de caramelo. Ralladura de lima y un toque de miel y terroso hacia el final de la nariz.<\/p>\n<p style=\"font-weight: 400;\"><b><strong>Boca:<\/strong><\/b>\u00a0Notas de miel y chocolate con un toque de c\u00edtrico, seguido de c\u00e1scaras de jengibre.<\/p>\n<p style=\"font-weight: 400;\"><b><strong>Final<\/strong><\/b>\u00a0corto con notas de vainilla y malta.<\/p>\n<p style=\"font-weight: 400;\"><b><strong>Maride con:<\/strong><\/b>\u00a0Sushi &#8211; Salm\u00f3n ahumado &#8211; Carnes agridulces.<\/p>\n<p style=\"font-weight: 400;\"><b><strong>ABV 40% \u2013 500 ml.<\/strong><\/b><\/p>\n<p><iframe loading=\"lazy\" title=\"YouTube video player\" src=\"https:\/\/www.youtube.com\/embed\/K7Q872coO38?si=H9buRGfHpW2cHs78&amp;start=2144\" width=\"560\" height=\"315\" frameborder=\"0\" allowfullscreen=\"allowfullscreen\"><\/iframe><\/p>\n","protected":false},"featured_media":16564,"comment_status":"open","ping_status":"closed","template":"","meta":[],"product_brand":[],"product_cat":[32,71],"product_tag":[153,106,186],"class_list":{"0":"post-16563","1":"product","2":"type-product","3":"status-publish","4":"has-post-thumbnail","6":"product_cat-whisky","7":"product_cat-blends","8":"product_tag-blend","9":"product_tag-japanesse-whisky","10":"product_tag-whisky-japones","12":"first","13":"outofstock","14":"shipping-taxable","15":"purchasable","16":"product-type-simple"},"_links":{"self":[{"href":"https:\/\/lawhiskeria.cr\/index.php?rest_route=\/wp\/v2\/product\/16563","targetHints":{"allow":["GET"]}}],"collection":[{"href":"https:\/\/lawhiskeria.cr\/index.php?rest_route=\/wp\/v2\/product"}],"about":[{"href":"https:\/\/lawhiskeria.cr\/index.php?rest_route=\/wp\/v2\/types\/product"}],"replies":[{"embeddable":true,"href":"https:\/\/lawhiskeria.cr\/index.php?rest_route=%2Fwp%2Fv2%2Fcomments&post=16563"}],"version-history":[{"count":4,"href":"https:\/\/lawhiskeria.cr\/index.php?rest_route=\/wp\/v2\/product\/16563\/revisions"}],"predecessor-version":[{"id":17749,"href":"https:\/\/lawhiskeria.cr\/index.php?rest_route=\/wp\/v2\/product\/16563\/revisions\/17749"}],"wp:featuredmedia":[{"embeddable":true,"href":"https:\/\/lawhiskeria.cr\/index.php?rest_route=\/wp\/v2\/media\/16564"}],"wp:attachment":[{"href":"https:\/\/lawhiskeria.cr\/index.php?rest_route=%2Fwp%2Fv2%2Fmedia&parent=16563"}],"wp:term":[{"taxonomy":"product_brand","embeddable":true,"href":"https:\/\/lawhiskeria.cr\/index.php?rest_route=%2Fwp%2Fv2%2Fproduct_brand&post=16563"},{"taxonomy":"product_cat","embeddable":true,"href":"https:\/\/lawhiskeria.cr\/index.php?rest_route=%2Fwp%2Fv2%2Fproduct_cat&post=16563"},{"taxonomy":"product_tag","embeddable":true,"href":"https:\/\/lawhiskeria.cr\/index.php?rest_route=%2Fwp%2Fv2%2Fproduct_tag&post=16563"}],"curies":[{"name":"wp","href":"https:\/\/api.w.org\/{rel}","templated":true}]}}