{"id":16560,"date":"2024-04-04T17:20:02","date_gmt":"2024-04-04T17:20:02","guid":{"rendered":"https:\/\/stag.lawhiskeria.cr\/?post_type=product&#038;p=16560"},"modified":"2024-10-30T21:14:03","modified_gmt":"2024-10-30T21:14:03","slug":"kamiki-original-japanese-blended-malt","status":"publish","type":"product","link":"https:\/\/lawhiskeria.cr\/?product=kamiki-original-japanese-blended-malt","title":{"rendered":"Kamiki Original Japanese Blended Malt"},"content":{"rendered":"<ul>\n<li><b>Medalla de ORO del Asia <\/b><b>Spirits<\/b> <b>Challenge<\/b><\/li>\n<li><b>Medalla de Oro del <\/b><b>Meininger&#8217;s<\/b><b> International <\/b><b>Spirits<\/b> <b>Award<\/b><b>\u00a0<\/b><\/li>\n<li><b>Medalla de ORO del <\/b><b>European<\/b> <b>Spirits<\/b> <b>Challenge<\/b><b> 2022<\/b><\/li>\n<li><b>Medalla de oro del Festival de cerveza y whisky de Gotemburgo 2022<\/b><\/li>\n<li><b>Medalla de ORO del Trofeo Internacional de Frankfurt 2022<\/b><\/li>\n<li><b>Medalla \u201cORO\u201d 2022 del Los <\/b><b>Angeles<\/b> <b>Invitational<\/b> <b>Wine<\/b><b> &amp; <\/b><b>Spirits<\/b> <b>Challenge<\/b><\/li>\n<li><b>Medalla de BRONCE del Concurso Internacional de Vinos y Licores Cathay Hong Kong 2022<\/b><\/li>\n<li><b>Medalla \u201cORO\u201d 2021 del concurso de la revista <\/b><b>Cigar<\/b><b> &amp; <\/b><b>Spirits<\/b><\/li>\n<li><b>\u201cEL MEJOR EN SU CLASE\u201d, en los premios <\/b><b>Spirit<\/b> <b>Awards<\/b><b> 2021 de <\/b><b>Sunset<\/b><\/li>\n<li><b>Medalla de \u201cORO\u201d en los premios China <\/b><b>Wine<\/b><b> and <\/b><b>Spirits<\/b> <b>Awards<\/b><b> 2021<\/b><\/li>\n<li><b>Medalla \u201cPLATINO\u201d de los SIP <\/b><b>Awards<\/b><b> 2021<\/b><\/li>\n<li><b>\u201cBRONCE\u201d en los <\/b><b>Bartender<\/b> <b>Spirit<\/b> <b>Awards<\/b><b> 2021<\/b><\/li>\n<li><b>\u201cORO\u201d del Concurso de la Revista CIGAR and SPIRITS 2020<\/b><\/li>\n<li><b>\u201cPREMIO PLATINO\u201d de los LA <\/b><b>Spirits<\/b> <b>Awards<\/b><b> 2020<\/b><\/li>\n<li><b>PREMIO \u201cBEST IN SHOW\u201d de los LA <\/b><b>Spirits<\/b> <b>Awards<\/b><b> 2020<\/b><\/li>\n<li><b>\u201c91,00 puntos\u201d de la Biblia del whisky de Jim Murray 2021<\/b><\/li>\n<li><b>Medalla de \u201cPLATA\u201d en la London <\/b><b>Spirits<\/b> <b>Competition<\/b><b> 2020<\/b><\/li>\n<li><b>Medalla de \u201cPLATA\u201d del <\/b><b>World<\/b><b> Whisky Masters 2020<\/b><\/li>\n<li><b>Medalla de ORO del Festival del Whisky de Roma 2020<\/b><\/li>\n<li><b>\u201c90,5 puntos\u201d de la Biblia del whisky de Jim Murray 2020<\/b><\/li>\n<li><b>\u201cTROFEO DEL PRESIDENTE \u2013 PREMIO M\u00c1S ALTO\u201d del Ultimate <\/b><b>Spirit<\/b> <b>Challenge<\/b><b> 2018<\/b><\/li>\n<li><b>Medalla de oro de los premios China <\/b><b>Wine<\/b><b> and <\/b><b>Spirits<\/b> <b>Awards<\/b><b> 2018<\/b><\/li>\n<li><b>Medalla de ORO en los Global <\/b><b>Spirit<\/b> <b>Awards<\/b><b> 2017 de Las Vegas<\/b><\/li>\n<li><b>Medalla de \u201cPLATA\u201d en el Concurso Internacional de Vinos y Licores de Nueva York 2017<\/b><\/li>\n<li><b>Medalla de \u201cORO\u201d en el Concurso Internacional de Bebidas Espirituosas de San Diego 2017<\/b><\/li>\n<li><b>Premio \u201cPLATA\u201d del Concurso de la Convenci\u00f3n de Mayoristas de Vinos y Licores de Estados Unidos de 2017<\/b><\/li>\n<li><b>Premio \u201cPLATA\u201d del Concurso de Degustaci\u00f3n IWSC 2017<\/b><\/li>\n<li><b>Premio \u201cBRONCE\u201d en el Concurso de Paquetes IWSC 2017<\/b><\/li>\n<\/ul>\n","protected":false},"excerpt":{"rendered":"<p style=\"font-weight: 400;\"><b><strong>Kamiki<\/strong><\/b>\u00a0es una nueva expresi\u00f3n de\u00a0<b><strong>whisky premium japon\u00e9s<\/strong><\/b>\u00a0bendecido por los sacerdotes Omiwa de Nara. Nara es la antigua capital de Jap\u00f3n y alberga muchos templos de las religiones sinto\u00edsta, tengri y budista, lo que hace de Nara \u00abLa ciudad de los templos\u00bb.<\/p>\n<p style=\"font-weight: 400;\">El nombre Kamiki se deriva de la monta\u00f1a Miwa (Monta\u00f1a de Dios), que est\u00e1 protegida por los sacerdotes Omiwa. Inspirado por las hermosas brisas provenientes de Miwa, el whisky se llama KAMIKI, donde KAMI significa Dios e IKI significa aliento.<\/p>\n<p><strong>Kamiki es un blended malt<\/strong> con algunos raros whiskies de malta japonesa y los mejores whiskies de malta del resto del mundo, fusionamos esta mezcla \u00fanica con agua de manantial pura de la m\u00e1s alta calidad de Jap\u00f3n.<\/p>\n<p style=\"font-weight: 400;\">Ha sido envejecido en barricas de roble durante un m\u00ednimo de tres a\u00f1os y un segundo envejecido en\u00a0<b><strong>barricas de cedro japones (Yoshino Sugi) no carbonizadas<\/strong><\/b>.<\/p>\n<p style=\"font-weight: 400;\">Kamiki tiene un sabor suave y complejo impulsado por la cebada malteada.<\/p>\n<p><b>Color natural. Oro intenso.<\/b><\/p>\n<p><b>Nariz: <\/b>Una miel de brezo y suave s\u00e1ndalo perfectamente equilibrados; fragancia de flores c\u00edtrica, manzana horneada y notas agradables a madera.<\/p>\n<p><b>Boca: <\/b>Caramelo dulce, miel de brezo, ciruela japonesa, roble equilibrado con turba y toques de s\u00e1ndalo y t\u00e9 verde.<\/p>\n<p><b>Final: <\/b>Toques de caramelo y un final duradero con una ralladura de t\u00e9 verde. Algo herbal y especiado.<\/p>\n<p><b>ABV 48% \u2013 750 ml. Sin filtrado en fr\u00edo.<\/b><\/p>\n<p><iframe loading=\"lazy\" title=\"YouTube video player\" src=\"https:\/\/www.youtube.com\/embed\/l6_CvP74O4M?si=x-_wWey4NmUHkli5&amp;start=3461\" width=\"560\" height=\"315\" frameborder=\"0\" allowfullscreen=\"allowfullscreen\"><\/iframe><\/p>\n","protected":false},"featured_media":16561,"comment_status":"open","ping_status":"closed","template":"","meta":[],"product_brand":[],"product_cat":[71],"product_tag":[185,106,186],"class_list":{"0":"post-16560","1":"product","2":"type-product","3":"status-publish","4":"has-post-thumbnail","6":"product_cat-blends","7":"product_tag-blend-malt","8":"product_tag-japanesse-whisky","9":"product_tag-whisky-japones","11":"first","12":"instock","13":"shipping-taxable","14":"purchasable","15":"product-type-simple"},"_links":{"self":[{"href":"https:\/\/lawhiskeria.cr\/index.php?rest_route=\/wp\/v2\/product\/16560","targetHints":{"allow":["GET"]}}],"collection":[{"href":"https:\/\/lawhiskeria.cr\/index.php?rest_route=\/wp\/v2\/product"}],"about":[{"href":"https:\/\/lawhiskeria.cr\/index.php?rest_route=\/wp\/v2\/types\/product"}],"replies":[{"embeddable":true,"href":"https:\/\/lawhiskeria.cr\/index.php?rest_route=%2Fwp%2Fv2%2Fcomments&post=16560"}],"version-history":[{"count":6,"href":"https:\/\/lawhiskeria.cr\/index.php?rest_route=\/wp\/v2\/product\/16560\/revisions"}],"predecessor-version":[{"id":17778,"href":"https:\/\/lawhiskeria.cr\/index.php?rest_route=\/wp\/v2\/product\/16560\/revisions\/17778"}],"wp:featuredmedia":[{"embeddable":true,"href":"https:\/\/lawhiskeria.cr\/index.php?rest_route=\/wp\/v2\/media\/16561"}],"wp:attachment":[{"href":"https:\/\/lawhiskeria.cr\/index.php?rest_route=%2Fwp%2Fv2%2Fmedia&parent=16560"}],"wp:term":[{"taxonomy":"product_brand","embeddable":true,"href":"https:\/\/lawhiskeria.cr\/index.php?rest_route=%2Fwp%2Fv2%2Fproduct_brand&post=16560"},{"taxonomy":"product_cat","embeddable":true,"href":"https:\/\/lawhiskeria.cr\/index.php?rest_route=%2Fwp%2Fv2%2Fproduct_cat&post=16560"},{"taxonomy":"product_tag","embeddable":true,"href":"https:\/\/lawhiskeria.cr\/index.php?rest_route=%2Fwp%2Fv2%2Fproduct_tag&post=16560"}],"curies":[{"name":"wp","href":"https:\/\/api.w.org\/{rel}","templated":true}]}}