{"id":16557,"date":"2024-04-04T17:14:15","date_gmt":"2024-04-04T17:14:15","guid":{"rendered":"https:\/\/stag.lawhiskeria.cr\/?post_type=product&#038;p=16557"},"modified":"2025-11-27T03:01:14","modified_gmt":"2025-11-27T03:01:14","slug":"kamiki-intense-japanese-blended-malt","status":"publish","type":"product","link":"https:\/\/lawhiskeria.cr\/?product=kamiki-intense-japanese-blended-malt","title":{"rendered":"Kamiki Intense Japanese Blended Malt"},"content":{"rendered":"<p style=\"font-weight: 400;\"><b><strong>Kamiki<\/strong><\/b>\u00a0es una nueva expresi\u00f3n de\u00a0<b><strong>whisky premium japon\u00e9s<\/strong><\/b>\u00a0bendecido por los sacerdotes Omiwa de Nara. Nara es la antigua capital de Jap\u00f3n y alberga muchos templos de las religiones sinto\u00edsta, tengri y budista, lo que hace de Nara \u00abLa ciudad de los templos\u00bb.<\/p>\n<p style=\"font-weight: 400;\">El nombre Kamiki se deriva de la monta\u00f1a Miwa (Monta\u00f1a de Dios), que est\u00e1 protegida por los sacerdotes Omiwa. Inspirado por las hermosas brisas provenientes de Miwa, el whisky se llama KAMIKI, donde KAMI significa Dios e IKI significa aliento<\/p>\n","protected":false},"excerpt":{"rendered":"<p style=\"font-weight: 400;\">El Kamiki Intense ha sido envejecido en barricas de roble durante un m\u00ednimo de tres a\u00f1os y un segundo envejecido en<b><strong>\u00a0barricas de cedro japones (Yoshino Sugi) no carbonizadas<\/strong><\/b>\u00a0durante m\u00e1s tiempo que Kamiki Original.<\/p>\n<p style=\"font-weight: 400;\"><b><strong>Kamiki\u00a0<\/strong><\/b>tiene un sabor suave y complejo impulsado por la cebada malteada.<\/p>\n<p style=\"font-weight: 400;\"><b><strong>Nariz:<\/strong><\/b>\u00a0Chocolate Obscuro, cedro y s\u00e1ndalo.<\/p>\n<p style=\"font-weight: 400;\"><b><strong>Boca:<\/strong><\/b>\u00a0Queque de pasas mezclado con el roble turbado.<\/p>\n<p style=\"font-weight: 400;\"><b><strong>Final:<\/strong><\/b>\u00a0Duradero con una ralladura de queque de chocolate con sabor a t\u00e9 verde.<\/p>\n<p style=\"font-weight: 400;\"><b><strong>ABV 48% &#8211; 750 ml.<\/strong><\/b><\/p>\n<p>&nbsp;<\/p>\n<p><iframe loading=\"lazy\" title=\"YouTube video player\" src=\"https:\/\/www.youtube.com\/embed\/eHm8kW6Jt5g?si=av1jcIeq6y-8YG61&amp;start=1983\" width=\"560\" height=\"315\" frameborder=\"0\" allowfullscreen=\"allowfullscreen\"><\/iframe><\/p>\n<p>&nbsp;<\/p>\n","protected":false},"featured_media":16558,"comment_status":"open","ping_status":"closed","template":"","meta":[],"product_brand":[],"product_cat":[32,71],"product_tag":[185,106,186],"class_list":{"0":"post-16557","1":"product","2":"type-product","3":"status-publish","4":"has-post-thumbnail","6":"product_cat-whisky","7":"product_cat-blends","8":"product_tag-blend-malt","9":"product_tag-japanesse-whisky","10":"product_tag-whisky-japones","12":"first","13":"instock","14":"shipping-taxable","15":"purchasable","16":"product-type-simple"},"_links":{"self":[{"href":"https:\/\/lawhiskeria.cr\/index.php?rest_route=\/wp\/v2\/product\/16557","targetHints":{"allow":["GET"]}}],"collection":[{"href":"https:\/\/lawhiskeria.cr\/index.php?rest_route=\/wp\/v2\/product"}],"about":[{"href":"https:\/\/lawhiskeria.cr\/index.php?rest_route=\/wp\/v2\/types\/product"}],"replies":[{"embeddable":true,"href":"https:\/\/lawhiskeria.cr\/index.php?rest_route=%2Fwp%2Fv2%2Fcomments&post=16557"}],"version-history":[{"count":4,"href":"https:\/\/lawhiskeria.cr\/index.php?rest_route=\/wp\/v2\/product\/16557\/revisions"}],"predecessor-version":[{"id":19498,"href":"https:\/\/lawhiskeria.cr\/index.php?rest_route=\/wp\/v2\/product\/16557\/revisions\/19498"}],"wp:featuredmedia":[{"embeddable":true,"href":"https:\/\/lawhiskeria.cr\/index.php?rest_route=\/wp\/v2\/media\/16558"}],"wp:attachment":[{"href":"https:\/\/lawhiskeria.cr\/index.php?rest_route=%2Fwp%2Fv2%2Fmedia&parent=16557"}],"wp:term":[{"taxonomy":"product_brand","embeddable":true,"href":"https:\/\/lawhiskeria.cr\/index.php?rest_route=%2Fwp%2Fv2%2Fproduct_brand&post=16557"},{"taxonomy":"product_cat","embeddable":true,"href":"https:\/\/lawhiskeria.cr\/index.php?rest_route=%2Fwp%2Fv2%2Fproduct_cat&post=16557"},{"taxonomy":"product_tag","embeddable":true,"href":"https:\/\/lawhiskeria.cr\/index.php?rest_route=%2Fwp%2Fv2%2Fproduct_tag&post=16557"}],"curies":[{"name":"wp","href":"https:\/\/api.w.org\/{rel}","templated":true}]}}