{"id":16552,"date":"2024-04-03T21:05:23","date_gmt":"2024-04-03T21:05:23","guid":{"rendered":"https:\/\/stag.lawhiskeria.cr\/?post_type=product&#038;p=16552"},"modified":"2025-06-01T02:11:45","modified_gmt":"2025-06-01T02:11:45","slug":"buchanans-deluxe-12-anos","status":"publish","type":"product","link":"https:\/\/lawhiskeria.cr\/?product=buchanans-deluxe-12-anos","title":{"rendered":"Buchanan&#8217;s DeLuxe 12 a\u00f1os"},"content":{"rendered":"","protected":false},"excerpt":{"rendered":"<p><strong>Whisky escoc\u00e9s de 12 a\u00f1os de a\u00f1ejamiento.<\/strong><\/p>\n<p>El whisky Buchanan&#8217;s 12 DeLuxe ha sido un cl\u00e1sico durante casi 100 a\u00f1os y es uno de los whiskies escoceses de lujo m\u00e1s ic\u00f3nicos y premiados. Tiene un sabor frutal suave y contiene toques de naranja y chocolate, lo que permite servirlo en las rocas o con soda, adornado con un trozo de c\u00e1scara de naranja. Originalmente denominado \u201cBuchanan&#8217;s Finest Liquor\u201d, este whisky fue el primer producto al que James Buchanan le coloc\u00f3 una etiqueta con su nombre. Tiene una consistencia suave y ligera que lo distingue de otros whiskies.<\/p>\n<p><strong>Notas de Cata:<\/strong>\u00a0De sabor suave, afrutado con notas de naranja y chocolate posee la frescura ideal para disfrutarse en las rocas o con soda.<\/p>\n<p><strong>ABV 40% &#8211; 1L.<\/strong><\/p>\n","protected":false},"featured_media":16271,"comment_status":"open","ping_status":"closed","template":"","meta":[],"product_brand":[],"product_cat":[71],"product_tag":[153,110],"class_list":{"0":"post-16552","1":"product","2":"type-product","3":"status-publish","4":"has-post-thumbnail","6":"product_cat-blends","7":"product_tag-blend","8":"product_tag-whisky-escoces","10":"first","11":"instock","12":"shipping-taxable","13":"purchasable","14":"product-type-simple"},"_links":{"self":[{"href":"https:\/\/lawhiskeria.cr\/index.php?rest_route=\/wp\/v2\/product\/16552","targetHints":{"allow":["GET"]}}],"collection":[{"href":"https:\/\/lawhiskeria.cr\/index.php?rest_route=\/wp\/v2\/product"}],"about":[{"href":"https:\/\/lawhiskeria.cr\/index.php?rest_route=\/wp\/v2\/types\/product"}],"replies":[{"embeddable":true,"href":"https:\/\/lawhiskeria.cr\/index.php?rest_route=%2Fwp%2Fv2%2Fcomments&post=16552"}],"version-history":[{"count":1,"href":"https:\/\/lawhiskeria.cr\/index.php?rest_route=\/wp\/v2\/product\/16552\/revisions"}],"predecessor-version":[{"id":16553,"href":"https:\/\/lawhiskeria.cr\/index.php?rest_route=\/wp\/v2\/product\/16552\/revisions\/16553"}],"wp:featuredmedia":[{"embeddable":true,"href":"https:\/\/lawhiskeria.cr\/index.php?rest_route=\/wp\/v2\/media\/16271"}],"wp:attachment":[{"href":"https:\/\/lawhiskeria.cr\/index.php?rest_route=%2Fwp%2Fv2%2Fmedia&parent=16552"}],"wp:term":[{"taxonomy":"product_brand","embeddable":true,"href":"https:\/\/lawhiskeria.cr\/index.php?rest_route=%2Fwp%2Fv2%2Fproduct_brand&post=16552"},{"taxonomy":"product_cat","embeddable":true,"href":"https:\/\/lawhiskeria.cr\/index.php?rest_route=%2Fwp%2Fv2%2Fproduct_cat&post=16552"},{"taxonomy":"product_tag","embeddable":true,"href":"https:\/\/lawhiskeria.cr\/index.php?rest_route=%2Fwp%2Fv2%2Fproduct_tag&post=16552"}],"curies":[{"name":"wp","href":"https:\/\/api.w.org\/{rel}","templated":true}]}}