{"id":16536,"date":"2024-03-20T21:35:44","date_gmt":"2024-03-20T21:35:44","guid":{"rendered":"https:\/\/stag.lawhiskeria.cr\/?post_type=product&#038;p=16536"},"modified":"2025-10-28T02:54:41","modified_gmt":"2025-10-28T02:54:41","slug":"vino-santa-helena-dulce-tinto","status":"publish","type":"product","link":"https:\/\/lawhiskeria.cr\/?product=vino-santa-helena-dulce-tinto","title":{"rendered":"Santa Helena Dulce Tinto"},"content":{"rendered":"<p style=\"font-weight: 400;\"><b><strong>DULCE TINTO<\/strong><\/b><\/p>\n<p style=\"font-weight: 400;\">La uva es recepcionada en la bodega, para posteriormente ser vivificada en estanques de acero inoxidable a temperatura controlada por debajo de 28 \u00b0C. Es remontada 3 veces\/d\u00eda con el fin de obtener un vino de buen color y que mantenga todo el car\u00e1cter frutal de la uva. Antes de finalizar la fermentaci\u00f3n alcoh\u00f3lica el vino es separado de los s\u00f3lidos para que termine de fermentar sin presencia de orujos. Posteriormente el vino es clarificado para dar suavidad. Luego, se mezcla con agua, az\u00facar y sabor id\u00e9ntico al natural, para lograr un tinto suave, de buen color y car\u00e1cter frutal. Despu\u00e9s es envasado, previa filtraci\u00f3n est\u00e9ril, preservando de esta manera todas sus caracter\u00edsticas.<\/p>\n","protected":false},"excerpt":{"rendered":"<p style=\"font-weight: 400;\"><b><strong>Notas de Cata<\/strong><\/b><\/p>\n<p style=\"font-weight: 400;\"><b><strong>Aspecto:<\/strong><\/b>\u00a0Rojo con tonos violetas.<\/p>\n<p style=\"font-weight: 400;\"><b><strong>Nariz:\u00a0<\/strong><\/b>Aromas de frutas rojas como frutillas, cerezas y maqui, adem\u00e1s de notas a madera.<\/p>\n<p style=\"font-weight: 400;\"><b><strong>Boca:<\/strong><\/b>\u00a0Vino f\u00e1cil de tomar, dulce, muy suave en boca.<\/p>\n<p style=\"font-weight: 400;\"><b><strong>Servir fr\u00edo, a 10-12 \u00b0C<\/strong><\/b><\/p>\n<p style=\"font-weight: 400;\"><b><strong>Alcohol: 9\u00b0 Az\u00facar residual: 90 g\/L<\/strong><\/b><\/p>\n<p><iframe loading=\"lazy\" title=\"YouTube video player\" src=\"https:\/\/www.youtube.com\/embed\/hblnuanAaEk?si=pv75YWroohy117DE&amp;start=4683\" width=\"560\" height=\"315\" frameborder=\"0\" allowfullscreen=\"allowfullscreen\"><\/iframe><\/p>\n","protected":false},"featured_media":16537,"comment_status":"open","ping_status":"closed","template":"","meta":[],"product_brand":[],"product_cat":[420,29],"product_tag":[198,156,197],"class_list":{"0":"post-16536","1":"product","2":"type-product","3":"status-publish","4":"has-post-thumbnail","6":"product_cat-tinto","7":"product_cat-vinos","8":"product_tag-tinto","9":"product_tag-vino-chileno","10":"product_tag-vino-dulce","12":"first","13":"instock","14":"shipping-taxable","15":"purchasable","16":"product-type-simple"},"_links":{"self":[{"href":"https:\/\/lawhiskeria.cr\/index.php?rest_route=\/wp\/v2\/product\/16536","targetHints":{"allow":["GET"]}}],"collection":[{"href":"https:\/\/lawhiskeria.cr\/index.php?rest_route=\/wp\/v2\/product"}],"about":[{"href":"https:\/\/lawhiskeria.cr\/index.php?rest_route=\/wp\/v2\/types\/product"}],"replies":[{"embeddable":true,"href":"https:\/\/lawhiskeria.cr\/index.php?rest_route=%2Fwp%2Fv2%2Fcomments&post=16536"}],"version-history":[{"count":4,"href":"https:\/\/lawhiskeria.cr\/index.php?rest_route=\/wp\/v2\/product\/16536\/revisions"}],"predecessor-version":[{"id":17743,"href":"https:\/\/lawhiskeria.cr\/index.php?rest_route=\/wp\/v2\/product\/16536\/revisions\/17743"}],"wp:featuredmedia":[{"embeddable":true,"href":"https:\/\/lawhiskeria.cr\/index.php?rest_route=\/wp\/v2\/media\/16537"}],"wp:attachment":[{"href":"https:\/\/lawhiskeria.cr\/index.php?rest_route=%2Fwp%2Fv2%2Fmedia&parent=16536"}],"wp:term":[{"taxonomy":"product_brand","embeddable":true,"href":"https:\/\/lawhiskeria.cr\/index.php?rest_route=%2Fwp%2Fv2%2Fproduct_brand&post=16536"},{"taxonomy":"product_cat","embeddable":true,"href":"https:\/\/lawhiskeria.cr\/index.php?rest_route=%2Fwp%2Fv2%2Fproduct_cat&post=16536"},{"taxonomy":"product_tag","embeddable":true,"href":"https:\/\/lawhiskeria.cr\/index.php?rest_route=%2Fwp%2Fv2%2Fproduct_tag&post=16536"}],"curies":[{"name":"wp","href":"https:\/\/api.w.org\/{rel}","templated":true}]}}