{"id":16522,"date":"2024-03-15T22:53:08","date_gmt":"2024-03-15T22:53:08","guid":{"rendered":"https:\/\/stag.lawhiskeria.cr\/?post_type=product&#038;p=16522"},"modified":"2026-05-01T02:41:41","modified_gmt":"2026-05-01T02:41:41","slug":"johnnie-walker-blonde","status":"publish","type":"product","link":"https:\/\/lawhiskeria.cr\/?product=johnnie-walker-blonde","title":{"rendered":"Johnnie Walker Blonde"},"content":{"rendered":"<p><strong>Johnnie Walker Blonde es una expresi\u00f3n moderna dentro del portafolio de la marca, creada para un consumo m\u00e1s ligero y orientado a cocteler\u00eda y mezclas refrescantes, especialmente con lim\u00f3n o mixers c\u00edtricos. Fue dise\u00f1ada para atraer a consumidores j\u00f3venes o nuevos en el whisky y para momentos sociales m\u00e1s casuales.<\/strong><\/p>\n<p><strong>Aspectos clave del estilo:<\/strong><\/p>\n<ul>\n<li><strong>Uso de whiskies de grano suaves para ligereza.<\/strong><\/li>\n<li><strong>Presencia de single malts frutales.<\/strong><\/li>\n<li><strong>Maduraci\u00f3n principalmente en barricas de roble americano de primer llenado. Estas barricas aportan notas dulces como vainilla, toffee y caramelo. Este tipo de barrica es com\u00fan en whiskies que buscan un perfil accesible y dulce.<\/strong><\/li>\n<\/ul>\n","protected":false},"excerpt":{"rendered":"<p><strong>Johnnie Walker Blonde<\/strong> es una nueva expresi\u00f3n de whisky, ofreciendo un nuevo perfil de sabor, m\u00e1s liviano, refrescante y sencillo de tomar, con notas frutales y un acabado de vainilla. Este delicioso whisky fue creado utilizando <strong>selectos blends de whiskies de malta y granos<\/strong>. Blonde tiene una personalidad distinta del resto de Johnnie Walker.<\/p>\n<p>Blonde es f\u00e1cil de tomar, refrescante y con un color amarillo vibrante y energ\u00e9tico, que remite a optimismo y hace referencia a lo diurno.<\/p>\n<p><b>Color: <\/b>Dorado brillante.<\/p>\n<p><b>Nariz<\/b>: Vainilla cremosa, miel, toffee, frutas rojas suaves, ralladura de c\u00edtricos, ligero toque floral.<\/p>\n<p><b>Boca: <\/b>Caramelo, vainilla, manzana, fruta fresca, toffee, especias suaves.<\/p>\n<p><b>Final: <\/b>Limpio y suave, dulzor ligero, toque c\u00edtrico y especiado<\/p>\n<p><strong>Johnnie Walker Blonde<\/strong>, combinado con gaseosa de lim\u00f3n logra el trago perfecto que nos diferencia de la competencia y de nuestro propio portafolio.<\/p>\n<p><strong>ABV 40% &#8211; 700 ml.<\/strong><\/p>\n<p><iframe loading=\"lazy\" title=\"YouTube video player\" src=\"https:\/\/www.youtube.com\/embed\/-njFdWDhPKU?si=DnXlEGUZWSgMJ1XA&amp;start=1186\" width=\"560\" height=\"315\" frameborder=\"0\" allowfullscreen=\"allowfullscreen\"><\/iframe><\/p>\n","protected":false},"featured_media":16523,"comment_status":"open","ping_status":"closed","template":"","meta":[],"product_brand":[],"product_cat":[71],"product_tag":[153,185,110],"class_list":{"0":"post-16522","1":"product","2":"type-product","3":"status-publish","4":"has-post-thumbnail","6":"product_cat-blends","7":"product_tag-blend","8":"product_tag-blend-malt","9":"product_tag-whisky-escoces","11":"first","12":"instock","13":"shipping-taxable","14":"purchasable","15":"product-type-simple"},"_links":{"self":[{"href":"https:\/\/lawhiskeria.cr\/index.php?rest_route=\/wp\/v2\/product\/16522","targetHints":{"allow":["GET"]}}],"collection":[{"href":"https:\/\/lawhiskeria.cr\/index.php?rest_route=\/wp\/v2\/product"}],"about":[{"href":"https:\/\/lawhiskeria.cr\/index.php?rest_route=\/wp\/v2\/types\/product"}],"replies":[{"embeddable":true,"href":"https:\/\/lawhiskeria.cr\/index.php?rest_route=%2Fwp%2Fv2%2Fcomments&post=16522"}],"version-history":[{"count":4,"href":"https:\/\/lawhiskeria.cr\/index.php?rest_route=\/wp\/v2\/product\/16522\/revisions"}],"predecessor-version":[{"id":19839,"href":"https:\/\/lawhiskeria.cr\/index.php?rest_route=\/wp\/v2\/product\/16522\/revisions\/19839"}],"wp:featuredmedia":[{"embeddable":true,"href":"https:\/\/lawhiskeria.cr\/index.php?rest_route=\/wp\/v2\/media\/16523"}],"wp:attachment":[{"href":"https:\/\/lawhiskeria.cr\/index.php?rest_route=%2Fwp%2Fv2%2Fmedia&parent=16522"}],"wp:term":[{"taxonomy":"product_brand","embeddable":true,"href":"https:\/\/lawhiskeria.cr\/index.php?rest_route=%2Fwp%2Fv2%2Fproduct_brand&post=16522"},{"taxonomy":"product_cat","embeddable":true,"href":"https:\/\/lawhiskeria.cr\/index.php?rest_route=%2Fwp%2Fv2%2Fproduct_cat&post=16522"},{"taxonomy":"product_tag","embeddable":true,"href":"https:\/\/lawhiskeria.cr\/index.php?rest_route=%2Fwp%2Fv2%2Fproduct_tag&post=16522"}],"curies":[{"name":"wp","href":"https:\/\/api.w.org\/{rel}","templated":true}]}}