{"id":16482,"date":"2024-03-14T21:46:58","date_gmt":"2024-03-14T21:46:58","guid":{"rendered":"https:\/\/stag.lawhiskeria.cr\/?post_type=product&#038;p=16482"},"modified":"2024-10-29T03:26:00","modified_gmt":"2024-10-29T03:26:00","slug":"chivas-regal-mizunara-oak","status":"publish","type":"product","link":"https:\/\/lawhiskeria.cr\/?product=chivas-regal-mizunara-oak","title":{"rendered":"Chivas Regal Mizunara Oak"},"content":{"rendered":"","protected":false},"excerpt":{"rendered":"<p style=\"font-weight: 400;\">Como el\u00a0<b><strong>primer whisky escoc\u00e9s mezclado del mundo<\/strong><\/b>\u00a0terminado selectivamente* en barricas de madera de\u00a0<b><strong>roble japon\u00e9s Mizunara<\/strong><\/b>,\u00a0<b><strong>Chivas Mizunara<\/strong><\/b>\u00a0es una bebida verdaderamente \u00fanica.<\/p>\n<p style=\"font-weight: 400;\">Nuestro whisky finamente especiado explota con los sabores florales que se encuentran en los whiskies japoneses tradicionales, lo que lo vuelve un \u00e9xito con los bebedores de whisky escoc\u00e9s y japon\u00e9s por igual. Esta mezcla tan sofisticada une dos culturas a la perfecci\u00f3n para crear un whisky excepcionalmente bien trabajado.<\/p>\n<p style=\"font-weight: 400;\">*Una porci\u00f3n de este whisky escoc\u00e9s mezclado fue acabado en barricas de roble japon\u00e9s Mizunara.<\/p>\n<p style=\"font-weight: 400;\"><b><strong>Aroma:<\/strong><\/b>\u00a0Rico y afrutado con toques de pera y naranja.<\/p>\n<p style=\"font-weight: 400;\"><b><strong>Paladar:\u00a0<\/strong><\/b>Rico y suave con toques de miel y avellanos.<\/p>\n<p style=\"font-weight: 400;\"><b><strong>Final\u00a0<\/strong><\/b>distintivo y picante.<\/p>\n<p style=\"font-weight: 400;\"><b><strong>Premios:\u00a0<\/strong><\/b>Oro en 2018 en la International Wine &amp; Spirits Competition.<\/p>\n<p style=\"font-weight: 400;\">Plata en2020 en la International Wine &amp; Spirits Competition.<\/p>\n<p style=\"font-weight: 400;\">Oro en 2020 en el International Spirits Challenge.<\/p>\n<p style=\"font-weight: 400;\"><b><strong>ABV 40% &#8211; 750 ml.<\/strong><\/b><\/p>\n<p style=\"font-weight: 400;\">\u201cLAS BARRICAS DE ROBLE MIZUNARA SON INCRE\u00cdBLEMENTE RARAS. SI SE DOMINA EL PROCESO DE A\u00d1EJAMIENTO, EL WHISKY RESULTANTE SER\u00c1 VERDADERAMENTE \u00daNICO\u201d<\/p>\n<p style=\"font-weight: 400;\">Sandy Hyslop, maestro mezclador.<\/p>\n","protected":false},"featured_media":16483,"comment_status":"open","ping_status":"closed","template":"","meta":[],"product_brand":[],"product_cat":[71],"product_tag":[153,194,110],"class_list":{"0":"post-16482","1":"product","2":"type-product","3":"status-publish","4":"has-post-thumbnail","6":"product_cat-blends","7":"product_tag-blend","8":"product_tag-mizunara","9":"product_tag-whisky-escoces","11":"first","12":"instock","13":"shipping-taxable","14":"purchasable","15":"product-type-simple"},"_links":{"self":[{"href":"https:\/\/lawhiskeria.cr\/index.php?rest_route=\/wp\/v2\/product\/16482","targetHints":{"allow":["GET"]}}],"collection":[{"href":"https:\/\/lawhiskeria.cr\/index.php?rest_route=\/wp\/v2\/product"}],"about":[{"href":"https:\/\/lawhiskeria.cr\/index.php?rest_route=\/wp\/v2\/types\/product"}],"replies":[{"embeddable":true,"href":"https:\/\/lawhiskeria.cr\/index.php?rest_route=%2Fwp%2Fv2%2Fcomments&post=16482"}],"version-history":[{"count":1,"href":"https:\/\/lawhiskeria.cr\/index.php?rest_route=\/wp\/v2\/product\/16482\/revisions"}],"predecessor-version":[{"id":16484,"href":"https:\/\/lawhiskeria.cr\/index.php?rest_route=\/wp\/v2\/product\/16482\/revisions\/16484"}],"wp:featuredmedia":[{"embeddable":true,"href":"https:\/\/lawhiskeria.cr\/index.php?rest_route=\/wp\/v2\/media\/16483"}],"wp:attachment":[{"href":"https:\/\/lawhiskeria.cr\/index.php?rest_route=%2Fwp%2Fv2%2Fmedia&parent=16482"}],"wp:term":[{"taxonomy":"product_brand","embeddable":true,"href":"https:\/\/lawhiskeria.cr\/index.php?rest_route=%2Fwp%2Fv2%2Fproduct_brand&post=16482"},{"taxonomy":"product_cat","embeddable":true,"href":"https:\/\/lawhiskeria.cr\/index.php?rest_route=%2Fwp%2Fv2%2Fproduct_cat&post=16482"},{"taxonomy":"product_tag","embeddable":true,"href":"https:\/\/lawhiskeria.cr\/index.php?rest_route=%2Fwp%2Fv2%2Fproduct_tag&post=16482"}],"curies":[{"name":"wp","href":"https:\/\/api.w.org\/{rel}","templated":true}]}}