{"id":16476,"date":"2024-03-14T05:26:19","date_gmt":"2024-03-14T05:26:19","guid":{"rendered":"https:\/\/stag.lawhiskeria.cr\/?post_type=product&#038;p=16476"},"modified":"2025-06-16T22:54:41","modified_gmt":"2025-06-16T22:54:41","slug":"william-lawsons-13-anos","status":"publish","type":"product","link":"https:\/\/lawhiskeria.cr\/?product=william-lawsons-13-anos","title":{"rendered":"William Lawson&#8217;s 13 a\u00f1os"},"content":{"rendered":"<p>El escoc\u00e9s sin reglas.<\/p>\n<p>William Lawson trabajaba como comerciante de whisky en la ciudad de Dundee y en 1849 cre\u00f3 su producto.<\/p>\n<p>Su producci\u00f3n cambio de ciudad y se empez\u00f3 a elaborar en Liverpool.<\/p>\n<p>William Lawson Distillers Ltd. adquiri\u00f3 la destiler\u00eda Macduff en Banffshire, que hab\u00eda sido construida en 1962\/63. Su single malt se comercializ\u00f3 como Glen Deveron. En 1993, el especialista en ron Bacardi compr\u00f3 Martini &amp; Rossi, d\u00e1ndole la marca escocesa mezclada William Lawson y la destiler\u00eda Macduff, y en 1998 se desarrollaron nuevas instalaciones de la sede en Parkhead, en el extremo este de Glasgow. Hasta ese a\u00f1o, la compa\u00f1\u00eda no ten\u00eda otras destiler\u00edas aparte de Macduff, pero esta situaci\u00f3n cambi\u00f3 con la adquisici\u00f3n de John Dewar &amp; Sons Ltd<\/p>\n","protected":false},"excerpt":{"rendered":"<p>William Lawson\u2019s 13 a\u00f1os se a\u00f1eja primero en barricas de roble durante 12 a\u00f1os y finalmente en barricas de bourbon quemado un a\u00f1o m\u00e1s; este \u00faltimo a\u00f1o le da un sabor oscuro y suave.<\/p>\n<p>De color \u00e1mbar brillante, en este extraordinario whisky se perciben aromas dulces y especiados. Su sabor es intenso, se evocan notas a frutos maduros reci\u00e9n cortados, cereales de malta tostados y finalmente caramelo tostado.<\/p>\n<p>Es perfecto para consumir solo, a las rocas o en un old-fashioned con hielo.<\/p>\n<p>Notas de Cata:<\/p>\n<p>Color: \u00c1mbar Brillante<\/p>\n<p>Aroma: dulce y especiado<\/p>\n<p>Sabor: Notas a frutos maduros ,naranja, Cereales de malta tostado, caramelo tostado, canela.<\/p>\n<p>Retrogusto: Medio. Notas de miel \u2013vainilla -chocolate -naranja.<\/p>\n<p>ABV 40% &#8211; 750 ml.<\/p>\n<p><iframe loading=\"lazy\" title=\"YouTube video player\" src=\"https:\/\/www.youtube.com\/embed\/kXoBr60pytE?si=mZ-8OYdcUL468N82&amp;start=1022\" width=\"560\" height=\"315\" frameborder=\"0\" allowfullscreen=\"allowfullscreen\"><\/iframe><\/p>\n","protected":false},"featured_media":16477,"comment_status":"open","ping_status":"closed","template":"","meta":[],"product_brand":[],"product_cat":[71],"product_tag":[153,110],"class_list":{"0":"post-16476","1":"product","2":"type-product","3":"status-publish","4":"has-post-thumbnail","6":"product_cat-blends","7":"product_tag-blend","8":"product_tag-whisky-escoces","10":"first","11":"instock","12":"shipping-taxable","13":"purchasable","14":"product-type-simple"},"_links":{"self":[{"href":"https:\/\/lawhiskeria.cr\/index.php?rest_route=\/wp\/v2\/product\/16476","targetHints":{"allow":["GET"]}}],"collection":[{"href":"https:\/\/lawhiskeria.cr\/index.php?rest_route=\/wp\/v2\/product"}],"about":[{"href":"https:\/\/lawhiskeria.cr\/index.php?rest_route=\/wp\/v2\/types\/product"}],"replies":[{"embeddable":true,"href":"https:\/\/lawhiskeria.cr\/index.php?rest_route=%2Fwp%2Fv2%2Fcomments&post=16476"}],"version-history":[{"count":5,"href":"https:\/\/lawhiskeria.cr\/index.php?rest_route=\/wp\/v2\/product\/16476\/revisions"}],"predecessor-version":[{"id":18466,"href":"https:\/\/lawhiskeria.cr\/index.php?rest_route=\/wp\/v2\/product\/16476\/revisions\/18466"}],"wp:featuredmedia":[{"embeddable":true,"href":"https:\/\/lawhiskeria.cr\/index.php?rest_route=\/wp\/v2\/media\/16477"}],"wp:attachment":[{"href":"https:\/\/lawhiskeria.cr\/index.php?rest_route=%2Fwp%2Fv2%2Fmedia&parent=16476"}],"wp:term":[{"taxonomy":"product_brand","embeddable":true,"href":"https:\/\/lawhiskeria.cr\/index.php?rest_route=%2Fwp%2Fv2%2Fproduct_brand&post=16476"},{"taxonomy":"product_cat","embeddable":true,"href":"https:\/\/lawhiskeria.cr\/index.php?rest_route=%2Fwp%2Fv2%2Fproduct_cat&post=16476"},{"taxonomy":"product_tag","embeddable":true,"href":"https:\/\/lawhiskeria.cr\/index.php?rest_route=%2Fwp%2Fv2%2Fproduct_tag&post=16476"}],"curies":[{"name":"wp","href":"https:\/\/api.w.org\/{rel}","templated":true}]}}