{"id":16468,"date":"2024-03-14T05:17:13","date_gmt":"2024-03-14T05:17:13","guid":{"rendered":"https:\/\/stag.lawhiskeria.cr\/?post_type=product&#038;p=16468"},"modified":"2025-09-22T21:37:21","modified_gmt":"2025-09-22T21:37:21","slug":"whyte-mackay-glasgow-special","status":"publish","type":"product","link":"https:\/\/lawhiskeria.cr\/?product=whyte-mackay-glasgow-special","title":{"rendered":"Whyte &#038; Mackay Glasgow Special"},"content":{"rendered":"","protected":false},"excerpt":{"rendered":"<p>El secreto detr\u00e1s del sabor premiado de Whyte &amp; Mackay es nuestro proceso de maduraci\u00f3n triple y la forma en que mezclamos para asegurarnos de que ning\u00fan whisky domine a otro, creando una armon\u00eda de sabores que trabajan juntos para producir nuestro famoso sabor m\u00e1s rico y suave.<\/p>\n<p><strong>Color:<\/strong> Rico oro caoba con \u00e1mbar brillante.<\/p>\n<p><strong>Nariz:<\/strong> Suave con reflejos c\u00e1lidos y atractivos de mazap\u00e1n, miel de Manuka, caramelo cremoso y az\u00facar Demerara, seguido de toques de pi\u00f1a glaseada, manzanas para sidra y chocolate pralin\u00e9.<\/p>\n<p><strong>Gusto:<\/strong> Comienza con sabores suaves y estimulantes de frutas tropicales, sirope de rosa mosqueta, gajos de naranja caramelizada y macarons. Termina con melocotones en alm\u00edbar, regaliz y mermelada de Sevilla.<\/p>\n<p><strong>ABV 40% &#8211; 1000 ml.<\/strong><\/p>\n<p><iframe loading=\"lazy\" title=\"YouTube video player\" src=\"https:\/\/www.youtube.com\/embed\/vmzQyY9STCw?si=zNFyWCOT4RwwThXX&amp;start=2955\" width=\"560\" height=\"315\" frameborder=\"0\" allowfullscreen=\"allowfullscreen\"><\/iframe><\/p>\n","protected":false},"featured_media":16469,"comment_status":"open","ping_status":"closed","template":"","meta":[],"product_brand":[],"product_cat":[32,71],"product_tag":[153,110],"class_list":{"0":"post-16468","1":"product","2":"type-product","3":"status-publish","4":"has-post-thumbnail","6":"product_cat-whisky","7":"product_cat-blends","8":"product_tag-blend","9":"product_tag-whisky-escoces","11":"first","12":"instock","13":"shipping-taxable","14":"purchasable","15":"product-type-simple"},"_links":{"self":[{"href":"https:\/\/lawhiskeria.cr\/index.php?rest_route=\/wp\/v2\/product\/16468","targetHints":{"allow":["GET"]}}],"collection":[{"href":"https:\/\/lawhiskeria.cr\/index.php?rest_route=\/wp\/v2\/product"}],"about":[{"href":"https:\/\/lawhiskeria.cr\/index.php?rest_route=\/wp\/v2\/types\/product"}],"replies":[{"embeddable":true,"href":"https:\/\/lawhiskeria.cr\/index.php?rest_route=%2Fwp%2Fv2%2Fcomments&post=16468"}],"version-history":[{"count":3,"href":"https:\/\/lawhiskeria.cr\/index.php?rest_route=\/wp\/v2\/product\/16468\/revisions"}],"predecessor-version":[{"id":19173,"href":"https:\/\/lawhiskeria.cr\/index.php?rest_route=\/wp\/v2\/product\/16468\/revisions\/19173"}],"wp:featuredmedia":[{"embeddable":true,"href":"https:\/\/lawhiskeria.cr\/index.php?rest_route=\/wp\/v2\/media\/16469"}],"wp:attachment":[{"href":"https:\/\/lawhiskeria.cr\/index.php?rest_route=%2Fwp%2Fv2%2Fmedia&parent=16468"}],"wp:term":[{"taxonomy":"product_brand","embeddable":true,"href":"https:\/\/lawhiskeria.cr\/index.php?rest_route=%2Fwp%2Fv2%2Fproduct_brand&post=16468"},{"taxonomy":"product_cat","embeddable":true,"href":"https:\/\/lawhiskeria.cr\/index.php?rest_route=%2Fwp%2Fv2%2Fproduct_cat&post=16468"},{"taxonomy":"product_tag","embeddable":true,"href":"https:\/\/lawhiskeria.cr\/index.php?rest_route=%2Fwp%2Fv2%2Fproduct_tag&post=16468"}],"curies":[{"name":"wp","href":"https:\/\/api.w.org\/{rel}","templated":true}]}}