{"id":16451,"date":"2024-03-14T04:57:38","date_gmt":"2024-03-14T04:57:38","guid":{"rendered":"https:\/\/stag.lawhiskeria.cr\/?post_type=product&#038;p=16451"},"modified":"2025-12-05T05:07:01","modified_gmt":"2025-12-05T05:07:01","slug":"the-whistler-calvados-finish-cask-irish-whiskey","status":"publish","type":"product","link":"https:\/\/lawhiskeria.cr\/?product=the-whistler-calvados-finish-cask-irish-whiskey","title":{"rendered":"The Whistler Calvados Finish Cask Irish Whiskey"},"content":{"rendered":"","protected":false},"excerpt":{"rendered":"<p style=\"font-weight: 400;\"><b><strong>Triplemente destilado<\/strong><\/b>\u00a0para mayor suavidad, nuestra mezcla es una selecci\u00f3n de los mejores whiskies irlandeses de malta y grano.<\/p>\n<p><span style=\"font-weight: 400;\">\u00a0Estos whiskies se envejecen primero en\u00a0<\/span><b><strong>barricas antiguas de bourbon<\/strong><\/b><span style=\"font-weight: 400;\">\u00a0antes de casarse y terminarse en algunos de los mejores\u00a0<\/span><b><strong>barriles Calvados de Normand\u00eda<\/strong><\/b><span style=\"font-weight: 400;\">. Es el final de Calvados lo que le da al whisky su deliciosa nariz de manzana y su lujoso cuerpo cremoso en el fondo.<\/span><\/p>\n<p style=\"font-weight: 400;\"><b><strong>NARIZ:<\/strong><\/b>\u00a0Gotas de manzana, ralladura de c\u00edtricos frescos, matices de caramelo cremosos y deliciosos con pl\u00e1tano, albaricoque, mel\u00f3n y frambuesas rojas cremosas.<\/p>\n<p style=\"font-weight: 400;\"><b><strong>PALADAR<\/strong><\/b>: Melocot\u00f3n dulce en primer plano con pera y una ralladura de c\u00edtricos fresca y brillante. Matiz de malta con vainilla cremosa por debajo.<\/p>\n<p style=\"font-weight: 400;\"><b><strong>FINAL:<\/strong><\/b>\u00a0Largo y cremoso con notas de pera y ralladura de c\u00edtricos restantes.<\/p>\n<p style=\"font-weight: 400;\"><b><strong>2022:\u00a0<\/strong><\/b>90 PUNTOS Defensor del whisky.\u00a0<b><strong>2021:\u00a0<\/strong><\/b>90 PUNTOS Destilador.<\/p>\n<p style=\"font-weight: 400;\"><b><strong>2020:\u00a0<\/strong><\/b>90 PUNTOS Entusiasta del vino y del Defensor del whisky.<\/p>\n<p style=\"font-weight: 400;\"><b><strong>2020:<\/strong><\/b>\u00a0ORO Premios Mundiales de los Whiskies.<\/p>\n<p style=\"font-weight: 400;\"><b><strong>ABV 43% &#8211; 700 ml. Small Batch.<\/strong><\/b><\/p>\n<p><iframe loading=\"lazy\" title=\"YouTube video player\" src=\"https:\/\/www.youtube.com\/embed\/-MjSUylPKrA?si=79CnBWKw-5rEdZ0Q&amp;start=6074\" width=\"560\" height=\"315\" frameborder=\"0\" allowfullscreen=\"allowfullscreen\"><\/iframe><\/p>\n","protected":false},"featured_media":16452,"comment_status":"open","ping_status":"closed","template":"","meta":[],"product_brand":[],"product_cat":[32,71],"product_tag":[153,137,115,187],"class_list":{"0":"post-16451","1":"product","2":"type-product","3":"status-publish","4":"has-post-thumbnail","6":"product_cat-whisky","7":"product_cat-blends","8":"product_tag-blend","9":"product_tag-calvados","10":"product_tag-irish-whiskey","11":"product_tag-whiskey-irlandes","13":"first","14":"instock","15":"shipping-taxable","16":"purchasable","17":"product-type-simple"},"_links":{"self":[{"href":"https:\/\/lawhiskeria.cr\/index.php?rest_route=\/wp\/v2\/product\/16451","targetHints":{"allow":["GET"]}}],"collection":[{"href":"https:\/\/lawhiskeria.cr\/index.php?rest_route=\/wp\/v2\/product"}],"about":[{"href":"https:\/\/lawhiskeria.cr\/index.php?rest_route=\/wp\/v2\/types\/product"}],"replies":[{"embeddable":true,"href":"https:\/\/lawhiskeria.cr\/index.php?rest_route=%2Fwp%2Fv2%2Fcomments&post=16451"}],"version-history":[{"count":3,"href":"https:\/\/lawhiskeria.cr\/index.php?rest_route=\/wp\/v2\/product\/16451\/revisions"}],"predecessor-version":[{"id":17754,"href":"https:\/\/lawhiskeria.cr\/index.php?rest_route=\/wp\/v2\/product\/16451\/revisions\/17754"}],"wp:featuredmedia":[{"embeddable":true,"href":"https:\/\/lawhiskeria.cr\/index.php?rest_route=\/wp\/v2\/media\/16452"}],"wp:attachment":[{"href":"https:\/\/lawhiskeria.cr\/index.php?rest_route=%2Fwp%2Fv2%2Fmedia&parent=16451"}],"wp:term":[{"taxonomy":"product_brand","embeddable":true,"href":"https:\/\/lawhiskeria.cr\/index.php?rest_route=%2Fwp%2Fv2%2Fproduct_brand&post=16451"},{"taxonomy":"product_cat","embeddable":true,"href":"https:\/\/lawhiskeria.cr\/index.php?rest_route=%2Fwp%2Fv2%2Fproduct_cat&post=16451"},{"taxonomy":"product_tag","embeddable":true,"href":"https:\/\/lawhiskeria.cr\/index.php?rest_route=%2Fwp%2Fv2%2Fproduct_tag&post=16451"}],"curies":[{"name":"wp","href":"https:\/\/api.w.org\/{rel}","templated":true}]}}