{"id":16445,"date":"2024-03-14T04:49:45","date_gmt":"2024-03-14T04:49:45","guid":{"rendered":"https:\/\/stag.lawhiskeria.cr\/?post_type=product&#038;p=16445"},"modified":"2025-12-02T16:42:40","modified_gmt":"2025-12-02T16:42:40","slug":"the-gladstone-axe-american-oak","status":"publish","type":"product","link":"https:\/\/lawhiskeria.cr\/?product=the-gladstone-axe-american-oak","title":{"rendered":"The Gladstone Axe American Oak"},"content":{"rendered":"","protected":false},"excerpt":{"rendered":"<p style=\"font-weight: 400;\">Fieles a la naturaleza de nuestro pensamiento progresista, nuestros whiskies superan los l\u00edmites de la tradici\u00f3n, para un whisky escoc\u00e9s deliciosamente suave para el bebedor moderno.<\/p>\n<p style=\"font-weight: 400;\">Cada lote de los whiskies\u00a0<b><strong>Gladstone Axe<\/strong><\/b>\u00a0se elabora 100% con cebada malteada a partir de una selecci\u00f3n de whiskies de malta de 14 destiler\u00edas diferentes de\u00a0<b><strong>Highland e Islay<\/strong><\/b>. Se envejece en barricas de roble americano que se utilizaron anteriormente para la producci\u00f3n de bourbon, esto le da suaves notas dulces a la mezcla de las maltas que componen este whisky escoc\u00e9s \u00fanico en su clase.<\/p>\n<p style=\"font-weight: 400;\"><b><strong>Color:<\/strong><\/b>\u00a0\u00c1mbar oscuro<\/p>\n<p style=\"font-weight: 400;\"><b><strong>Nariz:<\/strong><\/b>\u00a0Malta de galleta dulce y roble suave y seco, con caramelo y vainilla.<\/p>\n<p style=\"font-weight: 400;\"><b><strong>Boca:<\/strong><\/b>\u00a0Manzanas cocinadas, az\u00facares de cebada y bizcochos de crema pastelera.<\/p>\n<p style=\"font-weight: 400;\"><b><strong>Final:\u00a0<\/strong><\/b>Roble tostado dulce con toques de miel y vainilla y un final suave a pimienta.<\/p>\n<p style=\"font-weight: 400;\"><b><strong>ABV 41% &#8211; 750 ml.<\/strong><\/b><\/p>\n","protected":false},"featured_media":16446,"comment_status":"open","ping_status":"closed","template":"","meta":[],"product_brand":[],"product_cat":[32,71],"product_tag":[153,185,110],"class_list":{"0":"post-16445","1":"product","2":"type-product","3":"status-publish","4":"has-post-thumbnail","6":"product_cat-whisky","7":"product_cat-blends","8":"product_tag-blend","9":"product_tag-blend-malt","10":"product_tag-whisky-escoces","12":"first","13":"outofstock","14":"shipping-taxable","15":"purchasable","16":"product-type-simple"},"_links":{"self":[{"href":"https:\/\/lawhiskeria.cr\/index.php?rest_route=\/wp\/v2\/product\/16445","targetHints":{"allow":["GET"]}}],"collection":[{"href":"https:\/\/lawhiskeria.cr\/index.php?rest_route=\/wp\/v2\/product"}],"about":[{"href":"https:\/\/lawhiskeria.cr\/index.php?rest_route=\/wp\/v2\/types\/product"}],"replies":[{"embeddable":true,"href":"https:\/\/lawhiskeria.cr\/index.php?rest_route=%2Fwp%2Fv2%2Fcomments&post=16445"}],"version-history":[{"count":2,"href":"https:\/\/lawhiskeria.cr\/index.php?rest_route=\/wp\/v2\/product\/16445\/revisions"}],"predecessor-version":[{"id":17731,"href":"https:\/\/lawhiskeria.cr\/index.php?rest_route=\/wp\/v2\/product\/16445\/revisions\/17731"}],"wp:featuredmedia":[{"embeddable":true,"href":"https:\/\/lawhiskeria.cr\/index.php?rest_route=\/wp\/v2\/media\/16446"}],"wp:attachment":[{"href":"https:\/\/lawhiskeria.cr\/index.php?rest_route=%2Fwp%2Fv2%2Fmedia&parent=16445"}],"wp:term":[{"taxonomy":"product_brand","embeddable":true,"href":"https:\/\/lawhiskeria.cr\/index.php?rest_route=%2Fwp%2Fv2%2Fproduct_brand&post=16445"},{"taxonomy":"product_cat","embeddable":true,"href":"https:\/\/lawhiskeria.cr\/index.php?rest_route=%2Fwp%2Fv2%2Fproduct_cat&post=16445"},{"taxonomy":"product_tag","embeddable":true,"href":"https:\/\/lawhiskeria.cr\/index.php?rest_route=%2Fwp%2Fv2%2Fproduct_tag&post=16445"}],"curies":[{"name":"wp","href":"https:\/\/api.w.org\/{rel}","templated":true}]}}