{"id":16441,"date":"2024-03-14T04:34:58","date_gmt":"2024-03-14T04:34:58","guid":{"rendered":"https:\/\/stag.lawhiskeria.cr\/?post_type=product&#038;p=16441"},"modified":"2025-12-04T05:13:00","modified_gmt":"2025-12-04T05:13:00","slug":"the-famous-grouse","status":"publish","type":"product","link":"https:\/\/lawhiskeria.cr\/?product=the-famous-grouse","title":{"rendered":"The Famous Grouse"},"content":{"rendered":"","protected":false},"excerpt":{"rendered":"<p style=\"font-weight: 400;\"><b><strong>The Famous Grouse<\/strong><\/b>\u00a0es una marca hist\u00f3rica de whisky mezclado, creada por\u00a0<b><strong>Matthew Gloag en 1896<\/strong><\/b>. Actualmente es una de las marcas m\u00e1s vendidas en Escocia.<\/p>\n<p style=\"font-weight: 400;\">La compa\u00f1\u00eda ha experimentado una gran evoluci\u00f3n, pero los principios rectores siguen siendo los mismos: reunir los granos m\u00e1s finos, agua pura escocesa y barriles de jerez y bourbon cuidadosamente sazonados &#8220;para crear un whisky excepcionalmente rico, suave, dulce y perfectamente equilibrado&#8221;.<\/p>\n<p style=\"font-weight: 400;\"><b><strong>Sabor superior.<\/strong><\/b>\u00a0Nuestra mezcla de malta se filtra a una temperatura m\u00e1s alta para darle riqueza.<\/p>\n<p style=\"font-weight: 400;\"><b><strong>Calidad inigualable.<\/strong><\/b>\u00a0Cada barrica se perfora antes de la mezcla para garantizar la m\u00e1s alta calidad y consistencia lote a lote.<\/p>\n<p style=\"font-weight: 400;\"><b><strong>Experiencia incuestionable.<\/strong><\/b>\u00a0Una dedicaci\u00f3n inquebrantable al dominio de la mezcla y una inversi\u00f3n \u00fanica en la calidad de la madera.<\/p>\n<p style=\"font-weight: 400;\"><b><strong>Color:<\/strong><\/b>\u00a0Completamente dorado, claro y brillante.<\/p>\n<p style=\"font-weight: 400;\"><b><strong>Aroma:<\/strong><\/b>\u00a0Frutas confitadas, galletas de mantequilla, c\u00e1scara de c\u00edtricos.<\/p>\n<p style=\"font-weight: 400;\"><b><strong>Sabor:\u00a0<\/strong><\/b>Frutos secos, especies suaves (canela y jengibre), con un toque de roble.<\/p>\n<p style=\"font-weight: 400;\"><b><strong>Final:<\/strong><\/b>\u00a0Suave, bien equilibrado.<\/p>\n<p style=\"font-weight: 400;\"><b><strong>ABV 40% &#8211; 700 ml.<\/strong><\/b><\/p>\n<p><iframe loading=\"lazy\" title=\"YouTube video player\" src=\"https:\/\/www.youtube.com\/embed\/utFXHFhIm_I?si=pEEoutLMhs8M6Y2n&amp;start=4095\" width=\"560\" height=\"315\" frameborder=\"0\" allowfullscreen=\"allowfullscreen\"><\/iframe><\/p>\n","protected":false},"featured_media":19536,"comment_status":"open","ping_status":"closed","template":"","meta":[],"product_brand":[],"product_cat":[32,71],"product_tag":[153,110],"class_list":{"0":"post-16441","1":"product","2":"type-product","3":"status-publish","4":"has-post-thumbnail","6":"product_cat-whisky","7":"product_cat-blends","8":"product_tag-blend","9":"product_tag-whisky-escoces","11":"first","12":"instock","13":"shipping-taxable","14":"purchasable","15":"product-type-simple"},"_links":{"self":[{"href":"https:\/\/lawhiskeria.cr\/index.php?rest_route=\/wp\/v2\/product\/16441","targetHints":{"allow":["GET"]}}],"collection":[{"href":"https:\/\/lawhiskeria.cr\/index.php?rest_route=\/wp\/v2\/product"}],"about":[{"href":"https:\/\/lawhiskeria.cr\/index.php?rest_route=\/wp\/v2\/types\/product"}],"replies":[{"embeddable":true,"href":"https:\/\/lawhiskeria.cr\/index.php?rest_route=%2Fwp%2Fv2%2Fcomments&post=16441"}],"version-history":[{"count":4,"href":"https:\/\/lawhiskeria.cr\/index.php?rest_route=\/wp\/v2\/product\/16441\/revisions"}],"predecessor-version":[{"id":17663,"href":"https:\/\/lawhiskeria.cr\/index.php?rest_route=\/wp\/v2\/product\/16441\/revisions\/17663"}],"wp:featuredmedia":[{"embeddable":true,"href":"https:\/\/lawhiskeria.cr\/index.php?rest_route=\/wp\/v2\/media\/19536"}],"wp:attachment":[{"href":"https:\/\/lawhiskeria.cr\/index.php?rest_route=%2Fwp%2Fv2%2Fmedia&parent=16441"}],"wp:term":[{"taxonomy":"product_brand","embeddable":true,"href":"https:\/\/lawhiskeria.cr\/index.php?rest_route=%2Fwp%2Fv2%2Fproduct_brand&post=16441"},{"taxonomy":"product_cat","embeddable":true,"href":"https:\/\/lawhiskeria.cr\/index.php?rest_route=%2Fwp%2Fv2%2Fproduct_cat&post=16441"},{"taxonomy":"product_tag","embeddable":true,"href":"https:\/\/lawhiskeria.cr\/index.php?rest_route=%2Fwp%2Fv2%2Fproduct_tag&post=16441"}],"curies":[{"name":"wp","href":"https:\/\/api.w.org\/{rel}","templated":true}]}}