{"id":16428,"date":"2024-03-14T04:08:45","date_gmt":"2024-03-14T04:08:45","guid":{"rendered":"https:\/\/stag.lawhiskeria.cr\/?post_type=product&#038;p=16428"},"modified":"2024-10-29T22:23:48","modified_gmt":"2024-10-29T22:23:48","slug":"old-parr-18-anos","status":"publish","type":"product","link":"https:\/\/lawhiskeria.cr\/?product=old-parr-18-anos","title":{"rendered":"Old Parr 18 a\u00f1os"},"content":{"rendered":"","protected":false},"excerpt":{"rendered":"<p style=\"font-weight: 400;\"><b><strong>Old Parr 18 es el whisky m\u00e1s suave de Old Parr House<\/strong><\/b>. Una mezcla perfectamente elaborada de nuestros mejores whiskies escoceses envejecidos crea una extraordinaria experiencia de sabor repleta de sabores complejos y robustos. Cada lote de Old Parr 18 se elabora en el coraz\u00f3n de Escocia utilizando las maltas m\u00e1s raras y con m\u00e1s car\u00e1cter de\u00a0<b><strong>Cragganmore<\/strong><\/b>\u00a0en su mezcla. Las notas \u00fanicas de las maltas\u00a0<b><strong>Cragganmore\u00a0<\/strong><\/b>se revelan extraordinariamente, gracias a la baja presencia de humo en la mezcla de Old Parr 18. El resultado es un whisky complejo, lleno de sabor y suave a la vez de una calidad incomparable.<\/p>\n<p style=\"font-weight: 400;\"><b><strong>Color:<\/strong><\/b>\u00a0\u00c1mbar rico<\/p>\n<p style=\"font-weight: 400;\"><b><strong>Nariz:\u00a0<\/strong><\/b>Madera Envejecida, Nueces Tostadas y Manzana Seca<\/p>\n<p style=\"font-weight: 400;\"><b><strong>Gusto:<\/strong><\/b>\u00a0Fruta, Vainilla y Roble<\/p>\n<p style=\"font-weight: 400;\"><b><strong>Finalizar:<\/strong><\/b>\u00a0Woodland y especias picantes<\/p>\n<p style=\"font-weight: 400;\" data-adtags-visited=\"true\">ABV 40% &#8211; 750 ml.<\/p>\n","protected":false},"featured_media":16429,"comment_status":"open","ping_status":"closed","template":"","meta":[],"product_brand":[],"product_cat":[71],"product_tag":[153,110],"class_list":{"0":"post-16428","1":"product","2":"type-product","3":"status-publish","4":"has-post-thumbnail","6":"product_cat-blends","7":"product_tag-blend","8":"product_tag-whisky-escoces","10":"first","11":"instock","12":"shipping-taxable","13":"purchasable","14":"product-type-simple"},"_links":{"self":[{"href":"https:\/\/lawhiskeria.cr\/index.php?rest_route=\/wp\/v2\/product\/16428","targetHints":{"allow":["GET"]}}],"collection":[{"href":"https:\/\/lawhiskeria.cr\/index.php?rest_route=\/wp\/v2\/product"}],"about":[{"href":"https:\/\/lawhiskeria.cr\/index.php?rest_route=\/wp\/v2\/types\/product"}],"replies":[{"embeddable":true,"href":"https:\/\/lawhiskeria.cr\/index.php?rest_route=%2Fwp%2Fv2%2Fcomments&post=16428"}],"version-history":[{"count":1,"href":"https:\/\/lawhiskeria.cr\/index.php?rest_route=\/wp\/v2\/product\/16428\/revisions"}],"predecessor-version":[{"id":16430,"href":"https:\/\/lawhiskeria.cr\/index.php?rest_route=\/wp\/v2\/product\/16428\/revisions\/16430"}],"wp:featuredmedia":[{"embeddable":true,"href":"https:\/\/lawhiskeria.cr\/index.php?rest_route=\/wp\/v2\/media\/16429"}],"wp:attachment":[{"href":"https:\/\/lawhiskeria.cr\/index.php?rest_route=%2Fwp%2Fv2%2Fmedia&parent=16428"}],"wp:term":[{"taxonomy":"product_brand","embeddable":true,"href":"https:\/\/lawhiskeria.cr\/index.php?rest_route=%2Fwp%2Fv2%2Fproduct_brand&post=16428"},{"taxonomy":"product_cat","embeddable":true,"href":"https:\/\/lawhiskeria.cr\/index.php?rest_route=%2Fwp%2Fv2%2Fproduct_cat&post=16428"},{"taxonomy":"product_tag","embeddable":true,"href":"https:\/\/lawhiskeria.cr\/index.php?rest_route=%2Fwp%2Fv2%2Fproduct_tag&post=16428"}],"curies":[{"name":"wp","href":"https:\/\/api.w.org\/{rel}","templated":true}]}}