{"id":16420,"date":"2024-03-14T03:43:14","date_gmt":"2024-03-14T03:43:14","guid":{"rendered":"https:\/\/stag.lawhiskeria.cr\/?post_type=product&#038;p=16420"},"modified":"2025-05-01T19:48:39","modified_gmt":"2025-05-01T19:48:39","slug":"nomad-outland-whisky","status":"publish","type":"product","link":"https:\/\/lawhiskeria.cr\/?product=nomad-outland-whisky","title":{"rendered":"Nomad Outland Whisky"},"content":{"rendered":"","protected":false},"excerpt":{"rendered":"<p><strong>Nomad Outland Whisky<\/strong>\u00a0es un whisky muy elegante con un profundo retrogusto. Est\u00e1 elaborado a partir de una mezcla\u00a0<strong>premium de 30 variedades de whiskies de malta y de grano de la regi\u00f3n de Speyside (Tierras Altas, Escocia)<\/strong>. Los whiskies cuentan con un envejecimiento medio de entre 5 y 8 a\u00f1os, han madurado juntos en barricas de oloroso los \u00faltimos 3 a\u00f1os. Finalmente, el blend resultante viaja a Jerez donde es afinado durante un m\u00ednimo de 12 meses en barricas reci\u00e9n envinadas con Pedro Xim\u00e9nez, en la bodega de San Fernando en Gonz\u00e1lez Byass.<\/p>\n<p><strong>Notas de cata:<\/strong><\/p>\n<p><strong>Color:\u00a0<\/strong>Topacio con reflejos muy brillantes<\/p>\n<p><strong>Aromas:\u00a0<\/strong>Suave y elegante, con notas de malta y recuerdos de madera y jerez.<\/p>\n<p><strong>Sabor:<\/strong>\u00a0Sensaciones de pasas, miel y un bouquet inconfundible por su afinado en botas (barricas) jerezanas que contuvieron Pedro Xim\u00e9nez.<\/p>\n<p><strong>Final:\u00a0<\/strong>Largo y placentero con notas de vainilla y frutos secos pasificados.<\/p>\n<p><strong>ABV 41.3% &#8211; 700 ml.<\/strong><\/p>\n<p><strong>Maridaje: Salm\u00f3n y pescados grasos. Foie Gras, frutos secos, manzanas y peras. Pie de manzana<\/strong><\/p>\n<p><iframe loading=\"lazy\" title=\"YouTube video player\" src=\"https:\/\/www.youtube.com\/embed\/eWCgv-QjubI?si=pRYy-YuRgS4piPvn&amp;start=4305\" width=\"560\" height=\"315\" frameborder=\"0\" allowfullscreen=\"allowfullscreen\"><\/iframe><\/p>\n","protected":false},"featured_media":16421,"comment_status":"open","ping_status":"closed","template":"","meta":[],"product_brand":[],"product_cat":[71],"product_tag":[153,110],"class_list":{"0":"post-16420","1":"product","2":"type-product","3":"status-publish","4":"has-post-thumbnail","6":"product_cat-blends","7":"product_tag-blend","8":"product_tag-whisky-escoces","10":"first","11":"instock","12":"shipping-taxable","13":"purchasable","14":"product-type-simple"},"_links":{"self":[{"href":"https:\/\/lawhiskeria.cr\/index.php?rest_route=\/wp\/v2\/product\/16420","targetHints":{"allow":["GET"]}}],"collection":[{"href":"https:\/\/lawhiskeria.cr\/index.php?rest_route=\/wp\/v2\/product"}],"about":[{"href":"https:\/\/lawhiskeria.cr\/index.php?rest_route=\/wp\/v2\/types\/product"}],"replies":[{"embeddable":true,"href":"https:\/\/lawhiskeria.cr\/index.php?rest_route=%2Fwp%2Fv2%2Fcomments&post=16420"}],"version-history":[{"count":4,"href":"https:\/\/lawhiskeria.cr\/index.php?rest_route=\/wp\/v2\/product\/16420\/revisions"}],"predecessor-version":[{"id":18368,"href":"https:\/\/lawhiskeria.cr\/index.php?rest_route=\/wp\/v2\/product\/16420\/revisions\/18368"}],"wp:featuredmedia":[{"embeddable":true,"href":"https:\/\/lawhiskeria.cr\/index.php?rest_route=\/wp\/v2\/media\/16421"}],"wp:attachment":[{"href":"https:\/\/lawhiskeria.cr\/index.php?rest_route=%2Fwp%2Fv2%2Fmedia&parent=16420"}],"wp:term":[{"taxonomy":"product_brand","embeddable":true,"href":"https:\/\/lawhiskeria.cr\/index.php?rest_route=%2Fwp%2Fv2%2Fproduct_brand&post=16420"},{"taxonomy":"product_cat","embeddable":true,"href":"https:\/\/lawhiskeria.cr\/index.php?rest_route=%2Fwp%2Fv2%2Fproduct_cat&post=16420"},{"taxonomy":"product_tag","embeddable":true,"href":"https:\/\/lawhiskeria.cr\/index.php?rest_route=%2Fwp%2Fv2%2Fproduct_tag&post=16420"}],"curies":[{"name":"wp","href":"https:\/\/api.w.org\/{rel}","templated":true}]}}