{"id":16408,"date":"2024-03-14T03:27:51","date_gmt":"2024-03-14T03:27:51","guid":{"rendered":"https:\/\/stag.lawhiskeria.cr\/?post_type=product&#038;p=16408"},"modified":"2025-12-06T03:11:38","modified_gmt":"2025-12-06T03:11:38","slug":"johnnie-walker-swing","status":"publish","type":"product","link":"https:\/\/lawhiskeria.cr\/?product=johnnie-walker-swing","title":{"rendered":"Johnnie Walker Swing"},"content":{"rendered":"","protected":false},"excerpt":{"rendered":"<p style=\"font-weight: 400;\"><b><strong>Johnnie Walker Swing<\/strong><\/b>\u00a0es un whisky premium excepcionalmente suave. Creado a principios del siglo XX por\u00a0<b><strong>Sir Alexander Walker,<\/strong><\/b>\u00a0mundialmente famoso maestro mezclador y conocedor de whisky. Inspirada en la \u00e9poca dorada de los viajes transatl\u00e1nticos, la creaci\u00f3n de Sir Alexander captura la esencia de los viajes de lujo y es un tributo duradero a la sofisticaci\u00f3n de la era de los a\u00f1os 30. Todav\u00eda disfrutado hoy en d\u00eda por los conocedores de whisky m\u00e1s exigentes, Swing es un whisky bien equilibrado y especialmente lujoso. Con un rico color dorado, un paladar suave, un sabor suave y un final sedoso. Swing es una obra maestra escocesa que contiene whiskies de\u00a0<b><strong>Strathspey, Highlands e Islay\u00a0<\/strong><\/b>en su mezcla.<\/p>\n<p style=\"font-weight: 400;\"><b><strong>Color:<\/strong><\/b>\u00a0Hermoso tono \u00e1mbar claro.<\/p>\n<p style=\"font-weight: 400;\"><b><strong>Aroma:<\/strong><\/b>\u00a0Es perfumado, suave, profundo y ligeramente afrutado, con aromas a vainilla, almendras tostadas, jerez, lim\u00f3n, hierbas y recuerdos de humo y madera.<\/p>\n<p style=\"font-weight: 400;\"><b><strong>Boca:\u00a0<\/strong><\/b>Suave, sedoso, perfumado y con toques dulces y especiados, con sabores a grano, vainilla, naranja, arcilla y humo.<\/p>\n<p style=\"font-weight: 400;\"><b><strong>Final:\u00a0<\/strong><\/b>Largo, dulce y frutal.<\/p>\n<p style=\"font-weight: 400;\"><b><strong>ABV 40% &#8211; 750 ml.<\/strong><\/b><\/p>\n","protected":false},"featured_media":16409,"comment_status":"open","ping_status":"closed","template":"","meta":[],"product_brand":[],"product_cat":[71],"product_tag":[153,110],"class_list":{"0":"post-16408","1":"product","2":"type-product","3":"status-publish","4":"has-post-thumbnail","6":"product_cat-blends","7":"product_tag-blend","8":"product_tag-whisky-escoces","10":"first","11":"outofstock","12":"shipping-taxable","13":"purchasable","14":"product-type-simple"},"_links":{"self":[{"href":"https:\/\/lawhiskeria.cr\/index.php?rest_route=\/wp\/v2\/product\/16408","targetHints":{"allow":["GET"]}}],"collection":[{"href":"https:\/\/lawhiskeria.cr\/index.php?rest_route=\/wp\/v2\/product"}],"about":[{"href":"https:\/\/lawhiskeria.cr\/index.php?rest_route=\/wp\/v2\/types\/product"}],"replies":[{"embeddable":true,"href":"https:\/\/lawhiskeria.cr\/index.php?rest_route=%2Fwp%2Fv2%2Fcomments&post=16408"}],"version-history":[{"count":1,"href":"https:\/\/lawhiskeria.cr\/index.php?rest_route=\/wp\/v2\/product\/16408\/revisions"}],"predecessor-version":[{"id":16410,"href":"https:\/\/lawhiskeria.cr\/index.php?rest_route=\/wp\/v2\/product\/16408\/revisions\/16410"}],"wp:featuredmedia":[{"embeddable":true,"href":"https:\/\/lawhiskeria.cr\/index.php?rest_route=\/wp\/v2\/media\/16409"}],"wp:attachment":[{"href":"https:\/\/lawhiskeria.cr\/index.php?rest_route=%2Fwp%2Fv2%2Fmedia&parent=16408"}],"wp:term":[{"taxonomy":"product_brand","embeddable":true,"href":"https:\/\/lawhiskeria.cr\/index.php?rest_route=%2Fwp%2Fv2%2Fproduct_brand&post=16408"},{"taxonomy":"product_cat","embeddable":true,"href":"https:\/\/lawhiskeria.cr\/index.php?rest_route=%2Fwp%2Fv2%2Fproduct_cat&post=16408"},{"taxonomy":"product_tag","embeddable":true,"href":"https:\/\/lawhiskeria.cr\/index.php?rest_route=%2Fwp%2Fv2%2Fproduct_tag&post=16408"}],"curies":[{"name":"wp","href":"https:\/\/api.w.org\/{rel}","templated":true}]}}