{"id":16392,"date":"2024-03-14T03:06:49","date_gmt":"2024-03-14T03:06:49","guid":{"rendered":"https:\/\/stag.lawhiskeria.cr\/?post_type=product&#038;p=16392"},"modified":"2024-10-29T22:08:14","modified_gmt":"2024-10-29T22:08:14","slug":"johnnie-walker-double-black","status":"publish","type":"product","link":"https:\/\/lawhiskeria.cr\/?product=johnnie-walker-double-black","title":{"rendered":"Johnnie Walker Double Black"},"content":{"rendered":"","protected":false},"excerpt":{"rendered":"<p>Johnnie Walker Double Black est\u00e1 inspirado en las notas ic\u00f3nicas de Johnnie Walker Black Label, acentu\u00e1ndolas para crear una mezcla con una intensidad sin precedentes.<\/p>\n<p>Johnnie Walker Double Black es una mezcla intensamente ahumada. Tiene influencias de maltas procedentes de la Costa Oeste Escocesa y la regi\u00f3n de las Islas. La evidencia est\u00e1 en las notas de humo de turba, pasas y frutas -manzanas, peras y c\u00edtricos-. Estas se convierten en vainillas dulces y especias. Transita a c\u00e1lidas y persistentes notas amaderadas de roble y humo.<\/p>\n<p>ABV 40% &#8211; 1000 ml.<\/p>\n","protected":false},"featured_media":16393,"comment_status":"open","ping_status":"closed","template":"","meta":[],"product_brand":[],"product_cat":[71],"product_tag":[153,113,110],"class_list":{"0":"post-16392","1":"product","2":"type-product","3":"status-publish","4":"has-post-thumbnail","6":"product_cat-blends","7":"product_tag-blend","8":"product_tag-whisky-ahumado","9":"product_tag-whisky-escoces","11":"first","12":"instock","13":"shipping-taxable","14":"purchasable","15":"product-type-simple"},"_links":{"self":[{"href":"https:\/\/lawhiskeria.cr\/index.php?rest_route=\/wp\/v2\/product\/16392","targetHints":{"allow":["GET"]}}],"collection":[{"href":"https:\/\/lawhiskeria.cr\/index.php?rest_route=\/wp\/v2\/product"}],"about":[{"href":"https:\/\/lawhiskeria.cr\/index.php?rest_route=\/wp\/v2\/types\/product"}],"replies":[{"embeddable":true,"href":"https:\/\/lawhiskeria.cr\/index.php?rest_route=%2Fwp%2Fv2%2Fcomments&post=16392"}],"version-history":[{"count":1,"href":"https:\/\/lawhiskeria.cr\/index.php?rest_route=\/wp\/v2\/product\/16392\/revisions"}],"predecessor-version":[{"id":16394,"href":"https:\/\/lawhiskeria.cr\/index.php?rest_route=\/wp\/v2\/product\/16392\/revisions\/16394"}],"wp:featuredmedia":[{"embeddable":true,"href":"https:\/\/lawhiskeria.cr\/index.php?rest_route=\/wp\/v2\/media\/16393"}],"wp:attachment":[{"href":"https:\/\/lawhiskeria.cr\/index.php?rest_route=%2Fwp%2Fv2%2Fmedia&parent=16392"}],"wp:term":[{"taxonomy":"product_brand","embeddable":true,"href":"https:\/\/lawhiskeria.cr\/index.php?rest_route=%2Fwp%2Fv2%2Fproduct_brand&post=16392"},{"taxonomy":"product_cat","embeddable":true,"href":"https:\/\/lawhiskeria.cr\/index.php?rest_route=%2Fwp%2Fv2%2Fproduct_cat&post=16392"},{"taxonomy":"product_tag","embeddable":true,"href":"https:\/\/lawhiskeria.cr\/index.php?rest_route=%2Fwp%2Fv2%2Fproduct_tag&post=16392"}],"curies":[{"name":"wp","href":"https:\/\/api.w.org\/{rel}","templated":true}]}}