{"id":16386,"date":"2024-03-14T02:57:47","date_gmt":"2024-03-14T02:57:47","guid":{"rendered":"https:\/\/stag.lawhiskeria.cr\/?post_type=product&#038;p=16386"},"modified":"2024-11-03T22:55:24","modified_gmt":"2024-11-03T22:55:24","slug":"johnnie-walker-black-label-12-anos-air-ink","status":"publish","type":"product","link":"https:\/\/lawhiskeria.cr\/?product=johnnie-walker-black-label-12-anos-air-ink","title":{"rendered":"Johnnie Walker Black Label 12 a\u00f1os &#8211; Air Ink"},"content":{"rendered":"","protected":false},"excerpt":{"rendered":"<p>Johnnie Walker presenta su edici\u00f3n limitada <strong>\u201cKeep Walking City Collection\u201d<\/strong> dise\u00f1ada por artistas locales de 11 ciudades del mundo, utilizando tinta extra\u00edda de la contaminaci\u00f3n del aire. Nuestra capital fue elegida entre estas 11 ciudades para tener su propia botella de Black Label Air Ink, una verdadera obra de arte que merece ser exhibida como tal, en donde cada elemento plasmado en ella, se ha visualizado como algo \u00fanico y exclusivo.<\/p>\n<p><strong>San Jos\u00e9<\/strong> es la primera y \u00fanica edici\u00f3n de Centroam\u00e9rica y la segunda de Latinoam\u00e9rica, despu\u00e9s de la Ciudad de M\u00e9xico. Solo 2500 botellas de esta edici\u00f3n se pusieron a la venta.<\/p>\n<p><strong>ABV 40% &#8211; 750 ml.<\/strong><\/p>\n<p><iframe loading=\"lazy\" width=\"560\" height=\"315\" src=\"https:\/\/www.youtube.com\/embed\/rTcM9u_0IjA?si=8EXVe97VDOeSITbK&amp;start=3196\" title=\"YouTube video player\" frameborder=\"0\" allow=\"accelerometer; autoplay; clipboard-write; encrypted-media; gyroscope; picture-in-picture; web-share\" referrerpolicy=\"strict-origin-when-cross-origin\" allowfullscreen><\/iframe><\/p>\n","protected":false},"featured_media":16387,"comment_status":"open","ping_status":"closed","template":"","meta":[],"product_brand":[],"product_cat":[71],"product_tag":[193,153,110],"class_list":{"0":"post-16386","1":"product","2":"type-product","3":"status-publish","4":"has-post-thumbnail","6":"product_cat-blends","7":"product_tag-air-ink","8":"product_tag-blend","9":"product_tag-whisky-escoces","11":"first","12":"instock","13":"shipping-taxable","14":"purchasable","15":"product-type-simple"},"_links":{"self":[{"href":"https:\/\/lawhiskeria.cr\/index.php?rest_route=\/wp\/v2\/product\/16386","targetHints":{"allow":["GET"]}}],"collection":[{"href":"https:\/\/lawhiskeria.cr\/index.php?rest_route=\/wp\/v2\/product"}],"about":[{"href":"https:\/\/lawhiskeria.cr\/index.php?rest_route=\/wp\/v2\/types\/product"}],"replies":[{"embeddable":true,"href":"https:\/\/lawhiskeria.cr\/index.php?rest_route=%2Fwp%2Fv2%2Fcomments&post=16386"}],"version-history":[{"count":2,"href":"https:\/\/lawhiskeria.cr\/index.php?rest_route=\/wp\/v2\/product\/16386\/revisions"}],"predecessor-version":[{"id":17846,"href":"https:\/\/lawhiskeria.cr\/index.php?rest_route=\/wp\/v2\/product\/16386\/revisions\/17846"}],"wp:featuredmedia":[{"embeddable":true,"href":"https:\/\/lawhiskeria.cr\/index.php?rest_route=\/wp\/v2\/media\/16387"}],"wp:attachment":[{"href":"https:\/\/lawhiskeria.cr\/index.php?rest_route=%2Fwp%2Fv2%2Fmedia&parent=16386"}],"wp:term":[{"taxonomy":"product_brand","embeddable":true,"href":"https:\/\/lawhiskeria.cr\/index.php?rest_route=%2Fwp%2Fv2%2Fproduct_brand&post=16386"},{"taxonomy":"product_cat","embeddable":true,"href":"https:\/\/lawhiskeria.cr\/index.php?rest_route=%2Fwp%2Fv2%2Fproduct_cat&post=16386"},{"taxonomy":"product_tag","embeddable":true,"href":"https:\/\/lawhiskeria.cr\/index.php?rest_route=%2Fwp%2Fv2%2Fproduct_tag&post=16386"}],"curies":[{"name":"wp","href":"https:\/\/api.w.org\/{rel}","templated":true}]}}