{"id":16375,"date":"2024-03-14T02:42:29","date_gmt":"2024-03-14T02:42:29","guid":{"rendered":"https:\/\/stag.lawhiskeria.cr\/?post_type=product&#038;p=16375"},"modified":"2024-10-29T22:03:01","modified_gmt":"2024-10-29T22:03:01","slug":"johnnie-walker-12-anos-sherry-finish","status":"publish","type":"product","link":"https:\/\/lawhiskeria.cr\/?product=johnnie-walker-12-anos-sherry-finish","title":{"rendered":"Johnnie Walker 12 a\u00f1os Sherry Finish"},"content":{"rendered":"","protected":false},"excerpt":{"rendered":"<p style=\"font-weight: 400;\"><b><strong>Johnnie Walker Black Label Sherry Finish<\/strong><\/b>, una nueva edici\u00f3n de Black Label, es un whisky escoc\u00e9s din\u00e1mico, sedoso y suave; madurado durante al menos 12 a\u00f1os en barricas sazonadas con jerez. Ofrece sabores de los cuatro rincones de Escocia, con frutas dulces y especias de destiler\u00edas como\u00a0<b><strong>Clynelish<\/strong><\/b>\u00a0en las Tierras Altas y\u00a0<b><strong>Cardhu<\/strong><\/b>\u00a0en Speyside, caramelo cremoso, dulzura similar a la miel y vainilla de las destiler\u00edas de las Tierras Bajas como\u00a0<b><strong>Cameronbridge y Glenkinchie<\/strong><\/b>\u00a0envueltos en una capa de humo de\u00a0<b><strong>Caol Ila<\/strong><\/b>\u00a0en las Islas.<\/p>\n<p style=\"font-weight: 400;\">La nueva edici\u00f3n de\u00a0<b><strong>Johnnie Walker Black Label Sherry Finish<\/strong><\/b>\u00a0tiene todos los sabores de Johnnie Walker Black Label rociados con la suave dulzura de los higos y las ciruelas envueltos en humo a trav\u00e9s del chocolate amargo y el caf\u00e9 que proviene de las barricas sazonadas con jerez. Es perfecto para una noche con dulces como frutos negros, nueces y chocolate. Tambi\u00e9n un regalo perfecto para regalar a quien le da sabor a la vida.<\/p>\n<p style=\"font-weight: 400;\"><b><strong>ABV 40% &#8211; 750 ml.es<\/strong><\/b><\/p>\n","protected":false},"featured_media":16376,"comment_status":"open","ping_status":"closed","template":"","meta":[],"product_brand":[],"product_cat":[71],"product_tag":[153,109,110],"class_list":{"0":"post-16375","1":"product","2":"type-product","3":"status-publish","4":"has-post-thumbnail","6":"product_cat-blends","7":"product_tag-blend","8":"product_tag-escocia","9":"product_tag-whisky-escoces","11":"first","12":"instock","13":"shipping-taxable","14":"purchasable","15":"product-type-simple"},"_links":{"self":[{"href":"https:\/\/lawhiskeria.cr\/index.php?rest_route=\/wp\/v2\/product\/16375","targetHints":{"allow":["GET"]}}],"collection":[{"href":"https:\/\/lawhiskeria.cr\/index.php?rest_route=\/wp\/v2\/product"}],"about":[{"href":"https:\/\/lawhiskeria.cr\/index.php?rest_route=\/wp\/v2\/types\/product"}],"replies":[{"embeddable":true,"href":"https:\/\/lawhiskeria.cr\/index.php?rest_route=%2Fwp%2Fv2%2Fcomments&post=16375"}],"version-history":[{"count":1,"href":"https:\/\/lawhiskeria.cr\/index.php?rest_route=\/wp\/v2\/product\/16375\/revisions"}],"predecessor-version":[{"id":16377,"href":"https:\/\/lawhiskeria.cr\/index.php?rest_route=\/wp\/v2\/product\/16375\/revisions\/16377"}],"wp:featuredmedia":[{"embeddable":true,"href":"https:\/\/lawhiskeria.cr\/index.php?rest_route=\/wp\/v2\/media\/16376"}],"wp:attachment":[{"href":"https:\/\/lawhiskeria.cr\/index.php?rest_route=%2Fwp%2Fv2%2Fmedia&parent=16375"}],"wp:term":[{"taxonomy":"product_brand","embeddable":true,"href":"https:\/\/lawhiskeria.cr\/index.php?rest_route=%2Fwp%2Fv2%2Fproduct_brand&post=16375"},{"taxonomy":"product_cat","embeddable":true,"href":"https:\/\/lawhiskeria.cr\/index.php?rest_route=%2Fwp%2Fv2%2Fproduct_cat&post=16375"},{"taxonomy":"product_tag","embeddable":true,"href":"https:\/\/lawhiskeria.cr\/index.php?rest_route=%2Fwp%2Fv2%2Fproduct_tag&post=16375"}],"curies":[{"name":"wp","href":"https:\/\/api.w.org\/{rel}","templated":true}]}}