{"id":16365,"date":"2024-03-14T02:19:12","date_gmt":"2024-03-14T02:19:12","guid":{"rendered":"https:\/\/stag.lawhiskeria.cr\/?post_type=product&#038;p=16365"},"modified":"2025-11-26T19:27:47","modified_gmt":"2025-11-26T19:27:47","slug":"jameson-caskmates-stout-edition","status":"publish","type":"product","link":"https:\/\/lawhiskeria.cr\/?product=jameson-caskmates-stout-edition","title":{"rendered":"Jameson Caskmates Stout Edition"},"content":{"rendered":"","protected":false},"excerpt":{"rendered":"<p class=\"text-align-justify\">Jameson es el whisky irland\u00e9s m\u00e1s popular del mundo, con m\u00e1s de 20 millones de botellas vendidas por a\u00f1o y presencia en m\u00e1s de 120 pa\u00edses del mundo.<\/p>\n<p class=\"text-align-justify\">Es reconocido por su suavidad, balance y versatilidad, lo que lo hace f\u00e1cil de mezclar con refrescos de cola o agregarlo a cocteles.<\/p>\n<p class=\"text-align-justify\">La destiler\u00eda fue fundada por John Jameson en 1780 en un local de Bow Street en el centro de Dubl\u00edn, y en 1975 la producci\u00f3n se traslada a la destiler\u00eda de Midleton en el condado irland\u00e9s de Cork. La empresa ahora forma parte del conglomerado de bebidas de Pernod Ricard, volumen: 1000 ml. ABV:40%<\/p>\n<p class=\"text-align-justify\"><strong>Aroma<\/strong><br \/>\nAroma inicial a heno fresco complementado con suaves aromas a frutas de huerto como manzanas verdes y peras, con una pizca de rayadura de lim\u00f3n. Surgen adem\u00e1s ligeras notas de alambique, que oscilan entre el t\u00e9 verde, la avellana y el chocolate de leche.<\/p>\n<p class=\"text-align-justify\"><strong>Sabor<\/strong><br \/>\nEl distintivo y caracter\u00edstico sabor dulce a alambique irland\u00e9s es complementado con aromas sutiles a malta y granos de cocoa otorgados por la cerveza.<\/p>\n<p class=\"text-align-justify\"><strong>Notas finales<\/strong><br \/>\nFinal largo y suave con chocolate de leche y caramelo con mantequilla.<\/p>\n","protected":false},"featured_media":16366,"comment_status":"open","ping_status":"closed","template":"","meta":[],"product_brand":[],"product_cat":[32,71],"product_tag":[153,187],"class_list":{"0":"post-16365","1":"product","2":"type-product","3":"status-publish","4":"has-post-thumbnail","6":"product_cat-whisky","7":"product_cat-blends","8":"product_tag-blend","9":"product_tag-whiskey-irlandes","11":"first","12":"instock","13":"shipping-taxable","14":"purchasable","15":"product-type-simple"},"_links":{"self":[{"href":"https:\/\/lawhiskeria.cr\/index.php?rest_route=\/wp\/v2\/product\/16365","targetHints":{"allow":["GET"]}}],"collection":[{"href":"https:\/\/lawhiskeria.cr\/index.php?rest_route=\/wp\/v2\/product"}],"about":[{"href":"https:\/\/lawhiskeria.cr\/index.php?rest_route=\/wp\/v2\/types\/product"}],"replies":[{"embeddable":true,"href":"https:\/\/lawhiskeria.cr\/index.php?rest_route=%2Fwp%2Fv2%2Fcomments&post=16365"}],"version-history":[{"count":1,"href":"https:\/\/lawhiskeria.cr\/index.php?rest_route=\/wp\/v2\/product\/16365\/revisions"}],"predecessor-version":[{"id":16367,"href":"https:\/\/lawhiskeria.cr\/index.php?rest_route=\/wp\/v2\/product\/16365\/revisions\/16367"}],"wp:featuredmedia":[{"embeddable":true,"href":"https:\/\/lawhiskeria.cr\/index.php?rest_route=\/wp\/v2\/media\/16366"}],"wp:attachment":[{"href":"https:\/\/lawhiskeria.cr\/index.php?rest_route=%2Fwp%2Fv2%2Fmedia&parent=16365"}],"wp:term":[{"taxonomy":"product_brand","embeddable":true,"href":"https:\/\/lawhiskeria.cr\/index.php?rest_route=%2Fwp%2Fv2%2Fproduct_brand&post=16365"},{"taxonomy":"product_cat","embeddable":true,"href":"https:\/\/lawhiskeria.cr\/index.php?rest_route=%2Fwp%2Fv2%2Fproduct_cat&post=16365"},{"taxonomy":"product_tag","embeddable":true,"href":"https:\/\/lawhiskeria.cr\/index.php?rest_route=%2Fwp%2Fv2%2Fproduct_tag&post=16365"}],"curies":[{"name":"wp","href":"https:\/\/api.w.org\/{rel}","templated":true}]}}