{"id":16356,"date":"2024-03-14T02:06:36","date_gmt":"2024-03-14T02:06:36","guid":{"rendered":"https:\/\/stag.lawhiskeria.cr\/?post_type=product&#038;p=16356"},"modified":"2024-10-29T23:48:50","modified_gmt":"2024-10-29T23:48:50","slug":"iwai-mars-whisky","status":"publish","type":"product","link":"https:\/\/lawhiskeria.cr\/?product=iwai-mars-whisky","title":{"rendered":"Iwai Mars Japanese Whisky"},"content":{"rendered":"","protected":false},"excerpt":{"rendered":"<p>Nombrado en honor al pionero del whisky japon\u00e9s, Kiichiro Iwai, quien trabaj\u00f3 en estrecha colaboraci\u00f3n con la destiler\u00eda Mars cuando inicialmente desarroll\u00f3 sus alambiques y t\u00e9cnicas de producci\u00f3n, este whisky mezclado es destilado a partir de un pur\u00e9 de 70% de ma\u00edz y 30% de cebada malteada, y se envejece por un m\u00ednimo de dos a\u00f1os en barricas exclusivamente ex-bourbon. Este whisky es producido en la destiler\u00eda Mars Shinshu, que actualmente es la destiler\u00eda m\u00e1s alta de Jap\u00f3n a 800 metros de altura, y se encuentra ubicada en el pueblo de Miyada, en la prefectura de Nagano, al pie del monte Kisokoma, en los Alpes centrales japoneses.<\/p>\n<p>Notas de cata<\/p>\n<p><strong>Color:<\/strong> \u00c1mbar oscuro<\/p>\n<p><strong>Aromas:<\/strong> Una nariz delicada de canela y az\u00facar brul\u00e9<\/p>\n<p><strong>Sabor:<\/strong> Dulce con sabores frutales a pera, membrillo y notas a frutas rojas y vainilla.<\/p>\n<p><strong>Final:<\/strong> Largo con notas de dulzura.<\/p>\n<p><strong>ABV 40% &#8211; 750 ml.<\/strong><\/p>\n","protected":false},"featured_media":16357,"comment_status":"open","ping_status":"closed","template":"","meta":[],"product_brand":[],"product_cat":[71],"product_tag":[153,106,186],"class_list":{"0":"post-16356","1":"product","2":"type-product","3":"status-publish","4":"has-post-thumbnail","6":"product_cat-blends","7":"product_tag-blend","8":"product_tag-japanesse-whisky","9":"product_tag-whisky-japones","11":"first","12":"instock","13":"shipping-taxable","14":"purchasable","15":"product-type-simple"},"_links":{"self":[{"href":"https:\/\/lawhiskeria.cr\/index.php?rest_route=\/wp\/v2\/product\/16356","targetHints":{"allow":["GET"]}}],"collection":[{"href":"https:\/\/lawhiskeria.cr\/index.php?rest_route=\/wp\/v2\/product"}],"about":[{"href":"https:\/\/lawhiskeria.cr\/index.php?rest_route=\/wp\/v2\/types\/product"}],"replies":[{"embeddable":true,"href":"https:\/\/lawhiskeria.cr\/index.php?rest_route=%2Fwp%2Fv2%2Fcomments&post=16356"}],"version-history":[{"count":2,"href":"https:\/\/lawhiskeria.cr\/index.php?rest_route=\/wp\/v2\/product\/16356\/revisions"}],"predecessor-version":[{"id":17608,"href":"https:\/\/lawhiskeria.cr\/index.php?rest_route=\/wp\/v2\/product\/16356\/revisions\/17608"}],"wp:featuredmedia":[{"embeddable":true,"href":"https:\/\/lawhiskeria.cr\/index.php?rest_route=\/wp\/v2\/media\/16357"}],"wp:attachment":[{"href":"https:\/\/lawhiskeria.cr\/index.php?rest_route=%2Fwp%2Fv2%2Fmedia&parent=16356"}],"wp:term":[{"taxonomy":"product_brand","embeddable":true,"href":"https:\/\/lawhiskeria.cr\/index.php?rest_route=%2Fwp%2Fv2%2Fproduct_brand&post=16356"},{"taxonomy":"product_cat","embeddable":true,"href":"https:\/\/lawhiskeria.cr\/index.php?rest_route=%2Fwp%2Fv2%2Fproduct_cat&post=16356"},{"taxonomy":"product_tag","embeddable":true,"href":"https:\/\/lawhiskeria.cr\/index.php?rest_route=%2Fwp%2Fv2%2Fproduct_tag&post=16356"}],"curies":[{"name":"wp","href":"https:\/\/api.w.org\/{rel}","templated":true}]}}