{"id":16337,"date":"2024-03-14T01:23:17","date_gmt":"2024-03-14T01:23:17","guid":{"rendered":"https:\/\/stag.lawhiskeria.cr\/?post_type=product&#038;p=16337"},"modified":"2025-12-22T18:57:28","modified_gmt":"2025-12-22T18:57:28","slug":"grants-18-anos","status":"publish","type":"product","link":"https:\/\/lawhiskeria.cr\/?product=grants-18-anos","title":{"rendered":"Grant&#8217;s 18 a\u00f1os"},"content":{"rendered":"","protected":false},"excerpt":{"rendered":"<p>Grant\u2019s 18 a\u00f1os es una mezcla maestra de los mejores whiskies de grano y maltas procedentes de la Destiler\u00eda Girvan, ubicada en South Ayrshire, Escocia. Todos ellos han sido madurados en barriles de roble por un m\u00ednimo de 18 a\u00f1os; la mezcla es a\u00f1ejada en barriles de Oporto, creando un whisky escoc\u00e9s magnifico, perfectamente equilibrado con una profundidad de gusto considerable.<\/p>\n<p>Grant\u2019s 18 a\u00f1os posee un aroma rico y complejo a miel, especias y nueces, seguidas de notas de vino de oporto con un afrutado delicioso.<\/p>\n<p>En boca se percibe un sabor a pastel de frutas y miel oscura, tambi\u00e9n ricos y exuberantes sabores a oporto. El acabado es sedoso, largo, elegante y lujoso. Con 43% de contenido de alcohol, este whisky es perfecto para tomar solo o a las rocas.<\/p>\n<p>Este whisky ha sido galardonado con numerosos premios: Medalla de Oro al \u201cBest Scotch Blended Whisky\u201d (el mejor Scotch Blended Whisky) en el Intenational Spirits Challenger de 2007; repiti\u00f3 medalla de oro al a\u00f1o siguiente y gan\u00f3 medalla de bronce en 2009. Gan\u00f3 medalla de oro en el 2008 Scotch Whisky Masters, 2009 International Wine and Spirit Competition (IWSC), entre otros.<\/p>\n<p><strong>ABV 40% &#8211; 700 ml.<\/strong><\/p>\n","protected":false},"featured_media":16338,"comment_status":"open","ping_status":"closed","template":"","meta":[],"product_brand":[],"product_cat":[71],"product_tag":[153,110],"class_list":{"0":"post-16337","1":"product","2":"type-product","3":"status-publish","4":"has-post-thumbnail","6":"product_cat-blends","7":"product_tag-blend","8":"product_tag-whisky-escoces","10":"first","11":"outofstock","12":"shipping-taxable","13":"purchasable","14":"product-type-simple"},"_links":{"self":[{"href":"https:\/\/lawhiskeria.cr\/index.php?rest_route=\/wp\/v2\/product\/16337","targetHints":{"allow":["GET"]}}],"collection":[{"href":"https:\/\/lawhiskeria.cr\/index.php?rest_route=\/wp\/v2\/product"}],"about":[{"href":"https:\/\/lawhiskeria.cr\/index.php?rest_route=\/wp\/v2\/types\/product"}],"replies":[{"embeddable":true,"href":"https:\/\/lawhiskeria.cr\/index.php?rest_route=%2Fwp%2Fv2%2Fcomments&post=16337"}],"version-history":[{"count":1,"href":"https:\/\/lawhiskeria.cr\/index.php?rest_route=\/wp\/v2\/product\/16337\/revisions"}],"predecessor-version":[{"id":16339,"href":"https:\/\/lawhiskeria.cr\/index.php?rest_route=\/wp\/v2\/product\/16337\/revisions\/16339"}],"wp:featuredmedia":[{"embeddable":true,"href":"https:\/\/lawhiskeria.cr\/index.php?rest_route=\/wp\/v2\/media\/16338"}],"wp:attachment":[{"href":"https:\/\/lawhiskeria.cr\/index.php?rest_route=%2Fwp%2Fv2%2Fmedia&parent=16337"}],"wp:term":[{"taxonomy":"product_brand","embeddable":true,"href":"https:\/\/lawhiskeria.cr\/index.php?rest_route=%2Fwp%2Fv2%2Fproduct_brand&post=16337"},{"taxonomy":"product_cat","embeddable":true,"href":"https:\/\/lawhiskeria.cr\/index.php?rest_route=%2Fwp%2Fv2%2Fproduct_cat&post=16337"},{"taxonomy":"product_tag","embeddable":true,"href":"https:\/\/lawhiskeria.cr\/index.php?rest_route=%2Fwp%2Fv2%2Fproduct_tag&post=16337"}],"curies":[{"name":"wp","href":"https:\/\/api.w.org\/{rel}","templated":true}]}}