{"id":16332,"date":"2024-03-14T01:16:06","date_gmt":"2024-03-14T01:16:06","guid":{"rendered":"https:\/\/stag.lawhiskeria.cr\/?post_type=product&#038;p=16332"},"modified":"2024-10-29T05:27:10","modified_gmt":"2024-10-29T05:27:10","slug":"dewars-white-label-1l","status":"publish","type":"product","link":"https:\/\/lawhiskeria.cr\/?product=dewars-white-label-1l","title":{"rendered":"Dewar&#8217;s White Label 1L."},"content":{"rendered":"","protected":false},"excerpt":{"rendered":"<p>Dewar&#8217;s White Label es la mezcla insignia de Dewar\u2019s. Naci\u00f3 en 1899, un a\u00f1o despu\u00e9s de que comenzara la producci\u00f3n en Aberfeldy, la nueva destiler\u00eda de Dewar\u2019s. Se caracteriza por ser un whisky de cinco a\u00f1os que recibe un doble envejecimiento para obtener una mayor suavidad.<\/p>\n<p>Su sabor \u00fanico e ic\u00f3nica etiqueta blanca lograron que se estableciera como uno de los whiskies escoceses mezclados l\u00edderes en todo el mundo, logrando obtener cientos de medallas y premios en m\u00e1s de 20 pa\u00edses.<\/p>\n<p>De color dorado p\u00e1lido, su cuerpo se caracteriza por su gran equilibrio, toques ligeros de vainilla, licor y caf\u00e9, dulzura sinuosa a la miel y con una reminiscencia general de los c\u00edtricos.<\/p>\n<p>ABV 40% 1000 ml.<\/p>\n","protected":false},"featured_media":16330,"comment_status":"open","ping_status":"closed","template":"","meta":[],"product_brand":[],"product_cat":[71],"product_tag":[153,110],"class_list":{"0":"post-16332","1":"product","2":"type-product","3":"status-publish","4":"has-post-thumbnail","6":"product_cat-blends","7":"product_tag-blend","8":"product_tag-whisky-escoces","10":"first","11":"instock","12":"shipping-taxable","13":"purchasable","14":"product-type-simple"},"_links":{"self":[{"href":"https:\/\/lawhiskeria.cr\/index.php?rest_route=\/wp\/v2\/product\/16332","targetHints":{"allow":["GET"]}}],"collection":[{"href":"https:\/\/lawhiskeria.cr\/index.php?rest_route=\/wp\/v2\/product"}],"about":[{"href":"https:\/\/lawhiskeria.cr\/index.php?rest_route=\/wp\/v2\/types\/product"}],"replies":[{"embeddable":true,"href":"https:\/\/lawhiskeria.cr\/index.php?rest_route=%2Fwp%2Fv2%2Fcomments&post=16332"}],"version-history":[{"count":1,"href":"https:\/\/lawhiskeria.cr\/index.php?rest_route=\/wp\/v2\/product\/16332\/revisions"}],"predecessor-version":[{"id":16333,"href":"https:\/\/lawhiskeria.cr\/index.php?rest_route=\/wp\/v2\/product\/16332\/revisions\/16333"}],"wp:featuredmedia":[{"embeddable":true,"href":"https:\/\/lawhiskeria.cr\/index.php?rest_route=\/wp\/v2\/media\/16330"}],"wp:attachment":[{"href":"https:\/\/lawhiskeria.cr\/index.php?rest_route=%2Fwp%2Fv2%2Fmedia&parent=16332"}],"wp:term":[{"taxonomy":"product_brand","embeddable":true,"href":"https:\/\/lawhiskeria.cr\/index.php?rest_route=%2Fwp%2Fv2%2Fproduct_brand&post=16332"},{"taxonomy":"product_cat","embeddable":true,"href":"https:\/\/lawhiskeria.cr\/index.php?rest_route=%2Fwp%2Fv2%2Fproduct_cat&post=16332"},{"taxonomy":"product_tag","embeddable":true,"href":"https:\/\/lawhiskeria.cr\/index.php?rest_route=%2Fwp%2Fv2%2Fproduct_tag&post=16332"}],"curies":[{"name":"wp","href":"https:\/\/api.w.org\/{rel}","templated":true}]}}