{"id":16320,"date":"2024-03-14T01:01:14","date_gmt":"2024-03-14T01:01:14","guid":{"rendered":"https:\/\/stag.lawhiskeria.cr\/?post_type=product&#038;p=16320"},"modified":"2025-11-09T22:57:34","modified_gmt":"2025-11-09T22:57:34","slug":"dewars-15-anos-the-monarch","status":"publish","type":"product","link":"https:\/\/lawhiskeria.cr\/?product=dewars-15-anos-the-monarch","title":{"rendered":"Dewar&#8217;s 15 a\u00f1os &#8220;The Monarch&#8221;"},"content":{"rendered":"","protected":false},"excerpt":{"rendered":"<p>El whisky escoc\u00e9s\u00a0<strong>Dewar\u2019s 15 a\u00f1os<\/strong>\u00a0fue creado por\u00a0<strong>Stephanie Macleod<\/strong>\u00a0para lograr una versi\u00f3n m\u00e1s suave y dulce de la mezcla original de Dewar\u2019s. Es elaborado con los mejores ingredientes y doblemente envejecido en barricas de jerez y bourbon para alcanzar delicadas notas dulces y florales. Dewar\u2019s es el whisky escoc\u00e9s mezclado m\u00e1s premiado del mundo, con m\u00e1s de 1000 medallas a su haber.<\/p>\n<p><b>Notas de cata<\/b><\/p>\n<p><strong>Color:<\/strong>\u00a0\u00c1mbar.<\/p>\n<p><strong>Nariz:<\/strong>\u00a0Miel, fruta y c\u00edtricos.<\/p>\n<p><strong>Gusto:<\/strong>\u00a0Dulce, con notas a nueces, vainilla, frutas deshidratadas y caramelo.<\/p>\n<p><strong>Final:<\/strong>\u00a0Dulce con un toque herbal.<\/p>\n<p><strong>ABV 40% &#8211; 750 ml.<\/strong><\/p>\n","protected":false},"featured_media":16321,"comment_status":"open","ping_status":"closed","template":"","meta":[],"product_brand":[],"product_cat":[32,71],"product_tag":[153,110],"class_list":{"0":"post-16320","1":"product","2":"type-product","3":"status-publish","4":"has-post-thumbnail","6":"product_cat-whisky","7":"product_cat-blends","8":"product_tag-blend","9":"product_tag-whisky-escoces","11":"first","12":"instock","13":"shipping-taxable","14":"purchasable","15":"product-type-simple"},"_links":{"self":[{"href":"https:\/\/lawhiskeria.cr\/index.php?rest_route=\/wp\/v2\/product\/16320","targetHints":{"allow":["GET"]}}],"collection":[{"href":"https:\/\/lawhiskeria.cr\/index.php?rest_route=\/wp\/v2\/product"}],"about":[{"href":"https:\/\/lawhiskeria.cr\/index.php?rest_route=\/wp\/v2\/types\/product"}],"replies":[{"embeddable":true,"href":"https:\/\/lawhiskeria.cr\/index.php?rest_route=%2Fwp%2Fv2%2Fcomments&post=16320"}],"version-history":[{"count":1,"href":"https:\/\/lawhiskeria.cr\/index.php?rest_route=\/wp\/v2\/product\/16320\/revisions"}],"predecessor-version":[{"id":16322,"href":"https:\/\/lawhiskeria.cr\/index.php?rest_route=\/wp\/v2\/product\/16320\/revisions\/16322"}],"wp:featuredmedia":[{"embeddable":true,"href":"https:\/\/lawhiskeria.cr\/index.php?rest_route=\/wp\/v2\/media\/16321"}],"wp:attachment":[{"href":"https:\/\/lawhiskeria.cr\/index.php?rest_route=%2Fwp%2Fv2%2Fmedia&parent=16320"}],"wp:term":[{"taxonomy":"product_brand","embeddable":true,"href":"https:\/\/lawhiskeria.cr\/index.php?rest_route=%2Fwp%2Fv2%2Fproduct_brand&post=16320"},{"taxonomy":"product_cat","embeddable":true,"href":"https:\/\/lawhiskeria.cr\/index.php?rest_route=%2Fwp%2Fv2%2Fproduct_cat&post=16320"},{"taxonomy":"product_tag","embeddable":true,"href":"https:\/\/lawhiskeria.cr\/index.php?rest_route=%2Fwp%2Fv2%2Fproduct_tag&post=16320"}],"curies":[{"name":"wp","href":"https:\/\/api.w.org\/{rel}","templated":true}]}}